{"id":22544,"date":"2024-02-13T17:16:50","date_gmt":"2024-02-13T16:16:50","guid":{"rendered":"https:\/\/www.ostrealia.fr\/home-ostrealia-marine-cosmetics\/"},"modified":"2024-03-26T08:34:39","modified_gmt":"2024-03-26T07:34:39","slug":"home-ostrealia-marine-cosmetics","status":"publish","type":"page","link":"https:\/\/www.ostrealia.fr\/en\/","title":{"rendered":"Home Ostrealia Marine Cosmetics"},"content":{"rendered":"\t\t<div data-elementor-type=\"wp-page\" data-elementor-id=\"22544\" class=\"elementor elementor-22544 elementor-22446\" data-elementor-post-type=\"page\">\n\t\t\t\t<div class=\"elementor-element elementor-element-5feab87 e-con-full e-flex e-con e-parent\" data-id=\"5feab87\" data-element_type=\"container\" data-e-type=\"container\" data-settings=\"{&quot;background_background&quot;:&quot;classic&quot;}\">\n\t\t<div class=\"elementor-element elementor-element-328532a e-con-full e-flex e-con e-child\" data-id=\"328532a\" data-element_type=\"container\" data-e-type=\"container\">\n\t\t\t\t<div class=\"elementor-element elementor-element-b4d77fe elementor-widget elementor-widget-heading\" data-id=\"b4d77fe\" data-element_type=\"widget\" data-e-type=\"widget\" data-widget_type=\"heading.default\">\n\t\t\t\t<div class=\"elementor-widget-container\">\n\t\t\t\t\t<h1 class=\"elementor-heading-title elementor-size-default\">Ostrealia\n<\/h1>\t\t\t\t<\/div>\n\t\t\t\t<\/div>\n\t\t\t\t<div class=\"elementor-element elementor-element-170e9f9e elementor-widget elementor-widget-heading\" data-id=\"170e9f9e\" data-element_type=\"widget\" data-e-type=\"widget\" data-widget_type=\"heading.default\">\n\t\t\t\t<div class=\"elementor-widget-container\">\n\t\t\t\t\t<h4 class=\"elementor-heading-title elementor-size-default\">French Natural marine cosmetics from mother-of-pearl<\/h4>\t\t\t\t<\/div>\n\t\t\t\t<\/div>\n\t\t\t\t<\/div>\n\t\t\t\t<\/div>\n\t\t<div class=\"elementor-element elementor-element-77ff648 e-con-full e-flex e-con e-parent\" data-id=\"77ff648\" data-element_type=\"container\" data-e-type=\"container\">\n\t\t<div class=\"elementor-element elementor-element-97b6d01 e-con-full e-flex e-con e-child\" data-id=\"97b6d01\" data-element_type=\"container\" data-e-type=\"container\">\n\t\t\t\t<div class=\"elementor-element elementor-element-2394ee1 elementor-widget__width-inherit elementor-widget elementor-widget-heading\" data-id=\"2394ee1\" data-element_type=\"widget\" data-e-type=\"widget\" data-widget_type=\"heading.default\">\n\t\t\t\t<div class=\"elementor-widget-container\">\n\t\t\t\t\t<h2 class=\"elementor-heading-title elementor-size-default\">The must-haves<\/h2>\t\t\t\t<\/div>\n\t\t\t\t<\/div>\n\t\t\t\t<div class=\"elementor-element elementor-element-1559d74 raven-atc-button-show elementor-widget-mobile__width-initial raven-categories-show raven-content-layout-content_under_image raven-title-show raven-price-show raven-sale-badge-show raven-price-view-stacked atc-button-location-outside raven-sale-badge-location-left elementor-widget elementor-widget-raven-products-carousel\" data-id=\"1559d74\" data-element_type=\"widget\" data-e-type=\"widget\" data-settings=\"{&quot;query_posts_per_page&quot;:4,&quot;slides_scroll_mobile&quot;:&quot;2&quot;,&quot;slides_view&quot;:&quot;4&quot;,&quot;slides_view_tablet&quot;:&quot;3&quot;,&quot;slides_view_mobile&quot;:&quot;2&quot;,&quot;slides_scroll&quot;:1,&quot;slides_scroll_tablet&quot;:1,&quot;content_layout&quot;:&quot;content_under_image&quot;,&quot;transition_speed&quot;:500,&quot;enable_infinite_loop&quot;:&quot;yes&quot;,&quot;columns_space_between&quot;:{&quot;unit&quot;:&quot;px&quot;,&quot;size&quot;:44,&quot;sizes&quot;:[]},&quot;columns_space_between_tablet&quot;:{&quot;unit&quot;:&quot;px&quot;,&quot;size&quot;:20,&quot;sizes&quot;:[]},&quot;columns_space_between_mobile&quot;:{&quot;unit&quot;:&quot;px&quot;,&quot;size&quot;:10,&quot;sizes&quot;:[]},&quot;pc_atc_button_location&quot;:&quot;outside&quot;,&quot;pc_atc_button_icon&quot;:{&quot;value&quot;:&quot;&quot;,&quot;library&quot;:&quot;&quot;}}\" data-widget_type=\"raven-products-carousel.default\">\n\t\t\t\t<div class=\"elementor-widget-container\">\n\t\t\t\t\t\t\t<div class=\"raven-products-carousel raven-swiper-slider\">\n\t\t\t<div class=\"woocommerce raven-products-carousel-swiper-container swiper  columns-4 \"><ul data-swiper=\"{&quot;rtl&quot;:false}\" class=\"swiper-wrapper swiper-columns-4  products 4\">\n<li class=\"swiper-slide raven-block-hover-animation-none product type-product post-8503 status-publish first instock product_cat-face product_tag-iconiques-en has-post-thumbnail taxable shipping-taxable purchasable product-type-simple\">\n\t<div class=\"jupiterx-products-wrapper \"><div class=\"jupiterx-product-container  \" data-product-id=\"8503\"><a href=\"https:\/\/www.ostrealia.fr\/en\/produit\/serum-anti-age-nacre-elixir-de-perle\/\" class=\"woocommerce-LoopProduct-link woocommerce-loop-product__link\"><div class=jupiterx-wc-loop-product-image-wrapper><a href=https:\/\/www.ostrealia.fr\/en\/produit\/serum-anti-age-nacre-elixir-de-perle\/><div class=\"jupiterx-wc-loop-product-image raven-image-fit\"><div class=\"raven-product-image-overlay\"><\/div><img fetchpriority=\"high\" decoding=\"async\" width=\"1024\" height=\"1024\" src=\"https:\/\/www.ostrealia.fr\/wp-content\/uploads\/elixir-de-perle-ostrealia-serum-1024x1024.png\" class=\"attachment-large size-large\" alt=\"pr\u00e9sentation du S\u00e9rum anti age naturel fran\u00e7ais \u00e0 base de nacre Elixir de perle\" \/><\/div><\/a><\/div><a href=\"https:\/\/www.ostrealia.fr\/en\/produit\/serum-anti-age-nacre-elixir-de-perle\/\" class=\"woocommerce-LoopProduct-link woocommerce-loop-product__link\"><\/a><a href=\"\/en\/wp-json\/wp\/v2\/pages\/22544?add-to-cart=8503\" aria-describedby=\"woocommerce_loop_add_to_cart_link_describedby_8503\" data-quantity=\"1\" class=\"button product_type_simple add_to_cart_button ajax_add_to_cart\" data-product_id=\"8503\" data-product_sku=\"ELIVEN\" aria-label=\"Add to cart: &ldquo;SERUM ANTI AGE \u00c9LIXIR DE PERLE&rdquo;\" rel=\"nofollow\" data-success_message=\"&ldquo;SERUM ANTI AGE \u00c9LIXIR DE PERLE&rdquo; has been added to your cart\"> Add to cart<\/a>\t<span id=\"woocommerce_loop_add_to_cart_link_describedby_8503\" class=\"screen-reader-text\">\n\t\t\t<\/span>\n<\/div><\/div><\/a><\/li>\n<li class=\"swiper-slide raven-block-hover-animation-none product type-product post-8530 status-publish instock product_cat-visage product_tag-iconiques has-post-thumbnail taxable shipping-taxable purchasable product-type-simple\">\n\t<div class=\"jupiterx-products-wrapper \"><div class=\"jupiterx-product-container  \" data-product-id=\"8530\"><a href=\"https:\/\/www.ostrealia.fr\/en\/produit\/creme-collagene-visage-anti-age-collagene-acide-hyaluronique-secret-de-lagune\/\" class=\"woocommerce-LoopProduct-link woocommerce-loop-product__link\"><div class=jupiterx-wc-loop-product-image-wrapper><a href=https:\/\/www.ostrealia.fr\/en\/produit\/creme-collagene-visage-anti-age-collagene-acide-hyaluronique-secret-de-lagune\/><div class=\"jupiterx-wc-loop-product-image raven-image-fit\"><div class=\"raven-product-image-overlay\"><\/div><img decoding=\"async\" width=\"1024\" height=\"1024\" src=\"https:\/\/www.ostrealia.fr\/wp-content\/uploads\/creme-secret-de-lagune-ostrealia-skin-cair-cosmetiques-marins-1024x1024.png\" class=\"attachment-large size-large\" alt=\"pr\u00e9sentation de le cr\u00e8me hydratante \u00e0 l&#039;extrait de nacre et acide hyaluronique Ostrealia Secret de lagune\" \/><\/div><\/a><\/div><a href=\"https:\/\/www.ostrealia.fr\/en\/produit\/creme-collagene-visage-anti-age-collagene-acide-hyaluronique-secret-de-lagune\/\" class=\"woocommerce-LoopProduct-link woocommerce-loop-product__link\"><\/a><a href=\"\/en\/wp-json\/wp\/v2\/pages\/22544?add-to-cart=8530\" aria-describedby=\"woocommerce_loop_add_to_cart_link_describedby_8530\" data-quantity=\"1\" class=\"button product_type_simple add_to_cart_button ajax_add_to_cart\" data-product_id=\"8530\" data-product_sku=\"SECVEN\" aria-label=\"Add to cart: &ldquo;CREME AU COLLAGENE SECRET DE LAGUNE&rdquo;\" rel=\"nofollow\" data-success_message=\"&ldquo;CREME AU COLLAGENE SECRET DE LAGUNE&rdquo; has been added to your cart\"> Add to cart<\/a>\t<span id=\"woocommerce_loop_add_to_cart_link_describedby_8530\" class=\"screen-reader-text\">\n\t\t\t<\/span>\n<\/div><\/div><\/a><\/li>\n<li class=\"swiper-slide raven-block-hover-animation-none product type-product post-21391 status-publish instock product_cat-body-hair product_cat-face product_tag-iconiques-en product_tag-mother-of-pearl has-post-thumbnail taxable shipping-taxable purchasable product-type-simple\">\n\t<div class=\"jupiterx-products-wrapper \"><div class=\"jupiterx-product-container  \" data-product-id=\"21391\"><a href=\"https:\/\/www.ostrealia.fr\/en\/produit\/gommage-corporel-francais-naturel-grain-de-nacre\/\" class=\"woocommerce-LoopProduct-link woocommerce-loop-product__link\"><div class=jupiterx-wc-loop-product-image-wrapper><a href=https:\/\/www.ostrealia.fr\/en\/produit\/gommage-corporel-francais-naturel-grain-de-nacre\/><div class=\"jupiterx-wc-loop-product-image raven-image-fit\"><div class=\"raven-product-image-overlay\"><\/div><img decoding=\"async\" width=\"1024\" height=\"1024\" src=\"https:\/\/www.ostrealia.fr\/wp-content\/uploads\/grain-de-nacre-gommage-ostrealia-cosmetiques-marins-1024x1024.png\" class=\"attachment-large size-large\" alt=\"Introducing the ostrealia body scrub with mother-of-pearl\" \/><\/div><\/a><\/div><a href=\"https:\/\/www.ostrealia.fr\/en\/produit\/gommage-corporel-francais-naturel-grain-de-nacre\/\" class=\"woocommerce-LoopProduct-link woocommerce-loop-product__link\"><\/a><a href=\"\/en\/wp-json\/wp\/v2\/pages\/22544?add-to-cart=21391\" aria-describedby=\"woocommerce_loop_add_to_cart_link_describedby_21391\" data-quantity=\"1\" class=\"button product_type_simple add_to_cart_button ajax_add_to_cart\" data-product_id=\"21391\" data-product_sku=\"GRAVEN\" aria-label=\"Add to cart: &ldquo;MOTHER-OF-PEARL GRAIN SCRUB&rdquo;\" rel=\"nofollow\" data-success_message=\"&ldquo;MOTHER-OF-PEARL GRAIN SCRUB&rdquo; has been added to your cart\"> Add to cart<\/a>\t<span id=\"woocommerce_loop_add_to_cart_link_describedby_21391\" class=\"screen-reader-text\">\n\t\t\t<\/span>\n<\/div><\/div><\/a><\/li>\n<li class=\"swiper-slide raven-block-hover-animation-none product type-product post-8559 status-publish last instock product_cat-face product_tag-iconiques-en has-post-thumbnail taxable shipping-taxable purchasable product-type-simple\">\n\t<div class=\"jupiterx-products-wrapper \"><div class=\"jupiterx-product-container  \" data-product-id=\"8559\"><a href=\"https:\/\/www.ostrealia.fr\/en\/produit\/creme-hydratante-soin-homme-anti-age-3-en-1-homme-de-la-mer\/\" class=\"woocommerce-LoopProduct-link woocommerce-loop-product__link\"><div class=jupiterx-wc-loop-product-image-wrapper><a href=https:\/\/www.ostrealia.fr\/en\/produit\/creme-hydratante-soin-homme-anti-age-3-en-1-homme-de-la-mer\/><div class=\"jupiterx-wc-loop-product-image raven-image-fit\"><div class=\"raven-product-image-overlay\"><\/div><img loading=\"lazy\" decoding=\"async\" width=\"1024\" height=\"1024\" src=\"https:\/\/www.ostrealia.fr\/wp-content\/uploads\/homme-de-la-mer-creme-ostrealia-cosmetiques-marins-1024x1024.png\" class=\"attachment-large size-large\" alt=\"CREME ANTI AGE HOMME DE LA MER\" \/><\/div><\/a><\/div><a href=\"https:\/\/www.ostrealia.fr\/en\/produit\/creme-hydratante-soin-homme-anti-age-3-en-1-homme-de-la-mer\/\" class=\"woocommerce-LoopProduct-link woocommerce-loop-product__link\"><\/a><a href=\"\/en\/wp-json\/wp\/v2\/pages\/22544?add-to-cart=8559\" aria-describedby=\"woocommerce_loop_add_to_cart_link_describedby_8559\" data-quantity=\"1\" class=\"button product_type_simple add_to_cart_button ajax_add_to_cart\" data-product_id=\"8559\" data-product_sku=\"HOMVEN\" aria-label=\"Add to cart: &ldquo;CREME ANTI AGE HOMME DE LA MER&rdquo;\" rel=\"nofollow\" data-success_message=\"&ldquo;CREME ANTI AGE HOMME DE LA MER&rdquo; has been added to your cart\"> Add to cart<\/a>\t<span id=\"woocommerce_loop_add_to_cart_link_describedby_8559\" class=\"screen-reader-text\">\n\t\t\t<\/span>\n<\/div><\/div><\/a><\/li>\n<\/ul>\n<\/div><div class=\"swiper-pagination bullets-pagination-type\"><\/div>\t\t\t<div class=\"swiper-button-prev\"><\/div>\n\t\t\t<div class=\"swiper-button-next\"><\/div>\n\t\t<\/div>\n\t\t\t\t\t\t<\/div>\n\t\t\t\t<\/div>\n\t\t\t\t<\/div>\n\t\t\t\t<\/div>\n\t\t<div class=\"elementor-element elementor-element-fb27f3c e-flex e-con-boxed e-con e-parent\" data-id=\"fb27f3c\" data-element_type=\"container\" data-e-type=\"container\" data-settings=\"{&quot;background_background&quot;:&quot;classic&quot;}\">\n\t\t\t\t\t<div class=\"e-con-inner\">\n\t\t\t\t\t<\/div>\n\t\t\t\t<\/div>\n\t\t<div class=\"elementor-element elementor-element-ec05868 e-flex e-con-boxed e-con e-parent\" data-id=\"ec05868\" data-element_type=\"container\" data-e-type=\"container\">\n\t\t\t\t\t<div class=\"e-con-inner\">\n\t\t<div class=\"elementor-element elementor-element-1b9181 e-con-full e-flex e-con e-child\" data-id=\"1b9181\" data-element_type=\"container\" data-e-type=\"container\">\n\t\t\t\t<div class=\"elementor-element elementor-element-565c0a5b elementor-widget elementor-widget-image\" data-id=\"565c0a5b\" data-element_type=\"widget\" data-e-type=\"widget\" data-widget_type=\"image.default\">\n\t\t\t\t<div class=\"elementor-widget-container\">\n\t\t\t\t\t\t\t\t\t\t\t\t\t\t\t<img decoding=\"async\" src=\"https:\/\/www.ostrealia.fr\/wp-content\/uploads\/elementor\/thumbs\/nacre-cosmetiques-ostrealia-qb3dfw1b7mi09vxwy6bfu34jbmkfbxubmzzskcos48.jpg\" title=\"nacre-cosm\u00e9tiques-ostr\u00e9alia\" alt=\"nacre-cosm\u00e9tiques-ostr\u00e9alia\" loading=\"lazy\" \/>\t\t\t\t\t\t\t\t\t\t\t\t\t\t\t<\/div>\n\t\t\t\t<\/div>\n\t\t\t\t<\/div>\n\t\t<div class=\"elementor-element elementor-element-31c5b0bd e-con-full e-flex e-con e-child\" data-id=\"31c5b0bd\" data-element_type=\"container\" data-e-type=\"container\" data-settings=\"{&quot;background_background&quot;:&quot;classic&quot;}\">\n\t\t\t\t<div class=\"elementor-element elementor-element-ff0e29e elementor-widget elementor-widget-heading\" data-id=\"ff0e29e\" data-element_type=\"widget\" data-e-type=\"widget\" data-widget_type=\"heading.default\">\n\t\t\t\t<div class=\"elementor-widget-container\">\n\t\t\t\t\t<h2 class=\"elementor-heading-title elementor-size-default\"><span class=\"WdYUQQ text-decoration-none text-strikethrough-none\" style=\"font-weight: 700\">Mother-of-pearl as a super ingredient<\/span><\/h2>\t\t\t\t<\/div>\n\t\t\t\t<\/div>\n\t\t\t\t<div class=\"elementor-element elementor-element-2d03caa2 elementor-widget elementor-widget-text-editor\" data-id=\"2d03caa2\" data-element_type=\"widget\" data-e-type=\"widget\" data-widget_type=\"text-editor.default\">\n\t\t\t\t<div class=\"elementor-widget-container\">\n\t\t\t\t\t\t\t\t\t<p><span class=\"WdYUQQ text-decoration-none text-strikethrough-none\" style=\"color: #000000;\">The mother-of-pearl of our oysters from the French Thau lagoon is rich in minerals, proteins and amino acids. We use it in our cosmetics to improve skin elasticity and radiance, reduce wrinkles and protect it from external aggressors.<\/span><\/p>\n\t\t\t\t\t\t\t\t<\/div>\n\t\t\t\t<\/div>\n\t\t\t\t<div class=\"elementor-element elementor-element-253cc51b elementor-align-center elementor-widget elementor-widget-button\" data-id=\"253cc51b\" data-element_type=\"widget\" data-e-type=\"widget\" data-widget_type=\"button.default\">\n\t\t\t\t<div class=\"elementor-widget-container\">\n\t\t\t\t\t\t\t\t\t<div class=\"elementor-button-wrapper\">\n\t\t\t\t\t<a class=\"elementor-button elementor-button-link elementor-size-sm\" href=\"https:\/\/www.ostrealia.fr\/bienfaits-nacre-actif-naturel-star-cosmetique-francaise\/\">\n\t\t\t\t\t\t<span class=\"elementor-button-content-wrapper\">\n\t\t\t\t\t\t\t\t\t<span class=\"elementor-button-text\">Read more<\/span>\n\t\t\t\t\t<\/span>\n\t\t\t\t\t<\/a>\n\t\t\t\t<\/div>\n\t\t\t\t\t\t\t\t<\/div>\n\t\t\t\t<\/div>\n\t\t\t\t<\/div>\n\t\t\t\t\t<\/div>\n\t\t\t\t<\/div>\n\t\t<div class=\"elementor-element elementor-element-a6f5562 e-flex e-con-boxed e-con e-parent\" data-id=\"a6f5562\" data-element_type=\"container\" data-e-type=\"container\" data-settings=\"{&quot;background_background&quot;:&quot;classic&quot;}\">\n\t\t\t\t\t<div class=\"e-con-inner\">\n\t\t<div class=\"elementor-element elementor-element-1f0ed136 e-con-full e-flex e-con e-child\" data-id=\"1f0ed136\" data-element_type=\"container\" data-e-type=\"container\">\n\t\t\t\t<div class=\"elementor-element elementor-element-7138ebe5 elementor-widget elementor-widget-heading\" data-id=\"7138ebe5\" data-element_type=\"widget\" data-e-type=\"widget\" data-widget_type=\"heading.default\">\n\t\t\t\t<div class=\"elementor-widget-container\">\n\t\t\t\t\t<h2 class=\"elementor-heading-title elementor-size-default\">Our commitments<\/h2>\t\t\t\t<\/div>\n\t\t\t\t<\/div>\n\t\t\t\t<div class=\"elementor-element elementor-element-21910c38 elementor-widget elementor-widget-image\" data-id=\"21910c38\" data-element_type=\"widget\" data-e-type=\"widget\" data-widget_type=\"image.default\">\n\t\t\t\t<div class=\"elementor-widget-container\">\n\t\t\t\t\t\t\t\t\t\t\t\t\t\t\t<img loading=\"lazy\" decoding=\"async\" width=\"1024\" height=\"126\" src=\"https:\/\/www.ostrealia.fr\/wp-content\/uploads\/engagements-ostrealia-cosmetiques-marins-1024x126.png\" class=\"attachment-large size-large wp-image-21547\" alt=\"\" srcset=\"https:\/\/www.ostrealia.fr\/wp-content\/uploads\/engagements-ostrealia-cosmetiques-marins-1024x126.png 1024w, https:\/\/www.ostrealia.fr\/wp-content\/uploads\/engagements-ostrealia-cosmetiques-marins-600x74.png 600w, https:\/\/www.ostrealia.fr\/wp-content\/uploads\/engagements-ostrealia-cosmetiques-marins-768x95.png 768w, https:\/\/www.ostrealia.fr\/wp-content\/uploads\/engagements-ostrealia-cosmetiques-marins-1536x190.png 1536w, https:\/\/www.ostrealia.fr\/wp-content\/uploads\/engagements-ostrealia-cosmetiques-marins-1000x123.png 1000w, https:\/\/www.ostrealia.fr\/wp-content\/uploads\/engagements-ostrealia-cosmetiques-marins.png 1620w\" sizes=\"(max-width: 1024px) 100vw, 1024px\" \/>\t\t\t\t\t\t\t\t\t\t\t\t\t\t\t<\/div>\n\t\t\t\t<\/div>\n\t\t\t\t<\/div>\n\t\t\t\t\t<\/div>\n\t\t\t\t<\/div>\n\t\t\t\t<\/div>\n\t\t","protected":false},"excerpt":{"rendered":"<p>Ostrealia French Natural marine cosmetics from mother-of-pearl The must-haves Ajouter au panier Ajouter au panier Ajouter au panier Ajouter au panier Mother-of-pearl as a super ingredient The mother-of-pearl of our oysters from the French Thau lagoon is rich in minerals, proteins and amino acids. We use it in our cosmetics to improve skin elasticity and [&hellip;]<\/p>\n","protected":false},"author":1,"featured_media":0,"parent":0,"menu_order":0,"comment_status":"closed","ping_status":"closed","template":"elementor_header_footer","meta":{"_acf_changed":false,"_monsterinsights_skip_tracking":false,"_monsterinsights_sitenote_active":false,"_monsterinsights_sitenote_note":"","_monsterinsights_sitenote_category":0,"footnotes":""},"class_list":["post-22544","page","type-page","status-publish","hentry"],"acf":[],"yoast_head":"<!-- This site is optimized with the Yoast SEO Premium plugin v20.10 (Yoast SEO v27.5) - https:\/\/yoast.com\/product\/yoast-seo-premium-wordpress\/ -->\n<title>Natural cosmetics based on mother-of-pearl, a natural anti-aging active ingredient<\/title>\n<meta name=\"description\" content=\"Ostrealia natural marine cosmetics with mother-of-pearl, a natural antioxidant, promotes healing and is rich in minerals to slow the signs of aging.\" \/>\n<meta name=\"robots\" content=\"index, follow, max-snippet:-1, max-image-preview:large, max-video-preview:-1\" \/>\n<link rel=\"canonical\" href=\"https:\/\/www.ostrealia.fr\/en\/\" \/>\n<meta property=\"og:locale\" content=\"en_US\" \/>\n<meta property=\"og:type\" content=\"article\" \/>\n<meta property=\"og:title\" content=\"Home Ostrealia Marine Cosmetics\" \/>\n<meta property=\"og:description\" content=\"Ostrealia natural marine cosmetics with mother-of-pearl, a natural antioxidant, promotes healing and is rich in minerals to slow the signs of aging.\" \/>\n<meta property=\"og:url\" content=\"https:\/\/www.ostrealia.fr\/en\/\" \/>\n<meta property=\"og:site_name\" content=\"Ostrealia cosm\u00e9tiques marins \u00e0 base de nacre made in France et 100% naturels\" \/>\n<meta property=\"article:modified_time\" content=\"2024-03-26T07:34:39+00:00\" \/>\n<meta property=\"og:image\" content=\"https:\/\/www.ostrealia.fr\/wp-content\/uploads\/creme-secret-de-lagune-ostrealia-skin-cair-cosmetiques-marins-1024x1024.png\" \/>\n<meta name=\"twitter:card\" content=\"summary_large_image\" \/>\n<script type=\"application\/ld+json\" class=\"yoast-schema-graph\">{\"@context\":\"https:\\\/\\\/schema.org\",\"@graph\":[{\"@type\":\"WebPage\",\"@id\":\"https:\\\/\\\/www.ostrealia.fr\\\/en\\\/\",\"url\":\"https:\\\/\\\/www.ostrealia.fr\\\/en\\\/\",\"name\":\"Natural cosmetics based on mother-of-pearl, a natural anti-aging active ingredient\",\"isPartOf\":{\"@id\":\"https:\\\/\\\/www.ostrealia.fr\\\/en\\\/#website\"},\"primaryImageOfPage\":{\"@id\":\"https:\\\/\\\/www.ostrealia.fr\\\/en\\\/#primaryimage\"},\"image\":{\"@id\":\"https:\\\/\\\/www.ostrealia.fr\\\/en\\\/#primaryimage\"},\"thumbnailUrl\":\"https:\\\/\\\/www.ostrealia.fr\\\/wp-content\\\/uploads\\\/creme-secret-de-lagune-ostrealia-skin-cair-cosmetiques-marins-1024x1024.png\",\"datePublished\":\"2024-02-13T16:16:50+00:00\",\"dateModified\":\"2024-03-26T07:34:39+00:00\",\"description\":\"Ostrealia natural marine cosmetics with mother-of-pearl, a natural antioxidant, promotes healing and is rich in minerals to slow the signs of aging.\",\"breadcrumb\":{\"@id\":\"https:\\\/\\\/www.ostrealia.fr\\\/en\\\/#breadcrumb\"},\"inLanguage\":\"en-US\",\"potentialAction\":[{\"@type\":\"ReadAction\",\"target\":[\"https:\\\/\\\/www.ostrealia.fr\\\/en\\\/\"]}]},{\"@type\":\"ImageObject\",\"inLanguage\":\"en-US\",\"@id\":\"https:\\\/\\\/www.ostrealia.fr\\\/en\\\/#primaryimage\",\"url\":\"https:\\\/\\\/www.ostrealia.fr\\\/wp-content\\\/uploads\\\/creme-secret-de-lagune-ostrealia-skin-cair-cosmetiques-marins-1024x1024.png\",\"contentUrl\":\"https:\\\/\\\/www.ostrealia.fr\\\/wp-content\\\/uploads\\\/creme-secret-de-lagune-ostrealia-skin-cair-cosmetiques-marins-1024x1024.png\"},{\"@type\":\"BreadcrumbList\",\"@id\":\"https:\\\/\\\/www.ostrealia.fr\\\/en\\\/#breadcrumb\",\"itemListElement\":[{\"@type\":\"ListItem\",\"position\":1,\"name\":\"Home\",\"item\":\"https:\\\/\\\/www.ostrealia.fr\\\/en\\\/home-ostrealia-marine-cosmetics\\\/\"},{\"@type\":\"ListItem\",\"position\":2,\"name\":\"Home Ostrealia Marine Cosmetics\"}]},{\"@type\":\"WebSite\",\"@id\":\"https:\\\/\\\/www.ostrealia.fr\\\/en\\\/#website\",\"url\":\"https:\\\/\\\/www.ostrealia.fr\\\/en\\\/\",\"name\":\"Ostrealia cosm\u00e9tiques marins \u00e0 base de nacre made in France et 100% naturels\",\"description\":\"La vie vient de la mer\",\"potentialAction\":[{\"@type\":\"SearchAction\",\"target\":{\"@type\":\"EntryPoint\",\"urlTemplate\":\"https:\\\/\\\/www.ostrealia.fr\\\/en\\\/?s={search_term_string}\"},\"query-input\":{\"@type\":\"PropertyValueSpecification\",\"valueRequired\":true,\"valueName\":\"search_term_string\"}}],\"inLanguage\":\"en-US\"}]}<\/script>\n<!-- \/ Yoast SEO Premium plugin. -->","yoast_head_json":{"title":"Natural cosmetics based on mother-of-pearl, a natural anti-aging active ingredient","description":"Ostrealia natural marine cosmetics with mother-of-pearl, a natural antioxidant, promotes healing and is rich in minerals to slow the signs of aging.","robots":{"index":"index","follow":"follow","max-snippet":"max-snippet:-1","max-image-preview":"max-image-preview:large","max-video-preview":"max-video-preview:-1"},"canonical":"https:\/\/www.ostrealia.fr\/en\/","og_locale":"en_US","og_type":"article","og_title":"Home Ostrealia Marine Cosmetics","og_description":"Ostrealia natural marine cosmetics with mother-of-pearl, a natural antioxidant, promotes healing and is rich in minerals to slow the signs of aging.","og_url":"https:\/\/www.ostrealia.fr\/en\/","og_site_name":"Ostrealia cosm\u00e9tiques marins \u00e0 base de nacre made in France et 100% naturels","article_modified_time":"2024-03-26T07:34:39+00:00","og_image":[{"url":"https:\/\/www.ostrealia.fr\/wp-content\/uploads\/creme-secret-de-lagune-ostrealia-skin-cair-cosmetiques-marins-1024x1024.png","type":"","width":"","height":""}],"twitter_card":"summary_large_image","schema":{"@context":"https:\/\/schema.org","@graph":[{"@type":"WebPage","@id":"https:\/\/www.ostrealia.fr\/en\/","url":"https:\/\/www.ostrealia.fr\/en\/","name":"Natural cosmetics based on mother-of-pearl, a natural anti-aging active ingredient","isPartOf":{"@id":"https:\/\/www.ostrealia.fr\/en\/#website"},"primaryImageOfPage":{"@id":"https:\/\/www.ostrealia.fr\/en\/#primaryimage"},"image":{"@id":"https:\/\/www.ostrealia.fr\/en\/#primaryimage"},"thumbnailUrl":"https:\/\/www.ostrealia.fr\/wp-content\/uploads\/creme-secret-de-lagune-ostrealia-skin-cair-cosmetiques-marins-1024x1024.png","datePublished":"2024-02-13T16:16:50+00:00","dateModified":"2024-03-26T07:34:39+00:00","description":"Ostrealia natural marine cosmetics with mother-of-pearl, a natural antioxidant, promotes healing and is rich in minerals to slow the signs of aging.","breadcrumb":{"@id":"https:\/\/www.ostrealia.fr\/en\/#breadcrumb"},"inLanguage":"en-US","potentialAction":[{"@type":"ReadAction","target":["https:\/\/www.ostrealia.fr\/en\/"]}]},{"@type":"ImageObject","inLanguage":"en-US","@id":"https:\/\/www.ostrealia.fr\/en\/#primaryimage","url":"https:\/\/www.ostrealia.fr\/wp-content\/uploads\/creme-secret-de-lagune-ostrealia-skin-cair-cosmetiques-marins-1024x1024.png","contentUrl":"https:\/\/www.ostrealia.fr\/wp-content\/uploads\/creme-secret-de-lagune-ostrealia-skin-cair-cosmetiques-marins-1024x1024.png"},{"@type":"BreadcrumbList","@id":"https:\/\/www.ostrealia.fr\/en\/#breadcrumb","itemListElement":[{"@type":"ListItem","position":1,"name":"Home","item":"https:\/\/www.ostrealia.fr\/en\/home-ostrealia-marine-cosmetics\/"},{"@type":"ListItem","position":2,"name":"Home Ostrealia Marine Cosmetics"}]},{"@type":"WebSite","@id":"https:\/\/www.ostrealia.fr\/en\/#website","url":"https:\/\/www.ostrealia.fr\/en\/","name":"Ostrealia cosm\u00e9tiques marins \u00e0 base de nacre made in France et 100% naturels","description":"La vie vient de la mer","potentialAction":[{"@type":"SearchAction","target":{"@type":"EntryPoint","urlTemplate":"https:\/\/www.ostrealia.fr\/en\/?s={search_term_string}"},"query-input":{"@type":"PropertyValueSpecification","valueRequired":true,"valueName":"search_term_string"}}],"inLanguage":"en-US"}]}},"_links":{"self":[{"href":"https:\/\/www.ostrealia.fr\/en\/wp-json\/wp\/v2\/pages\/22544","targetHints":{"allow":["GET"]}}],"collection":[{"href":"https:\/\/www.ostrealia.fr\/en\/wp-json\/wp\/v2\/pages"}],"about":[{"href":"https:\/\/www.ostrealia.fr\/en\/wp-json\/wp\/v2\/types\/page"}],"author":[{"embeddable":true,"href":"https:\/\/www.ostrealia.fr\/en\/wp-json\/wp\/v2\/users\/1"}],"replies":[{"embeddable":true,"href":"https:\/\/www.ostrealia.fr\/en\/wp-json\/wp\/v2\/comments?post=22544"}],"version-history":[{"count":0,"href":"https:\/\/www.ostrealia.fr\/en\/wp-json\/wp\/v2\/pages\/22544\/revisions"}],"wp:attachment":[{"href":"https:\/\/www.ostrealia.fr\/en\/wp-json\/wp\/v2\/media?parent=22544"}],"curies":[{"name":"wp","href":"https:\/\/api.w.org\/{rel}","templated":true}]}}