{"id":11103,"date":"2020-06-08T10:30:15","date_gmt":"2020-06-08T08:30:15","guid":{"rendered":"https:\/\/www.boutique-ostrealia.fr\/?post_type=product&#038;p=11103"},"modified":"2023-09-21T16:43:21","modified_gmt":"2023-09-21T14:43:21","slug":"diffuseur-ona","status":"publish","type":"product","link":"https:\/\/www.ostrealia.fr\/en\/produit\/diffuseur-ona\/","title":{"rendered":"Diffuseur huile essentielle ONA"},"content":{"rendered":"","protected":false},"excerpt":{"rendered":"<p>Diffuseur ONA &#8211; \u00e9co-responsable en bambou &#8211; 4 coloris au choix: blanc, jaune, noir ou gris.<\/p>\n<p class=\"has-ast-global-color-5-color has-text-color\">Ce diffuseur offre la meilleure des technologies dans la diffusion des huiles essentielles. Le diffuseur ONA est r\u00e9alis\u00e9 \u00e0 base de de fibre de bambou et de ma\u00efs. Un diffuseur design et \u00e9co-responsable. utilisable pour 100 m2<\/p>\n<p><!-- \/wp:paragraph --><\/p>\n<p><!-- wp:paragraph {\"textColor\":\"ast-global-color-5\"} --><\/p>\n<p class=\"has-ast-global-color-5-color has-text-color\">Ce diffuseur comprend :<\/p>\n<p><!-- \/wp:paragraph --><\/p>\n<p><!-- wp:list {\"textColor\":\"ast-global-color-5\"} --><\/p>\n<ul class=\"has-ast-global-color-5-color has-text-color\">\n<li>Le diffuseur<\/li>\n<li>L\u2019adaptateur secteur<\/li>\n<li>Verrerie et bouchon<\/li>\n<li>La notice<\/li>\n<\/ul>\n<p><!-- \/wp:list --><\/p>\n<p><!-- wp:paragraph {\"textColor\":\"ast-global-color-5\"} --><\/p>\n<p class=\"has-ast-global-color-5-color has-text-color\">\u00a0 Tutoriel pour notre diffuseur ONA : <a href=\"https:\/\/www.boutique-ostrealia.fr\/wp-content\/uploads\/sites\/32\/Diffuseur-huile-essentielle-ONA.mp4\" target=\"_blank\" rel=\"noreferrer noopener\">Regardez le tutoriel<\/a> Retrouvez la notice : <a href=\"https:\/\/www.boutique-ostrealia.fr\/wp-content\/uploads\/sites\/32\/ONA.pdf\">ici\u00a0<\/a> Alimentation : 100-240 V- 50\/60 Hz<br \/>\nDimension: 205 mm x 100 mm \u00a0 <em>D\u00e9sign\u00e9 \u00e0 Paris<\/em><\/p>\n","protected":false},"featured_media":21682,"comment_status":"open","ping_status":"closed","template":"","meta":{"_acf_changed":false,"_monsterinsights_skip_tracking":false,"_monsterinsights_sitenote_active":false,"_monsterinsights_sitenote_note":"","_monsterinsights_sitenote_category":0},"product_brand":[],"product_cat":[86],"product_tag":[],"class_list":{"0":"post-11103","1":"product","2":"type-product","3":"status-publish","4":"has-post-thumbnail","6":"product_cat-accessoires","7":"pa_type-de-produits-accessoires","9":"first","10":"instock","11":"taxable","12":"shipping-taxable","13":"purchasable","14":"product-type-variable","15":"has-default-attributes"},"composite_virtual":false,"composite_layout":"","composite_add_to_cart_form_location":"","composite_editable_in_cart":false,"composite_sold_individually_context":"","composite_shop_price_calc":"","composite_components":[],"composite_scenarios":[],"bundled_by":[],"bundle_stock_status":"instock","bundle_stock_quantity":null,"bundle_virtual":false,"bundle_layout":"","bundle_add_to_cart_form_location":"","bundle_editable_in_cart":false,"bundle_sold_individually_context":"","bundle_item_grouping":"","bundle_min_size":"","bundle_max_size":"","bundle_price":[],"bundled_items":[],"bundle_sell_ids":[],"acf":[],"yoast_head":"<!-- This site is optimized with the Yoast SEO Premium plugin v20.10 (Yoast SEO v27.5) - https:\/\/yoast.com\/product\/yoast-seo-premium-wordpress\/ -->\n<title>Diffuseur huile essentielle ONA - Ostrealia cosm\u00e9tiques marins \u00e0 base de nacre made in France et 100% naturels<\/title>\n<meta name=\"robots\" content=\"index, follow, max-snippet:-1, max-image-preview:large, max-video-preview:-1\" \/>\n<link rel=\"canonical\" href=\"https:\/\/www.ostrealia.fr\/en\/produit\/diffuseur-ona\/\" \/>\n<meta property=\"og:locale\" content=\"en_US\" \/>\n<meta property=\"og:type\" content=\"article\" \/>\n<meta property=\"og:title\" content=\"Diffuseur huile essentielle ONA\" \/>\n<meta property=\"og:description\" content=\"Diffuseur ONA - \u00e9co-responsable en bambou - 4 coloris au choix: blanc, jaune, noir ou gris. Ce diffuseur offre la meilleure des technologies dans la diffusion des huiles essentielles. Le diffuseur ONA est r\u00e9alis\u00e9 \u00e0 base de de fibre de bambou et de ma\u00efs. Un diffuseur design et \u00e9co-responsable. utilisable pour 100 m2    Ce diffuseur comprend :      Le diffuseur  L\u2019adaptateur secteur  Verrerie et bouchon  La notice     \u00a0 Tutoriel pour notre diffuseur ONA : Regardez le tutoriel Retrouvez la notice : ici\u00a0 Alimentation : 100-240 V- 50\/60 Hz Dimension: 205 mm x 100 mm \u00a0 D\u00e9sign\u00e9 \u00e0 Paris\" \/>\n<meta property=\"og:url\" content=\"https:\/\/www.ostrealia.fr\/en\/produit\/diffuseur-ona\/\" \/>\n<meta property=\"og:site_name\" content=\"Ostrealia cosm\u00e9tiques marins \u00e0 base de nacre made in France et 100% naturels\" \/>\n<meta property=\"article:modified_time\" content=\"2023-09-21T14:43:21+00:00\" \/>\n<meta property=\"og:image\" content=\"https:\/\/www.ostrealia.fr\/wp-content\/uploads\/ONA-diffuseur-huile-essentielle-ostrealia.jpg\" \/>\n\t<meta property=\"og:image:width\" content=\"1920\" \/>\n\t<meta property=\"og:image:height\" content=\"1920\" \/>\n\t<meta property=\"og:image:type\" content=\"image\/jpeg\" \/>\n<meta name=\"twitter:card\" content=\"summary_large_image\" \/>\n<meta name=\"twitter:label1\" content=\"Availability\" \/>\n\t<meta name=\"twitter:data1\" content=\"In stock\" \/>\n<script type=\"application\/ld+json\" class=\"yoast-schema-graph\">{\"@context\":\"https:\\\/\\\/schema.org\",\"@graph\":[{\"@type\":\"WebPage\",\"@id\":\"https:\\\/\\\/www.ostrealia.fr\\\/en\\\/produit\\\/diffuseur-ona\\\/\",\"url\":\"https:\\\/\\\/www.ostrealia.fr\\\/en\\\/produit\\\/diffuseur-ona\\\/\",\"name\":\"Diffuseur huile essentielle ONA - Ostrealia cosm\u00e9tiques marins \u00e0 base de nacre made in France et 100% naturels\",\"isPartOf\":{\"@id\":\"https:\\\/\\\/www.ostrealia.fr\\\/en\\\/#website\"},\"primaryImageOfPage\":{\"@id\":\"https:\\\/\\\/www.ostrealia.fr\\\/en\\\/produit\\\/diffuseur-ona\\\/#primaryimage\"},\"image\":{\"@id\":\"https:\\\/\\\/www.ostrealia.fr\\\/en\\\/produit\\\/diffuseur-ona\\\/#primaryimage\"},\"thumbnailUrl\":\"https:\\\/\\\/www.ostrealia.fr\\\/wp-content\\\/uploads\\\/ONA-diffuseur-huile-essentielle-ostrealia.jpg\",\"datePublished\":\"2020-06-08T08:30:15+00:00\",\"dateModified\":\"2023-09-21T14:43:21+00:00\",\"breadcrumb\":{\"@id\":\"https:\\\/\\\/www.ostrealia.fr\\\/en\\\/produit\\\/diffuseur-ona\\\/#breadcrumb\"},\"inLanguage\":\"en-US\",\"potentialAction\":[{\"@type\":\"ReadAction\",\"target\":[\"https:\\\/\\\/www.ostrealia.fr\\\/en\\\/produit\\\/diffuseur-ona\\\/\"]}]},{\"@type\":\"ImageObject\",\"inLanguage\":\"en-US\",\"@id\":\"https:\\\/\\\/www.ostrealia.fr\\\/en\\\/produit\\\/diffuseur-ona\\\/#primaryimage\",\"url\":\"https:\\\/\\\/www.ostrealia.fr\\\/wp-content\\\/uploads\\\/ONA-diffuseur-huile-essentielle-ostrealia.jpg\",\"contentUrl\":\"https:\\\/\\\/www.ostrealia.fr\\\/wp-content\\\/uploads\\\/ONA-diffuseur-huile-essentielle-ostrealia.jpg\",\"width\":1920,\"height\":1920},{\"@type\":\"BreadcrumbList\",\"@id\":\"https:\\\/\\\/www.ostrealia.fr\\\/en\\\/produit\\\/diffuseur-ona\\\/#breadcrumb\",\"itemListElement\":[{\"@type\":\"ListItem\",\"position\":1,\"name\":\"Home\",\"item\":\"https:\\\/\\\/www.ostrealia.fr\\\/en\\\/home-ostrealia-marine-cosmetics\\\/\"},{\"@type\":\"ListItem\",\"position\":2,\"name\":\"Products\",\"item\":\"https:\\\/\\\/www.ostrealia.fr\\\/en\\\/boutique\\\/\"},{\"@type\":\"ListItem\",\"position\":3,\"name\":\"Diffuseur huile essentielle ONA\"}]},{\"@type\":\"WebSite\",\"@id\":\"https:\\\/\\\/www.ostrealia.fr\\\/en\\\/#website\",\"url\":\"https:\\\/\\\/www.ostrealia.fr\\\/en\\\/\",\"name\":\"Ostrealia cosm\u00e9tiques marins \u00e0 base de nacre made in France et 100% naturels\",\"description\":\"La vie vient de la mer\",\"potentialAction\":[{\"@type\":\"SearchAction\",\"target\":{\"@type\":\"EntryPoint\",\"urlTemplate\":\"https:\\\/\\\/www.ostrealia.fr\\\/en\\\/?s={search_term_string}\"},\"query-input\":{\"@type\":\"PropertyValueSpecification\",\"valueRequired\":true,\"valueName\":\"search_term_string\"}}],\"inLanguage\":\"en-US\"}]}<\/script>\n<meta property=\"og:availability\" content=\"instock\" \/>\n<meta property=\"product:availability\" content=\"instock\" \/>\n<meta property=\"product:condition\" content=\"new\" \/>\n<!-- \/ Yoast SEO Premium plugin. -->","yoast_head_json":{"title":"Diffuseur huile essentielle ONA - Ostrealia cosm\u00e9tiques marins \u00e0 base de nacre made in France et 100% naturels","robots":{"index":"index","follow":"follow","max-snippet":"max-snippet:-1","max-image-preview":"max-image-preview:large","max-video-preview":"max-video-preview:-1"},"canonical":"https:\/\/www.ostrealia.fr\/en\/produit\/diffuseur-ona\/","og_locale":"en_US","og_type":"article","og_title":"Diffuseur huile essentielle ONA","og_description":"Diffuseur ONA - \u00e9co-responsable en bambou - 4 coloris au choix: blanc, jaune, noir ou gris. Ce diffuseur offre la meilleure des technologies dans la diffusion des huiles essentielles. Le diffuseur ONA est r\u00e9alis\u00e9 \u00e0 base de de fibre de bambou et de ma\u00efs. Un diffuseur design et \u00e9co-responsable. utilisable pour 100 m2    Ce diffuseur comprend :      Le diffuseur  L\u2019adaptateur secteur  Verrerie et bouchon  La notice     \u00a0 Tutoriel pour notre diffuseur ONA : Regardez le tutoriel Retrouvez la notice : ici\u00a0 Alimentation : 100-240 V- 50\/60 Hz Dimension: 205 mm x 100 mm \u00a0 D\u00e9sign\u00e9 \u00e0 Paris","og_url":"https:\/\/www.ostrealia.fr\/en\/produit\/diffuseur-ona\/","og_site_name":"Ostrealia cosm\u00e9tiques marins \u00e0 base de nacre made in France et 100% naturels","article_modified_time":"2023-09-21T14:43:21+00:00","og_image":[{"width":1920,"height":1920,"url":"https:\/\/www.ostrealia.fr\/wp-content\/uploads\/ONA-diffuseur-huile-essentielle-ostrealia.jpg","type":"image\/jpeg"}],"twitter_card":"summary_large_image","twitter_misc":{"Availability":"In stock"},"schema":{"@context":"https:\/\/schema.org","@graph":[{"@type":"WebPage","@id":"https:\/\/www.ostrealia.fr\/en\/produit\/diffuseur-ona\/","url":"https:\/\/www.ostrealia.fr\/en\/produit\/diffuseur-ona\/","name":"Diffuseur huile essentielle ONA - Ostrealia cosm\u00e9tiques marins \u00e0 base de nacre made in France et 100% naturels","isPartOf":{"@id":"https:\/\/www.ostrealia.fr\/en\/#website"},"primaryImageOfPage":{"@id":"https:\/\/www.ostrealia.fr\/en\/produit\/diffuseur-ona\/#primaryimage"},"image":{"@id":"https:\/\/www.ostrealia.fr\/en\/produit\/diffuseur-ona\/#primaryimage"},"thumbnailUrl":"https:\/\/www.ostrealia.fr\/wp-content\/uploads\/ONA-diffuseur-huile-essentielle-ostrealia.jpg","datePublished":"2020-06-08T08:30:15+00:00","dateModified":"2023-09-21T14:43:21+00:00","breadcrumb":{"@id":"https:\/\/www.ostrealia.fr\/en\/produit\/diffuseur-ona\/#breadcrumb"},"inLanguage":"en-US","potentialAction":[{"@type":"ReadAction","target":["https:\/\/www.ostrealia.fr\/en\/produit\/diffuseur-ona\/"]}]},{"@type":"ImageObject","inLanguage":"en-US","@id":"https:\/\/www.ostrealia.fr\/en\/produit\/diffuseur-ona\/#primaryimage","url":"https:\/\/www.ostrealia.fr\/wp-content\/uploads\/ONA-diffuseur-huile-essentielle-ostrealia.jpg","contentUrl":"https:\/\/www.ostrealia.fr\/wp-content\/uploads\/ONA-diffuseur-huile-essentielle-ostrealia.jpg","width":1920,"height":1920},{"@type":"BreadcrumbList","@id":"https:\/\/www.ostrealia.fr\/en\/produit\/diffuseur-ona\/#breadcrumb","itemListElement":[{"@type":"ListItem","position":1,"name":"Home","item":"https:\/\/www.ostrealia.fr\/en\/home-ostrealia-marine-cosmetics\/"},{"@type":"ListItem","position":2,"name":"Products","item":"https:\/\/www.ostrealia.fr\/en\/boutique\/"},{"@type":"ListItem","position":3,"name":"Diffuseur huile essentielle ONA"}]},{"@type":"WebSite","@id":"https:\/\/www.ostrealia.fr\/en\/#website","url":"https:\/\/www.ostrealia.fr\/en\/","name":"Ostrealia cosm\u00e9tiques marins \u00e0 base de nacre made in France et 100% naturels","description":"La vie vient de la mer","potentialAction":[{"@type":"SearchAction","target":{"@type":"EntryPoint","urlTemplate":"https:\/\/www.ostrealia.fr\/en\/?s={search_term_string}"},"query-input":{"@type":"PropertyValueSpecification","valueRequired":true,"valueName":"search_term_string"}}],"inLanguage":"en-US"}]},"og_availability":"instock","product_availability":"instock","product_condition":"new"},"_links":{"self":[{"href":"https:\/\/www.ostrealia.fr\/en\/wp-json\/wp\/v2\/product\/11103","targetHints":{"allow":["GET"]}}],"collection":[{"href":"https:\/\/www.ostrealia.fr\/en\/wp-json\/wp\/v2\/product"}],"about":[{"href":"https:\/\/www.ostrealia.fr\/en\/wp-json\/wp\/v2\/types\/product"}],"replies":[{"embeddable":true,"href":"https:\/\/www.ostrealia.fr\/en\/wp-json\/wp\/v2\/comments?post=11103"}],"version-history":[{"count":0,"href":"https:\/\/www.ostrealia.fr\/en\/wp-json\/wp\/v2\/product\/11103\/revisions"}],"wp:featuredmedia":[{"embeddable":true,"href":"https:\/\/www.ostrealia.fr\/en\/wp-json\/wp\/v2\/media\/21682"}],"wp:attachment":[{"href":"https:\/\/www.ostrealia.fr\/en\/wp-json\/wp\/v2\/media?parent=11103"}],"wp:term":[{"taxonomy":"product_brand","embeddable":true,"href":"https:\/\/www.ostrealia.fr\/en\/wp-json\/wp\/v2\/product_brand?post=11103"},{"taxonomy":"product_cat","embeddable":true,"href":"https:\/\/www.ostrealia.fr\/en\/wp-json\/wp\/v2\/product_cat?post=11103"},{"taxonomy":"product_tag","embeddable":true,"href":"https:\/\/www.ostrealia.fr\/en\/wp-json\/wp\/v2\/product_tag?post=11103"}],"curies":[{"name":"wp","href":"https:\/\/api.w.org\/{rel}","templated":true}]}}