{"id":17016,"date":"2021-02-03T09:41:14","date_gmt":"2021-02-03T08:41:14","guid":{"rendered":"https:\/\/www.ostrealia.fr\/?post_type=product&#038;p=17016"},"modified":"2023-12-13T15:35:31","modified_gmt":"2023-12-13T14:35:31","slug":"collier-et-pendentif-arbre-de-vie-olfactif-anti-allergenique","status":"publish","type":"product","link":"https:\/\/www.ostrealia.fr\/en\/produit\/collier-et-pendentif-arbre-de-vie-olfactif-anti-allergenique\/","title":{"rendered":"Collier et pendentif arbre de vie olfactif &#038; anti-allerg\u00e9nique"},"content":{"rendered":"","protected":false},"excerpt":{"rendered":"<p class=\"has-ast-global-color-5-color has-text-color\">M\u00e9daillon arbre de vie\u00a0 \u2013 couleur Or Rose en Acier Inoxydable avec sa chaine dor\u00e9e sautoir de 70cm livr\u00e9 dans son Sachet Velours Noir<\/p>\n<p><!-- \/wp:paragraph --><\/p>\n<p><!-- wp:paragraph {\"textColor\":\"ast-global-color-5\"} --><\/p>\n<p class=\"has-ast-global-color-5-color has-text-color\">+ 3 pads recharge de diffusion<\/p>\n","protected":false},"featured_media":21691,"comment_status":"closed","ping_status":"closed","template":"","meta":{"_acf_changed":false,"_monsterinsights_skip_tracking":false,"_monsterinsights_sitenote_active":false,"_monsterinsights_sitenote_note":"","_monsterinsights_sitenote_category":0},"product_brand":[],"product_cat":[86],"product_tag":[],"class_list":{"0":"post-17016","1":"product","2":"type-product","3":"status-publish","4":"has-post-thumbnail","6":"product_cat-accessoires","7":"pa_type-de-produits-parfum","9":"first","10":"instock","11":"taxable","12":"shipping-taxable","13":"purchasable","14":"product-type-simple"},"composite_virtual":false,"composite_layout":"","composite_add_to_cart_form_location":"","composite_editable_in_cart":false,"composite_sold_individually_context":"","composite_shop_price_calc":"","composite_components":[],"composite_scenarios":[],"bundled_by":["19806","21009","19664","22500"],"bundle_stock_status":"instock","bundle_stock_quantity":null,"bundle_virtual":false,"bundle_layout":"","bundle_add_to_cart_form_location":"","bundle_editable_in_cart":false,"bundle_sold_individually_context":"","bundle_item_grouping":"","bundle_min_size":"","bundle_max_size":"","bundle_price":[],"bundled_items":[],"bundle_sell_ids":[],"acf":[],"yoast_head":"<!-- This site is optimized with the Yoast SEO Premium plugin v20.10 (Yoast SEO v27.5) - https:\/\/yoast.com\/product\/yoast-seo-premium-wordpress\/ -->\n<title>Collier et pendentif arbre de vie olfactif &amp; anti-allerg\u00e9nique - Ostrealia cosm\u00e9tiques marins \u00e0 base de nacre made in France et 100% naturels<\/title>\n<meta name=\"robots\" content=\"index, follow, max-snippet:-1, max-image-preview:large, max-video-preview:-1\" \/>\n<link rel=\"canonical\" href=\"https:\/\/www.ostrealia.fr\/en\/produit\/collier-et-pendentif-arbre-de-vie-olfactif-anti-allergenique\/\" \/>\n<meta property=\"og:locale\" content=\"en_US\" \/>\n<meta property=\"og:type\" content=\"article\" \/>\n<meta property=\"og:title\" content=\"Collier et pendentif arbre de vie olfactif &amp; anti-allerg\u00e9nique\" \/>\n<meta property=\"og:description\" content=\"M\u00e9daillon arbre de vie\u00a0 \u2013 couleur Or Rose en Acier Inoxydable avec sa chaine dor\u00e9e sautoir de 70cm livr\u00e9 dans son Sachet Velours Noir    + 3 pads recharge de diffusion\" \/>\n<meta property=\"og:url\" content=\"https:\/\/www.ostrealia.fr\/en\/produit\/collier-et-pendentif-arbre-de-vie-olfactif-anti-allergenique\/\" \/>\n<meta property=\"og:site_name\" content=\"Ostrealia cosm\u00e9tiques marins \u00e0 base de nacre made in France et 100% naturels\" \/>\n<meta property=\"article:modified_time\" content=\"2023-12-13T14:35:31+00:00\" \/>\n<meta property=\"og:image\" content=\"https:\/\/www.ostrealia.fr\/wp-content\/uploads\/collier-olfactif-anti-allergenique-arbre-ostrealia.png\" \/>\n\t<meta property=\"og:image:width\" content=\"1080\" \/>\n\t<meta property=\"og:image:height\" content=\"1080\" \/>\n\t<meta property=\"og:image:type\" content=\"image\/png\" \/>\n<meta name=\"twitter:card\" content=\"summary_large_image\" \/>\n<meta name=\"twitter:label1\" content=\"Price\" \/>\n\t<meta name=\"twitter:data1\" content=\"24,90&euro;\" \/>\n\t<meta name=\"twitter:label2\" content=\"Availability\" \/>\n\t<meta name=\"twitter:data2\" content=\"In stock\" \/>\n<script type=\"application\/ld+json\" class=\"yoast-schema-graph\">{\"@context\":\"https:\\\/\\\/schema.org\",\"@graph\":[{\"@type\":\"WebPage\",\"@id\":\"https:\\\/\\\/www.ostrealia.fr\\\/en\\\/produit\\\/collier-et-pendentif-arbre-de-vie-olfactif-anti-allergenique\\\/\",\"url\":\"https:\\\/\\\/www.ostrealia.fr\\\/en\\\/produit\\\/collier-et-pendentif-arbre-de-vie-olfactif-anti-allergenique\\\/\",\"name\":\"Collier et pendentif arbre de vie olfactif & anti-allerg\u00e9nique - Ostrealia cosm\u00e9tiques marins \u00e0 base de nacre made in France et 100% naturels\",\"isPartOf\":{\"@id\":\"https:\\\/\\\/www.ostrealia.fr\\\/en\\\/#website\"},\"primaryImageOfPage\":{\"@id\":\"https:\\\/\\\/www.ostrealia.fr\\\/en\\\/produit\\\/collier-et-pendentif-arbre-de-vie-olfactif-anti-allergenique\\\/#primaryimage\"},\"image\":{\"@id\":\"https:\\\/\\\/www.ostrealia.fr\\\/en\\\/produit\\\/collier-et-pendentif-arbre-de-vie-olfactif-anti-allergenique\\\/#primaryimage\"},\"thumbnailUrl\":\"https:\\\/\\\/www.ostrealia.fr\\\/wp-content\\\/uploads\\\/collier-olfactif-anti-allergenique-arbre-ostrealia.png\",\"datePublished\":\"2021-02-03T08:41:14+00:00\",\"dateModified\":\"2023-12-13T14:35:31+00:00\",\"breadcrumb\":{\"@id\":\"https:\\\/\\\/www.ostrealia.fr\\\/en\\\/produit\\\/collier-et-pendentif-arbre-de-vie-olfactif-anti-allergenique\\\/#breadcrumb\"},\"inLanguage\":\"en-US\",\"potentialAction\":[{\"@type\":\"ReadAction\",\"target\":[\"https:\\\/\\\/www.ostrealia.fr\\\/en\\\/produit\\\/collier-et-pendentif-arbre-de-vie-olfactif-anti-allergenique\\\/\"]}]},{\"@type\":\"ImageObject\",\"inLanguage\":\"en-US\",\"@id\":\"https:\\\/\\\/www.ostrealia.fr\\\/en\\\/produit\\\/collier-et-pendentif-arbre-de-vie-olfactif-anti-allergenique\\\/#primaryimage\",\"url\":\"https:\\\/\\\/www.ostrealia.fr\\\/wp-content\\\/uploads\\\/collier-olfactif-anti-allergenique-arbre-ostrealia.png\",\"contentUrl\":\"https:\\\/\\\/www.ostrealia.fr\\\/wp-content\\\/uploads\\\/collier-olfactif-anti-allergenique-arbre-ostrealia.png\",\"width\":1080,\"height\":1080},{\"@type\":\"BreadcrumbList\",\"@id\":\"https:\\\/\\\/www.ostrealia.fr\\\/en\\\/produit\\\/collier-et-pendentif-arbre-de-vie-olfactif-anti-allergenique\\\/#breadcrumb\",\"itemListElement\":[{\"@type\":\"ListItem\",\"position\":1,\"name\":\"Home\",\"item\":\"https:\\\/\\\/www.ostrealia.fr\\\/en\\\/home-ostrealia-marine-cosmetics\\\/\"},{\"@type\":\"ListItem\",\"position\":2,\"name\":\"Products\",\"item\":\"https:\\\/\\\/www.ostrealia.fr\\\/en\\\/boutique\\\/\"},{\"@type\":\"ListItem\",\"position\":3,\"name\":\"Collier et pendentif arbre de vie olfactif &#038; anti-allerg\u00e9nique\"}]},{\"@type\":\"WebSite\",\"@id\":\"https:\\\/\\\/www.ostrealia.fr\\\/en\\\/#website\",\"url\":\"https:\\\/\\\/www.ostrealia.fr\\\/en\\\/\",\"name\":\"Ostrealia cosm\u00e9tiques marins \u00e0 base de nacre made in France et 100% naturels\",\"description\":\"La vie vient de la mer\",\"potentialAction\":[{\"@type\":\"SearchAction\",\"target\":{\"@type\":\"EntryPoint\",\"urlTemplate\":\"https:\\\/\\\/www.ostrealia.fr\\\/en\\\/?s={search_term_string}\"},\"query-input\":{\"@type\":\"PropertyValueSpecification\",\"valueRequired\":true,\"valueName\":\"search_term_string\"}}],\"inLanguage\":\"en-US\"}]}<\/script>\n<meta property=\"product:price:amount\" content=\"24.90\" \/>\n<meta property=\"product:price:currency\" content=\"EUR\" \/>\n<meta property=\"og:availability\" content=\"instock\" \/>\n<meta property=\"product:availability\" content=\"instock\" \/>\n<meta property=\"product:retailer_item_id\" content=\"COLOLF\" \/>\n<meta property=\"product:condition\" content=\"new\" \/>\n<!-- \/ Yoast SEO Premium plugin. -->","yoast_head_json":{"title":"Collier et pendentif arbre de vie olfactif & anti-allerg\u00e9nique - Ostrealia cosm\u00e9tiques marins \u00e0 base de nacre made in France et 100% naturels","robots":{"index":"index","follow":"follow","max-snippet":"max-snippet:-1","max-image-preview":"max-image-preview:large","max-video-preview":"max-video-preview:-1"},"canonical":"https:\/\/www.ostrealia.fr\/en\/produit\/collier-et-pendentif-arbre-de-vie-olfactif-anti-allergenique\/","og_locale":"en_US","og_type":"article","og_title":"Collier et pendentif arbre de vie olfactif & anti-allerg\u00e9nique","og_description":"M\u00e9daillon arbre de vie\u00a0 \u2013 couleur Or Rose en Acier Inoxydable avec sa chaine dor\u00e9e sautoir de 70cm livr\u00e9 dans son Sachet Velours Noir    + 3 pads recharge de diffusion","og_url":"https:\/\/www.ostrealia.fr\/en\/produit\/collier-et-pendentif-arbre-de-vie-olfactif-anti-allergenique\/","og_site_name":"Ostrealia cosm\u00e9tiques marins \u00e0 base de nacre made in France et 100% naturels","article_modified_time":"2023-12-13T14:35:31+00:00","og_image":[{"width":1080,"height":1080,"url":"https:\/\/www.ostrealia.fr\/wp-content\/uploads\/collier-olfactif-anti-allergenique-arbre-ostrealia.png","type":"image\/png"}],"twitter_card":"summary_large_image","twitter_misc":{"Price":"24,90&euro;","Availability":"In stock"},"schema":{"@context":"https:\/\/schema.org","@graph":[{"@type":"WebPage","@id":"https:\/\/www.ostrealia.fr\/en\/produit\/collier-et-pendentif-arbre-de-vie-olfactif-anti-allergenique\/","url":"https:\/\/www.ostrealia.fr\/en\/produit\/collier-et-pendentif-arbre-de-vie-olfactif-anti-allergenique\/","name":"Collier et pendentif arbre de vie olfactif & anti-allerg\u00e9nique - Ostrealia cosm\u00e9tiques marins \u00e0 base de nacre made in France et 100% naturels","isPartOf":{"@id":"https:\/\/www.ostrealia.fr\/en\/#website"},"primaryImageOfPage":{"@id":"https:\/\/www.ostrealia.fr\/en\/produit\/collier-et-pendentif-arbre-de-vie-olfactif-anti-allergenique\/#primaryimage"},"image":{"@id":"https:\/\/www.ostrealia.fr\/en\/produit\/collier-et-pendentif-arbre-de-vie-olfactif-anti-allergenique\/#primaryimage"},"thumbnailUrl":"https:\/\/www.ostrealia.fr\/wp-content\/uploads\/collier-olfactif-anti-allergenique-arbre-ostrealia.png","datePublished":"2021-02-03T08:41:14+00:00","dateModified":"2023-12-13T14:35:31+00:00","breadcrumb":{"@id":"https:\/\/www.ostrealia.fr\/en\/produit\/collier-et-pendentif-arbre-de-vie-olfactif-anti-allergenique\/#breadcrumb"},"inLanguage":"en-US","potentialAction":[{"@type":"ReadAction","target":["https:\/\/www.ostrealia.fr\/en\/produit\/collier-et-pendentif-arbre-de-vie-olfactif-anti-allergenique\/"]}]},{"@type":"ImageObject","inLanguage":"en-US","@id":"https:\/\/www.ostrealia.fr\/en\/produit\/collier-et-pendentif-arbre-de-vie-olfactif-anti-allergenique\/#primaryimage","url":"https:\/\/www.ostrealia.fr\/wp-content\/uploads\/collier-olfactif-anti-allergenique-arbre-ostrealia.png","contentUrl":"https:\/\/www.ostrealia.fr\/wp-content\/uploads\/collier-olfactif-anti-allergenique-arbre-ostrealia.png","width":1080,"height":1080},{"@type":"BreadcrumbList","@id":"https:\/\/www.ostrealia.fr\/en\/produit\/collier-et-pendentif-arbre-de-vie-olfactif-anti-allergenique\/#breadcrumb","itemListElement":[{"@type":"ListItem","position":1,"name":"Home","item":"https:\/\/www.ostrealia.fr\/en\/home-ostrealia-marine-cosmetics\/"},{"@type":"ListItem","position":2,"name":"Products","item":"https:\/\/www.ostrealia.fr\/en\/boutique\/"},{"@type":"ListItem","position":3,"name":"Collier et pendentif arbre de vie olfactif &#038; anti-allerg\u00e9nique"}]},{"@type":"WebSite","@id":"https:\/\/www.ostrealia.fr\/en\/#website","url":"https:\/\/www.ostrealia.fr\/en\/","name":"Ostrealia cosm\u00e9tiques marins \u00e0 base de nacre made in France et 100% naturels","description":"La vie vient de la mer","potentialAction":[{"@type":"SearchAction","target":{"@type":"EntryPoint","urlTemplate":"https:\/\/www.ostrealia.fr\/en\/?s={search_term_string}"},"query-input":{"@type":"PropertyValueSpecification","valueRequired":true,"valueName":"search_term_string"}}],"inLanguage":"en-US"}]},"product_price_amount":"24.90","product_price_currency":"EUR","og_availability":"instock","product_availability":"instock","product_retailer_item_id":"COLOLF","product_condition":"new"},"_links":{"self":[{"href":"https:\/\/www.ostrealia.fr\/en\/wp-json\/wp\/v2\/product\/17016","targetHints":{"allow":["GET"]}}],"collection":[{"href":"https:\/\/www.ostrealia.fr\/en\/wp-json\/wp\/v2\/product"}],"about":[{"href":"https:\/\/www.ostrealia.fr\/en\/wp-json\/wp\/v2\/types\/product"}],"replies":[{"embeddable":true,"href":"https:\/\/www.ostrealia.fr\/en\/wp-json\/wp\/v2\/comments?post=17016"}],"version-history":[{"count":0,"href":"https:\/\/www.ostrealia.fr\/en\/wp-json\/wp\/v2\/product\/17016\/revisions"}],"wp:featuredmedia":[{"embeddable":true,"href":"https:\/\/www.ostrealia.fr\/en\/wp-json\/wp\/v2\/media\/21691"}],"wp:attachment":[{"href":"https:\/\/www.ostrealia.fr\/en\/wp-json\/wp\/v2\/media?parent=17016"}],"wp:term":[{"taxonomy":"product_brand","embeddable":true,"href":"https:\/\/www.ostrealia.fr\/en\/wp-json\/wp\/v2\/product_brand?post=17016"},{"taxonomy":"product_cat","embeddable":true,"href":"https:\/\/www.ostrealia.fr\/en\/wp-json\/wp\/v2\/product_cat?post=17016"},{"taxonomy":"product_tag","embeddable":true,"href":"https:\/\/www.ostrealia.fr\/en\/wp-json\/wp\/v2\/product_tag?post=17016"}],"curies":[{"name":"wp","href":"https:\/\/api.w.org\/{rel}","templated":true}]}}