{"id":17945,"date":"2026-05-06T16:31:13","date_gmt":"2026-05-06T14:31:13","guid":{"rendered":"https:\/\/www.ostrealia.fr\/?post_type=product&#038;p=17945"},"modified":"2026-05-07T17:16:13","modified_gmt":"2026-05-07T15:16:13","slug":"coffret-sublime","status":"publish","type":"product","link":"https:\/\/www.ostrealia.fr\/en\/produit\/coffret-sublime\/","title":{"rendered":"F\u00eate des M\u00e8res: Coffret Sublime"},"content":{"rendered":"","protected":false},"excerpt":{"rendered":"<p class=\"has-text-align-center\"><a href=\"https:\/\/www.ostrealia.fr\/boutique\/03hygiene\/coffret-sublime\/\">Coffret Sublime<\/a> :Profitez de cette occasion pour faire plaisir \u00e0 votre m\u00e8re et b\u00e9n\u00e9ficier d\u2019une offre d\u00e9couverte<\/p>\n<p class=\"has-text-align-center\">Un coffret de produits upcycl\u00e9s, sp\u00e9cial soin du visage avec un elixir de perle, notre serum anti-\u00e2ge et anti-pollution<br \/>\net notre contour des yeux anti-ridules anti-poches et anti-cernes<\/p>\n","protected":false},"featured_media":23517,"comment_status":"closed","ping_status":"closed","template":"","meta":{"_acf_changed":false,"_monsterinsights_skip_tracking":false,"_monsterinsights_sitenote_active":false,"_monsterinsights_sitenote_note":"","_monsterinsights_sitenote_category":0},"product_brand":[],"product_cat":[87,15],"product_tag":[],"class_list":{"0":"post-17945","1":"product","2":"type-product","3":"status-publish","4":"has-post-thumbnail","6":"product_cat-coffret-cosmetique-bien-etre","7":"product_cat-corps","9":"first","10":"instock","11":"sale","12":"featured","13":"taxable","14":"shipping-taxable","15":"purchasable","16":"product-type-bundle"},"composite_virtual":false,"composite_layout":"","composite_add_to_cart_form_location":"","composite_editable_in_cart":false,"composite_sold_individually_context":"","composite_shop_price_calc":"","composite_components":[],"composite_scenarios":[],"bundled_by":[],"bundle_stock_status":"instock","bundle_stock_quantity":99,"bundle_virtual":false,"bundle_layout":"default","bundle_add_to_cart_form_location":"default","bundle_editable_in_cart":false,"bundle_sold_individually_context":"product","bundle_item_grouping":"noindent","bundle_min_size":"","bundle_max_size":"","bundle_price":{"price":{"min":{"incl_tax":"65","excl_tax":"54.166667"},"max":{"incl_tax":"65","excl_tax":"54.166667"}},"regular_price":{"min":{"incl_tax":"95","excl_tax":"79.166667"},"max":{"incl_tax":"95","excl_tax":"79.166667"}}},"bundled_items":[{"bundled_item_id":1,"product_id":11097,"menu_order":0,"quantity_min":1,"quantity_max":1,"quantity_default":1,"priced_individually":false,"shipped_individually":false,"override_title":false,"title":"S\u00c9RUM CONTOUR DES YEUX ANTI RIDES \u00c9CLAT DE LAGUNE","override_description":false,"description":"","optional":false,"hide_thumbnail":false,"discount":"","override_variations":false,"allowed_variations":[],"override_default_variation_attributes":false,"default_variation_attributes":[],"single_product_visibility":"visible","cart_visibility":"visible","order_visibility":"visible","single_product_price_visibility":"visible","cart_price_visibility":"visible","order_price_visibility":"visible","stock_status":"in_stock"},{"bundled_item_id":2,"product_id":17947,"menu_order":1,"quantity_min":1,"quantity_max":1,"quantity_default":1,"priced_individually":false,"shipped_individually":false,"override_title":false,"title":"MINIATURE S\u00c9RUM \u00c9LIXIR DE PERLE","override_description":false,"description":"","optional":false,"hide_thumbnail":false,"discount":"","override_variations":false,"allowed_variations":[],"override_default_variation_attributes":false,"default_variation_attributes":[],"single_product_visibility":"visible","cart_visibility":"visible","order_visibility":"visible","single_product_price_visibility":"visible","cart_price_visibility":"visible","order_price_visibility":"visible","stock_status":"in_stock"},{"bundled_item_id":224,"product_id":8540,"menu_order":2,"quantity_min":1,"quantity_max":1,"quantity_default":1,"priced_individually":false,"shipped_individually":false,"override_title":false,"title":"MASQUE HYDRATATION MARINE","override_description":false,"description":"","optional":false,"hide_thumbnail":false,"discount":"","override_variations":false,"allowed_variations":[],"override_default_variation_attributes":false,"default_variation_attributes":[],"single_product_visibility":"visible","cart_visibility":"visible","order_visibility":"visible","single_product_price_visibility":"visible","cart_price_visibility":"visible","order_price_visibility":"visible","stock_status":"in_stock"},{"bundled_item_id":225,"product_id":8567,"menu_order":3,"quantity_min":1,"quantity_max":1,"quantity_default":1,"priced_individually":false,"shipped_individually":false,"override_title":false,"title":"HUILE RAFFERMISSANTE BIO LAGUNE D'OR","override_description":false,"description":"","optional":false,"hide_thumbnail":false,"discount":"","override_variations":false,"allowed_variations":[],"override_default_variation_attributes":false,"default_variation_attributes":[],"single_product_visibility":"visible","cart_visibility":"visible","order_visibility":"visible","single_product_price_visibility":"visible","cart_price_visibility":"visible","order_price_visibility":"visible","stock_status":"in_stock"}],"bundle_sell_ids":[],"acf":[],"yoast_head":"<!-- This site is optimized with the Yoast SEO Premium plugin v20.10 (Yoast SEO v27.5) - https:\/\/yoast.com\/product\/yoast-seo-premium-wordpress\/ -->\n<title>F\u00eate des M\u00e8res: Coffret Sublime - Ostrealia cosm\u00e9tiques marins \u00e0 base de nacre made in France et 100% naturels<\/title>\n<meta name=\"robots\" content=\"index, follow, max-snippet:-1, max-image-preview:large, max-video-preview:-1\" \/>\n<link rel=\"canonical\" href=\"https:\/\/www.ostrealia.fr\/en\/produit\/coffret-sublime\/\" \/>\n<meta property=\"og:locale\" content=\"en_US\" \/>\n<meta property=\"og:type\" content=\"article\" \/>\n<meta property=\"og:title\" content=\"F\u00eate des M\u00e8res: Coffret Sublime\" \/>\n<meta property=\"og:description\" content=\"Coffret Sublime :Profitez de cette occasion pour faire plaisir \u00e0 votre m\u00e8re et b\u00e9n\u00e9ficier d\u2019une offre d\u00e9couverte Un coffret de produits upcycl\u00e9s, sp\u00e9cial soin du visage avec un elixir de perle, notre serum anti-\u00e2ge et anti-pollution et notre contour des yeux anti-ridules anti-poches et anti-cernes\" \/>\n<meta property=\"og:url\" content=\"https:\/\/www.ostrealia.fr\/en\/produit\/coffret-sublime\/\" \/>\n<meta property=\"og:site_name\" content=\"Ostrealia cosm\u00e9tiques marins \u00e0 base de nacre made in France et 100% naturels\" \/>\n<meta property=\"article:modified_time\" content=\"2026-05-07T15:16:13+00:00\" \/>\n<meta property=\"og:image\" content=\"https:\/\/www.ostrealia.fr\/wp-content\/uploads\/1.jpg\" \/>\n\t<meta property=\"og:image:width\" content=\"800\" \/>\n\t<meta property=\"og:image:height\" content=\"800\" \/>\n\t<meta property=\"og:image:type\" content=\"image\/jpeg\" \/>\n<meta name=\"twitter:card\" content=\"summary_large_image\" \/>\n<meta name=\"twitter:label1\" content=\"Price\" \/>\n\t<meta name=\"twitter:data1\" content=\"65,00&euro;\" \/>\n\t<meta name=\"twitter:label2\" content=\"Availability\" \/>\n\t<meta name=\"twitter:data2\" content=\"In stock\" \/>\n<script type=\"application\/ld+json\" class=\"yoast-schema-graph\">{\"@context\":\"https:\\\/\\\/schema.org\",\"@graph\":[{\"@type\":\"WebPage\",\"@id\":\"https:\\\/\\\/www.ostrealia.fr\\\/en\\\/produit\\\/coffret-sublime\\\/\",\"url\":\"https:\\\/\\\/www.ostrealia.fr\\\/en\\\/produit\\\/coffret-sublime\\\/\",\"name\":\"F\u00eate des M\u00e8res: Coffret Sublime - Ostrealia cosm\u00e9tiques marins \u00e0 base de nacre made in France et 100% naturels\",\"isPartOf\":{\"@id\":\"https:\\\/\\\/www.ostrealia.fr\\\/en\\\/#website\"},\"primaryImageOfPage\":{\"@id\":\"https:\\\/\\\/www.ostrealia.fr\\\/en\\\/produit\\\/coffret-sublime\\\/#primaryimage\"},\"image\":{\"@id\":\"https:\\\/\\\/www.ostrealia.fr\\\/en\\\/produit\\\/coffret-sublime\\\/#primaryimage\"},\"thumbnailUrl\":\"https:\\\/\\\/www.ostrealia.fr\\\/wp-content\\\/uploads\\\/1.jpg\",\"datePublished\":\"2026-05-06T14:31:13+00:00\",\"dateModified\":\"2026-05-07T15:16:13+00:00\",\"breadcrumb\":{\"@id\":\"https:\\\/\\\/www.ostrealia.fr\\\/en\\\/produit\\\/coffret-sublime\\\/#breadcrumb\"},\"inLanguage\":\"en-US\",\"potentialAction\":[{\"@type\":\"ReadAction\",\"target\":[\"https:\\\/\\\/www.ostrealia.fr\\\/en\\\/produit\\\/coffret-sublime\\\/\"]}]},{\"@type\":\"ImageObject\",\"inLanguage\":\"en-US\",\"@id\":\"https:\\\/\\\/www.ostrealia.fr\\\/en\\\/produit\\\/coffret-sublime\\\/#primaryimage\",\"url\":\"https:\\\/\\\/www.ostrealia.fr\\\/wp-content\\\/uploads\\\/1.jpg\",\"contentUrl\":\"https:\\\/\\\/www.ostrealia.fr\\\/wp-content\\\/uploads\\\/1.jpg\",\"width\":800,\"height\":800,\"caption\":\"cosm\u00e9tiques \u00e0 base d'actifs marins\"},{\"@type\":\"BreadcrumbList\",\"@id\":\"https:\\\/\\\/www.ostrealia.fr\\\/en\\\/produit\\\/coffret-sublime\\\/#breadcrumb\",\"itemListElement\":[{\"@type\":\"ListItem\",\"position\":1,\"name\":\"Home\",\"item\":\"https:\\\/\\\/www.ostrealia.fr\\\/en\\\/home-ostrealia-marine-cosmetics\\\/\"},{\"@type\":\"ListItem\",\"position\":2,\"name\":\"Products\",\"item\":\"https:\\\/\\\/www.ostrealia.fr\\\/en\\\/boutique\\\/\"},{\"@type\":\"ListItem\",\"position\":3,\"name\":\"F\u00eate des M\u00e8res: Coffret Sublime\"}]},{\"@type\":\"WebSite\",\"@id\":\"https:\\\/\\\/www.ostrealia.fr\\\/en\\\/#website\",\"url\":\"https:\\\/\\\/www.ostrealia.fr\\\/en\\\/\",\"name\":\"Ostrealia cosm\u00e9tiques marins \u00e0 base de nacre made in France et 100% naturels\",\"description\":\"La vie vient de la mer\",\"potentialAction\":[{\"@type\":\"SearchAction\",\"target\":{\"@type\":\"EntryPoint\",\"urlTemplate\":\"https:\\\/\\\/www.ostrealia.fr\\\/en\\\/?s={search_term_string}\"},\"query-input\":{\"@type\":\"PropertyValueSpecification\",\"valueRequired\":true,\"valueName\":\"search_term_string\"}}],\"inLanguage\":\"en-US\"}]}<\/script>\n<meta property=\"product:price:amount\" content=\"65.00\" \/>\n<meta property=\"product:price:currency\" content=\"EUR\" \/>\n<meta property=\"og:availability\" content=\"instock\" \/>\n<meta property=\"product:availability\" content=\"instock\" \/>\n<meta property=\"product:condition\" content=\"new\" \/>\n<!-- \/ Yoast SEO Premium plugin. -->","yoast_head_json":{"title":"F\u00eate des M\u00e8res: Coffret Sublime - Ostrealia cosm\u00e9tiques marins \u00e0 base de nacre made in France et 100% naturels","robots":{"index":"index","follow":"follow","max-snippet":"max-snippet:-1","max-image-preview":"max-image-preview:large","max-video-preview":"max-video-preview:-1"},"canonical":"https:\/\/www.ostrealia.fr\/en\/produit\/coffret-sublime\/","og_locale":"en_US","og_type":"article","og_title":"F\u00eate des M\u00e8res: Coffret Sublime","og_description":"Coffret Sublime :Profitez de cette occasion pour faire plaisir \u00e0 votre m\u00e8re et b\u00e9n\u00e9ficier d\u2019une offre d\u00e9couverte Un coffret de produits upcycl\u00e9s, sp\u00e9cial soin du visage avec un elixir de perle, notre serum anti-\u00e2ge et anti-pollution et notre contour des yeux anti-ridules anti-poches et anti-cernes","og_url":"https:\/\/www.ostrealia.fr\/en\/produit\/coffret-sublime\/","og_site_name":"Ostrealia cosm\u00e9tiques marins \u00e0 base de nacre made in France et 100% naturels","article_modified_time":"2026-05-07T15:16:13+00:00","og_image":[{"width":800,"height":800,"url":"https:\/\/www.ostrealia.fr\/wp-content\/uploads\/1.jpg","type":"image\/jpeg"}],"twitter_card":"summary_large_image","twitter_misc":{"Price":"65,00&euro;","Availability":"In stock"},"schema":{"@context":"https:\/\/schema.org","@graph":[{"@type":"WebPage","@id":"https:\/\/www.ostrealia.fr\/en\/produit\/coffret-sublime\/","url":"https:\/\/www.ostrealia.fr\/en\/produit\/coffret-sublime\/","name":"F\u00eate des M\u00e8res: Coffret Sublime - Ostrealia cosm\u00e9tiques marins \u00e0 base de nacre made in France et 100% naturels","isPartOf":{"@id":"https:\/\/www.ostrealia.fr\/en\/#website"},"primaryImageOfPage":{"@id":"https:\/\/www.ostrealia.fr\/en\/produit\/coffret-sublime\/#primaryimage"},"image":{"@id":"https:\/\/www.ostrealia.fr\/en\/produit\/coffret-sublime\/#primaryimage"},"thumbnailUrl":"https:\/\/www.ostrealia.fr\/wp-content\/uploads\/1.jpg","datePublished":"2026-05-06T14:31:13+00:00","dateModified":"2026-05-07T15:16:13+00:00","breadcrumb":{"@id":"https:\/\/www.ostrealia.fr\/en\/produit\/coffret-sublime\/#breadcrumb"},"inLanguage":"en-US","potentialAction":[{"@type":"ReadAction","target":["https:\/\/www.ostrealia.fr\/en\/produit\/coffret-sublime\/"]}]},{"@type":"ImageObject","inLanguage":"en-US","@id":"https:\/\/www.ostrealia.fr\/en\/produit\/coffret-sublime\/#primaryimage","url":"https:\/\/www.ostrealia.fr\/wp-content\/uploads\/1.jpg","contentUrl":"https:\/\/www.ostrealia.fr\/wp-content\/uploads\/1.jpg","width":800,"height":800,"caption":"cosm\u00e9tiques \u00e0 base d'actifs marins"},{"@type":"BreadcrumbList","@id":"https:\/\/www.ostrealia.fr\/en\/produit\/coffret-sublime\/#breadcrumb","itemListElement":[{"@type":"ListItem","position":1,"name":"Home","item":"https:\/\/www.ostrealia.fr\/en\/home-ostrealia-marine-cosmetics\/"},{"@type":"ListItem","position":2,"name":"Products","item":"https:\/\/www.ostrealia.fr\/en\/boutique\/"},{"@type":"ListItem","position":3,"name":"F\u00eate des M\u00e8res: Coffret Sublime"}]},{"@type":"WebSite","@id":"https:\/\/www.ostrealia.fr\/en\/#website","url":"https:\/\/www.ostrealia.fr\/en\/","name":"Ostrealia cosm\u00e9tiques marins \u00e0 base de nacre made in France et 100% naturels","description":"La vie vient de la mer","potentialAction":[{"@type":"SearchAction","target":{"@type":"EntryPoint","urlTemplate":"https:\/\/www.ostrealia.fr\/en\/?s={search_term_string}"},"query-input":{"@type":"PropertyValueSpecification","valueRequired":true,"valueName":"search_term_string"}}],"inLanguage":"en-US"}]},"product_price_amount":"65.00","product_price_currency":"EUR","og_availability":"instock","product_availability":"instock","product_condition":"new"},"_links":{"self":[{"href":"https:\/\/www.ostrealia.fr\/en\/wp-json\/wp\/v2\/product\/17945","targetHints":{"allow":["GET"]}}],"collection":[{"href":"https:\/\/www.ostrealia.fr\/en\/wp-json\/wp\/v2\/product"}],"about":[{"href":"https:\/\/www.ostrealia.fr\/en\/wp-json\/wp\/v2\/types\/product"}],"replies":[{"embeddable":true,"href":"https:\/\/www.ostrealia.fr\/en\/wp-json\/wp\/v2\/comments?post=17945"}],"version-history":[{"count":3,"href":"https:\/\/www.ostrealia.fr\/en\/wp-json\/wp\/v2\/product\/17945\/revisions"}],"predecessor-version":[{"id":23509,"href":"https:\/\/www.ostrealia.fr\/en\/wp-json\/wp\/v2\/product\/17945\/revisions\/23509"}],"wp:featuredmedia":[{"embeddable":true,"href":"https:\/\/www.ostrealia.fr\/en\/wp-json\/wp\/v2\/media\/23517"}],"wp:attachment":[{"href":"https:\/\/www.ostrealia.fr\/en\/wp-json\/wp\/v2\/media?parent=17945"}],"wp:term":[{"taxonomy":"product_brand","embeddable":true,"href":"https:\/\/www.ostrealia.fr\/en\/wp-json\/wp\/v2\/product_brand?post=17945"},{"taxonomy":"product_cat","embeddable":true,"href":"https:\/\/www.ostrealia.fr\/en\/wp-json\/wp\/v2\/product_cat?post=17945"},{"taxonomy":"product_tag","embeddable":true,"href":"https:\/\/www.ostrealia.fr\/en\/wp-json\/wp\/v2\/product_tag?post=17945"}],"curies":[{"name":"wp","href":"https:\/\/api.w.org\/{rel}","templated":true}]}}