{"id":17970,"date":"2021-05-14T10:46:16","date_gmt":"2021-05-14T08:46:16","guid":{"rendered":"https:\/\/www.ostrealia.fr\/?post_type=product&#038;p=17970"},"modified":"2025-07-09T17:19:15","modified_gmt":"2025-07-09T15:19:15","slug":"lait-corps-cosmos-bio-soin-ostrealia-380ml","status":"publish","type":"product","link":"https:\/\/www.ostrealia.fr\/en\/produit\/lait-corps-cosmos-bio-soin-ostrealia-380ml\/","title":{"rendered":"LOTION LAIT POUR LE CORPS"},"content":{"rendered":"<p>D\u00e9couvrez notre lotion, un soin pour le corps certifi\u00e9 Cosmos Bio Ecocert. Cette formule riche compose 98,3 % d&#8217;ingr\u00e9dients naturels et la d\u00e9licieuse senteur d&#8217;orange douce parfume subtilement ce produit. Cette lotion vous offre une multitude d&#8217;avantages pour prendre soin de votre peau en profondeur :<\/p>\n<p>Tout d&#8217;abord, elle nourrit votre peau en profondeur, en apportant l&#8217;hydratation essentielle pour la maintenir souple et douce. Cette lotion cr\u00e9e \u00e9galement une barri\u00e8re l\u00e9g\u00e8re mais efficace qui prot\u00e8ge votre peau des agressions ext\u00e9rieures.<\/p>\n<p>De mani\u00e8re tout aussi importante, notre engagement envers l&#8217;environnement se traduit par notre flacon en plastique 100 % recycl\u00e9, r\u00e9duisant ainsi notre impact sur la plan\u00e8te.<\/p>\n<p>En outre, cette lotion convient \u00e0 tous les types de peaux, qu&#8217;elles soient s\u00e8ches, mixtes ou sensibles. Elle s&#8217;adapte \u00e0 vos besoins pour vous offrir une peau saine et radieuse.<\/p>\n","protected":false},"excerpt":{"rendered":"<div class=\"group w-full text-token-text-primary border-b border-black\/10 gizmo:border-0 dark:border-gray-900\/50 gizmo:dark:border-0 bg-gray-50 gizmo:bg-transparent dark:bg-[#444654] gizmo:dark:bg-transparent\" data-testid=\"conversation-turn-19\">\n<div class=\"p-4 justify-center text-base md:gap-6 md:py-6 m-auto\">\n<div class=\"flex flex-1 gap-4 text-base mx-auto md:gap-6 gizmo:gap-3 md:max-w-2xl lg:max-w-[38rem] xl:max-w-3xl }\">\n<div class=\"relative flex w-[calc(100%-50px)] flex-col gap-1 md:gap-3 lg:w-[calc(100%-115px)] agent-turn\">\n<div class=\"flex flex-grow flex-col gap-3 max-w-full\">\n<div class=\"min-h-[20px] flex flex-col items-start gap-3 overflow-x-auto whitespace-pre-wrap break-words\">\n<div class=\"markdown prose w-full break-words dark:prose-invert light\">\n<p>Notre lotion, un soin pour le corps certifi\u00e9 Cosmos Bio Ecocert, est compos\u00e9e \u00e0 98,3 % d&#8217;ingr\u00e9dients naturels et est d\u00e9licatement parfum\u00e9e \u00e0 l&#8217;orange douce.<\/p>\n<p>Cette lotion offre plusieurs avantages :<\/p>\n<ul>\n<li>Elle nourrit,<\/li>\n<li>Elle hydrate<\/li>\n<li>Elle prot\u00e8ge la peau.<\/li>\n<\/ul>\n<p>De plus, notre engagement envers l&#8217;environnement se manifeste \u00e0 travers notre flacon en plastique 100 % recycl\u00e9.<\/p>\n<p>En outre, cette lotion convient \u00e0 tous les types de peaux.<\/p>\n<\/div>\n<\/div>\n<\/div>\n<\/div>\n<\/div>\n<\/div>\n<\/div>\n<p>Contenance : 380 ml<\/p>\n<p>&nbsp;<\/p>\n","protected":false},"featured_media":21676,"comment_status":"closed","ping_status":"closed","template":"","meta":{"_acf_changed":false,"_monsterinsights_skip_tracking":false,"_monsterinsights_sitenote_active":false,"_monsterinsights_sitenote_note":"","_monsterinsights_sitenote_category":0},"product_brand":[],"product_cat":[15],"product_tag":[],"class_list":{"0":"post-17970","1":"product","2":"type-product","3":"status-publish","4":"has-post-thumbnail","6":"product_cat-corps","7":"pa_effets-appaisant","8":"pa_effets-hydratation","9":"pa_pour-femme","10":"pa_pour-homme","11":"pa_type-de-produits-hygiene","12":"pa_zone-cible-corps","14":"first","15":"outofstock","16":"sale","17":"taxable","18":"shipping-taxable","19":"purchasable","20":"product-type-simple"},"composite_virtual":false,"composite_layout":"","composite_add_to_cart_form_location":"","composite_editable_in_cart":false,"composite_sold_individually_context":"","composite_shop_price_calc":"","composite_components":[],"composite_scenarios":[],"bundled_by":["18569","19823","19852","20672","21009","22321","22327","22500","22655","22741"],"bundle_stock_status":"outofstock","bundle_stock_quantity":null,"bundle_virtual":false,"bundle_layout":"","bundle_add_to_cart_form_location":"","bundle_editable_in_cart":false,"bundle_sold_individually_context":"","bundle_item_grouping":"","bundle_min_size":"","bundle_max_size":"","bundle_price":[],"bundled_items":[],"bundle_sell_ids":[],"acf":[],"yoast_head":"<!-- This site is optimized with the Yoast SEO Premium plugin v20.10 (Yoast SEO v27.5) - https:\/\/yoast.com\/product\/yoast-seo-premium-wordpress\/ -->\n<title>lotion naturelle bio \u00e0 l&#039;orange \u2022 soin corps \u2022 Ostrealia<\/title>\n<meta name=\"description\" content=\"Un soin corps, une lotion naturelle certifi\u00e9 Cosmos Bio \u00e0 l&#039;orange douce pour une peau lisse, douce gr\u00e2ce \u00e0 notre formule respectueuse de l&#039;environnement.\" \/>\n<meta name=\"robots\" content=\"index, follow, max-snippet:-1, max-image-preview:large, max-video-preview:-1\" \/>\n<link rel=\"canonical\" href=\"https:\/\/www.ostrealia.fr\/en\/produit\/lait-corps-cosmos-bio-soin-ostrealia-380ml\/\" \/>\n<meta property=\"og:locale\" content=\"en_US\" \/>\n<meta property=\"og:type\" content=\"article\" \/>\n<meta property=\"og:title\" content=\"LOTION LAIT POUR LE CORPS\" \/>\n<meta property=\"og:description\" content=\"Un soin corps, une lotion naturelle certifi\u00e9 Cosmos Bio \u00e0 l&#039;orange douce pour une peau lisse, douce gr\u00e2ce \u00e0 notre formule respectueuse de l&#039;environnement.\" \/>\n<meta property=\"og:url\" content=\"https:\/\/www.ostrealia.fr\/en\/produit\/lait-corps-cosmos-bio-soin-ostrealia-380ml\/\" \/>\n<meta property=\"og:site_name\" content=\"Ostrealia cosm\u00e9tiques marins \u00e0 base de nacre made in France et 100% naturels\" \/>\n<meta property=\"article:modified_time\" content=\"2025-07-09T15:19:15+00:00\" \/>\n<meta property=\"og:image\" content=\"https:\/\/www.ostrealia.fr\/wp-content\/uploads\/lotion-corps-ostrealia-cosmetiques-marins.png\" \/>\n\t<meta property=\"og:image:width\" content=\"1080\" \/>\n\t<meta property=\"og:image:height\" content=\"1080\" \/>\n\t<meta property=\"og:image:type\" content=\"image\/png\" \/>\n<meta name=\"twitter:card\" content=\"summary_large_image\" \/>\n<meta name=\"twitter:label1\" content=\"Price\" \/>\n\t<meta name=\"twitter:data1\" content=\"6,00&euro;\" \/>\n\t<meta name=\"twitter:label2\" content=\"Availability\" \/>\n\t<meta name=\"twitter:data2\" content=\"Out of stock\" \/>\n<script type=\"application\/ld+json\" class=\"yoast-schema-graph\">{\"@context\":\"https:\\\/\\\/schema.org\",\"@graph\":[{\"@type\":\"WebPage\",\"@id\":\"https:\\\/\\\/www.ostrealia.fr\\\/en\\\/produit\\\/lait-corps-cosmos-bio-soin-ostrealia-380ml\\\/\",\"url\":\"https:\\\/\\\/www.ostrealia.fr\\\/en\\\/produit\\\/lait-corps-cosmos-bio-soin-ostrealia-380ml\\\/\",\"name\":\"lotion naturelle bio \u00e0 l'orange \u2022 soin corps \u2022 Ostrealia\",\"isPartOf\":{\"@id\":\"https:\\\/\\\/www.ostrealia.fr\\\/en\\\/#website\"},\"primaryImageOfPage\":{\"@id\":\"https:\\\/\\\/www.ostrealia.fr\\\/en\\\/produit\\\/lait-corps-cosmos-bio-soin-ostrealia-380ml\\\/#primaryimage\"},\"image\":{\"@id\":\"https:\\\/\\\/www.ostrealia.fr\\\/en\\\/produit\\\/lait-corps-cosmos-bio-soin-ostrealia-380ml\\\/#primaryimage\"},\"thumbnailUrl\":\"https:\\\/\\\/www.ostrealia.fr\\\/wp-content\\\/uploads\\\/lotion-corps-ostrealia-cosmetiques-marins.png\",\"datePublished\":\"2021-05-14T08:46:16+00:00\",\"dateModified\":\"2025-07-09T15:19:15+00:00\",\"description\":\"Un soin corps, une lotion naturelle certifi\u00e9 Cosmos Bio \u00e0 l'orange douce pour une peau lisse, douce gr\u00e2ce \u00e0 notre formule respectueuse de l'environnement.\",\"breadcrumb\":{\"@id\":\"https:\\\/\\\/www.ostrealia.fr\\\/en\\\/produit\\\/lait-corps-cosmos-bio-soin-ostrealia-380ml\\\/#breadcrumb\"},\"inLanguage\":\"en-US\",\"potentialAction\":[{\"@type\":\"ReadAction\",\"target\":[\"https:\\\/\\\/www.ostrealia.fr\\\/en\\\/produit\\\/lait-corps-cosmos-bio-soin-ostrealia-380ml\\\/\"]}]},{\"@type\":\"ImageObject\",\"inLanguage\":\"en-US\",\"@id\":\"https:\\\/\\\/www.ostrealia.fr\\\/en\\\/produit\\\/lait-corps-cosmos-bio-soin-ostrealia-380ml\\\/#primaryimage\",\"url\":\"https:\\\/\\\/www.ostrealia.fr\\\/wp-content\\\/uploads\\\/lotion-corps-ostrealia-cosmetiques-marins.png\",\"contentUrl\":\"https:\\\/\\\/www.ostrealia.fr\\\/wp-content\\\/uploads\\\/lotion-corps-ostrealia-cosmetiques-marins.png\",\"width\":1080,\"height\":1080,\"caption\":\"soin lotion corps ostrealia cosm\u00e9tiques \u00e0 base de nacre\"},{\"@type\":\"BreadcrumbList\",\"@id\":\"https:\\\/\\\/www.ostrealia.fr\\\/en\\\/produit\\\/lait-corps-cosmos-bio-soin-ostrealia-380ml\\\/#breadcrumb\",\"itemListElement\":[{\"@type\":\"ListItem\",\"position\":1,\"name\":\"Home\",\"item\":\"https:\\\/\\\/www.ostrealia.fr\\\/en\\\/home-ostrealia-marine-cosmetics\\\/\"},{\"@type\":\"ListItem\",\"position\":2,\"name\":\"Products\",\"item\":\"https:\\\/\\\/www.ostrealia.fr\\\/en\\\/boutique\\\/\"},{\"@type\":\"ListItem\",\"position\":3,\"name\":\"LOTION LAIT POUR LE CORPS\"}]},{\"@type\":\"WebSite\",\"@id\":\"https:\\\/\\\/www.ostrealia.fr\\\/en\\\/#website\",\"url\":\"https:\\\/\\\/www.ostrealia.fr\\\/en\\\/\",\"name\":\"Ostrealia cosm\u00e9tiques marins \u00e0 base de nacre made in France et 100% naturels\",\"description\":\"La vie vient de la mer\",\"potentialAction\":[{\"@type\":\"SearchAction\",\"target\":{\"@type\":\"EntryPoint\",\"urlTemplate\":\"https:\\\/\\\/www.ostrealia.fr\\\/en\\\/?s={search_term_string}\"},\"query-input\":{\"@type\":\"PropertyValueSpecification\",\"valueRequired\":true,\"valueName\":\"search_term_string\"}}],\"inLanguage\":\"en-US\"}]}<\/script>\n<meta property=\"product:price:amount\" content=\"6.00\" \/>\n<meta property=\"product:price:currency\" content=\"EUR\" \/>\n<meta property=\"og:availability\" content=\"out of stock\" \/>\n<meta property=\"product:availability\" content=\"out of stock\" \/>\n<meta property=\"product:retailer_item_id\" content=\"LAIBIO\" \/>\n<meta property=\"product:condition\" content=\"new\" \/>\n<!-- \/ Yoast SEO Premium plugin. -->","yoast_head_json":{"title":"lotion naturelle bio \u00e0 l'orange \u2022 soin corps \u2022 Ostrealia","description":"Un soin corps, une lotion naturelle certifi\u00e9 Cosmos Bio \u00e0 l'orange douce pour une peau lisse, douce gr\u00e2ce \u00e0 notre formule respectueuse de l'environnement.","robots":{"index":"index","follow":"follow","max-snippet":"max-snippet:-1","max-image-preview":"max-image-preview:large","max-video-preview":"max-video-preview:-1"},"canonical":"https:\/\/www.ostrealia.fr\/en\/produit\/lait-corps-cosmos-bio-soin-ostrealia-380ml\/","og_locale":"en_US","og_type":"article","og_title":"LOTION LAIT POUR LE CORPS","og_description":"Un soin corps, une lotion naturelle certifi\u00e9 Cosmos Bio \u00e0 l'orange douce pour une peau lisse, douce gr\u00e2ce \u00e0 notre formule respectueuse de l'environnement.","og_url":"https:\/\/www.ostrealia.fr\/en\/produit\/lait-corps-cosmos-bio-soin-ostrealia-380ml\/","og_site_name":"Ostrealia cosm\u00e9tiques marins \u00e0 base de nacre made in France et 100% naturels","article_modified_time":"2025-07-09T15:19:15+00:00","og_image":[{"width":1080,"height":1080,"url":"https:\/\/www.ostrealia.fr\/wp-content\/uploads\/lotion-corps-ostrealia-cosmetiques-marins.png","type":"image\/png"}],"twitter_card":"summary_large_image","twitter_misc":{"Price":"6,00&euro;","Availability":"Out of stock"},"schema":{"@context":"https:\/\/schema.org","@graph":[{"@type":"WebPage","@id":"https:\/\/www.ostrealia.fr\/en\/produit\/lait-corps-cosmos-bio-soin-ostrealia-380ml\/","url":"https:\/\/www.ostrealia.fr\/en\/produit\/lait-corps-cosmos-bio-soin-ostrealia-380ml\/","name":"lotion naturelle bio \u00e0 l'orange \u2022 soin corps \u2022 Ostrealia","isPartOf":{"@id":"https:\/\/www.ostrealia.fr\/en\/#website"},"primaryImageOfPage":{"@id":"https:\/\/www.ostrealia.fr\/en\/produit\/lait-corps-cosmos-bio-soin-ostrealia-380ml\/#primaryimage"},"image":{"@id":"https:\/\/www.ostrealia.fr\/en\/produit\/lait-corps-cosmos-bio-soin-ostrealia-380ml\/#primaryimage"},"thumbnailUrl":"https:\/\/www.ostrealia.fr\/wp-content\/uploads\/lotion-corps-ostrealia-cosmetiques-marins.png","datePublished":"2021-05-14T08:46:16+00:00","dateModified":"2025-07-09T15:19:15+00:00","description":"Un soin corps, une lotion naturelle certifi\u00e9 Cosmos Bio \u00e0 l'orange douce pour une peau lisse, douce gr\u00e2ce \u00e0 notre formule respectueuse de l'environnement.","breadcrumb":{"@id":"https:\/\/www.ostrealia.fr\/en\/produit\/lait-corps-cosmos-bio-soin-ostrealia-380ml\/#breadcrumb"},"inLanguage":"en-US","potentialAction":[{"@type":"ReadAction","target":["https:\/\/www.ostrealia.fr\/en\/produit\/lait-corps-cosmos-bio-soin-ostrealia-380ml\/"]}]},{"@type":"ImageObject","inLanguage":"en-US","@id":"https:\/\/www.ostrealia.fr\/en\/produit\/lait-corps-cosmos-bio-soin-ostrealia-380ml\/#primaryimage","url":"https:\/\/www.ostrealia.fr\/wp-content\/uploads\/lotion-corps-ostrealia-cosmetiques-marins.png","contentUrl":"https:\/\/www.ostrealia.fr\/wp-content\/uploads\/lotion-corps-ostrealia-cosmetiques-marins.png","width":1080,"height":1080,"caption":"soin lotion corps ostrealia cosm\u00e9tiques \u00e0 base de nacre"},{"@type":"BreadcrumbList","@id":"https:\/\/www.ostrealia.fr\/en\/produit\/lait-corps-cosmos-bio-soin-ostrealia-380ml\/#breadcrumb","itemListElement":[{"@type":"ListItem","position":1,"name":"Home","item":"https:\/\/www.ostrealia.fr\/en\/home-ostrealia-marine-cosmetics\/"},{"@type":"ListItem","position":2,"name":"Products","item":"https:\/\/www.ostrealia.fr\/en\/boutique\/"},{"@type":"ListItem","position":3,"name":"LOTION LAIT POUR LE CORPS"}]},{"@type":"WebSite","@id":"https:\/\/www.ostrealia.fr\/en\/#website","url":"https:\/\/www.ostrealia.fr\/en\/","name":"Ostrealia cosm\u00e9tiques marins \u00e0 base de nacre made in France et 100% naturels","description":"La vie vient de la mer","potentialAction":[{"@type":"SearchAction","target":{"@type":"EntryPoint","urlTemplate":"https:\/\/www.ostrealia.fr\/en\/?s={search_term_string}"},"query-input":{"@type":"PropertyValueSpecification","valueRequired":true,"valueName":"search_term_string"}}],"inLanguage":"en-US"}]},"product_price_amount":"6.00","product_price_currency":"EUR","og_availability":"out of stock","product_availability":"out of stock","product_retailer_item_id":"LAIBIO","product_condition":"new"},"_links":{"self":[{"href":"https:\/\/www.ostrealia.fr\/en\/wp-json\/wp\/v2\/product\/17970","targetHints":{"allow":["GET"]}}],"collection":[{"href":"https:\/\/www.ostrealia.fr\/en\/wp-json\/wp\/v2\/product"}],"about":[{"href":"https:\/\/www.ostrealia.fr\/en\/wp-json\/wp\/v2\/types\/product"}],"replies":[{"embeddable":true,"href":"https:\/\/www.ostrealia.fr\/en\/wp-json\/wp\/v2\/comments?post=17970"}],"version-history":[{"count":0,"href":"https:\/\/www.ostrealia.fr\/en\/wp-json\/wp\/v2\/product\/17970\/revisions"}],"wp:featuredmedia":[{"embeddable":true,"href":"https:\/\/www.ostrealia.fr\/en\/wp-json\/wp\/v2\/media\/21676"}],"wp:attachment":[{"href":"https:\/\/www.ostrealia.fr\/en\/wp-json\/wp\/v2\/media?parent=17970"}],"wp:term":[{"taxonomy":"product_brand","embeddable":true,"href":"https:\/\/www.ostrealia.fr\/en\/wp-json\/wp\/v2\/product_brand?post=17970"},{"taxonomy":"product_cat","embeddable":true,"href":"https:\/\/www.ostrealia.fr\/en\/wp-json\/wp\/v2\/product_cat?post=17970"},{"taxonomy":"product_tag","embeddable":true,"href":"https:\/\/www.ostrealia.fr\/en\/wp-json\/wp\/v2\/product_tag?post=17970"}],"curies":[{"name":"wp","href":"https:\/\/api.w.org\/{rel}","templated":true}]}}