{"id":17972,"date":"2021-05-14T10:55:27","date_gmt":"2021-05-14T08:55:27","guid":{"rendered":"https:\/\/www.ostrealia.fr\/?post_type=product&#038;p=17972"},"modified":"2024-10-24T08:25:08","modified_gmt":"2024-10-24T06:25:08","slug":"gel-douche-cosmos-ostrealia-380ml","status":"publish","type":"product","link":"https:\/\/www.ostrealia.fr\/en\/produit\/gel-douche-cosmos-ostrealia-380ml\/","title":{"rendered":"GEL LAVANT CORPS BIO"},"content":{"rendered":"<div class=\"flex-1 overflow-hidden\">\n<div class=\"react-scroll-to-bottom--css-npchw-79elbk h-full dark:bg-gray-800\">\n<div class=\"react-scroll-to-bottom--css-npchw-1n7m0yu\">\n<div class=\"flex flex-col text-sm dark:bg-gray-800\">\n<div class=\"group w-full text-token-text-primary border-b border-black\/10 gizmo:border-0 dark:border-gray-900\/50 gizmo:dark:border-0 bg-gray-50 gizmo:bg-transparent dark:bg-[#444654] gizmo:dark:bg-transparent\" data-testid=\"conversation-turn-23\">\n<div class=\"p-4 justify-center text-base md:gap-6 md:py-6 m-auto\">\n<div class=\"flex flex-1 gap-4 text-base mx-auto md:gap-6 gizmo:gap-3 md:max-w-2xl lg:max-w-[38rem] xl:max-w-3xl }\">\n<div class=\"relative flex w-[calc(100%-50px)] flex-col gap-1 md:gap-3 lg:w-[calc(100%-115px)] agent-turn\">\n<div class=\"flex flex-grow flex-col gap-3 max-w-full\">\n<div class=\"min-h-[20px] flex flex-col items-start gap-3 overflow-x-auto whitespace-pre-wrap break-words\">\n<div class=\"markdown prose w-full break-words dark:prose-invert light\">\n<p>D\u00e9couvrez notre gel lavant pour le corps, un soin certifi\u00e9 Cosmos Bio Ecocert, \u00e9labor\u00e9 avec une attention m\u00e9ticuleuse aux d\u00e9tails. Cette formule luxueusement riche est compos\u00e9e \u00e0 98,3 % d&#8217;ingr\u00e9dients naturels. De plus, son parfum subtil d&#8217;orange douce ajoute une touche d\u00e9licate \u00e0 l&#8217;exp\u00e9rience.<\/p>\n<h5>Cette soin a \u00e9t\u00e9 sp\u00e9cialement con\u00e7ue pour offrir une gamme compl\u00e8te d&#8217;avantages et prendre soin de votre peau en profondeur :<\/h5>\n<p>Tout d&#8217;abord, elle nourrit votre peau en profondeur. Tout en fournissant une hydratation essentielle qui permet de maintenir une peau souple, douce et bien hydrat\u00e9e. La lotion cr\u00e9e \u00e9galement une barri\u00e8re protectrice, l\u00e9g\u00e8re mais efficace. Celle-ci aide \u00e0 pr\u00e9server votre peau des agressions ext\u00e9rieures telles que la pollution et les intemp\u00e9ries.<\/p>\n<p>De mani\u00e8re tout aussi cruciale, notre engagement envers l&#8217;environnement se refl\u00e8te dans notre choix de flacon en plastique 100 % recycl\u00e9. En optant pour ce mat\u00e9riau, nous contribuons \u00e0 r\u00e9duire notre impact sur la plan\u00e8te et \u00e0 soutenir la durabilit\u00e9 environnementale.<\/p>\n<p>En outre, ce gel lavant pour le corps est polyvalente et convient \u00e0 tous les types de peaux, qu&#8217;elles soient s\u00e8ches, mixtes ou sensibles. Elle est con\u00e7ue pour s&#8217;adapter \u00e0 vos besoins individuels, vous offrant une solution compl\u00e8te pour une peau saine, radieuse et choy\u00e9e.<\/p>\n<p>Profitez pleinement de cette exp\u00e9rience de soin du corps, qui allie le naturel, l&#8217;efficacit\u00e9 et le respect de l&#8217;environnement pour vous offrir le meilleur de la beaut\u00e9 et du bien-\u00eatre.<\/p>\n<\/div>\n<\/div>\n<\/div>\n<\/div>\n<\/div>\n<\/div>\n<\/div>\n<div class=\"h-32 md:h-48 flex-shrink-0\"><\/div>\n<\/div>\n<\/div>\n<\/div>\n<\/div>\n<div class=\"absolute bottom-0 left-0 w-full border-t md:border-t-0 dark:border-white\/20 md:border-transparent md:dark:border-transparent md:bg-vert-light-gradient bg-white dark:bg-gray-800 md:!bg-transparent dark:md:bg-vert-dark-gradient pt-2 md:pl-2 md:w-[calc(100%-.5rem)]\">\n<form class=\"stretch mx-2 flex flex-row gap-3 last:mb-2 md:mx-4 md:last:mb-6 lg:mx-auto lg:max-w-2xl xl:max-w-3xl\">\n<div class=\"relative flex h-full flex-1 items-stretch md:flex-col\">\n<div>\n<div class=\"h-full flex ml-1 md:w-full md:m-auto md:mb-4 gap-0 md:gap-2 justify-center\">\n<div class=\"grow\"><\/div>\n<div class=\"flex items-center md:items-end\">\n<div data-projection-id=\"69\"><\/div>\n<\/div>\n<\/div>\n<\/div>\n<\/div>\n<\/form>\n<\/div>\n","protected":false},"excerpt":{"rendered":"<p>Notre gel lavant naturel pour le corps doux certifi\u00e9 Cosmos Bio Ecocert est \u00e0 d\u00e9couvrir. Il est enrichi \u00e0 98,3 % d\u2019ingr\u00e9dients naturels et d\u00e9licatement parfum\u00e9 aux agrumes. De plus, ce gel lavant offre plusieurs avantages :<\/p>\n<p>Tout d\u2019abord, il laisse votre peau hydrat\u00e9e et fra\u00eeche. De plus, notre engagement envers l\u2019environnement se manifeste \u00e0 travers notre flacon en plastique 100 % recycl\u00e9.<\/p>\n<p>En outre, ce gel lavant naturel pour le corps doux convient \u00e0 tous les types de peaux. Pour une utilisation optimale, appliquez une noix de gel lavant sur une peau humide, puis rincez soigneusement.<\/p>\n<p>Contenance : 380 ml<\/p>\n<p>&nbsp;<\/p>\n","protected":false},"featured_media":21673,"comment_status":"closed","ping_status":"closed","template":"","meta":{"_acf_changed":false,"_monsterinsights_skip_tracking":false,"_monsterinsights_sitenote_active":false,"_monsterinsights_sitenote_note":"","_monsterinsights_sitenote_category":0},"product_brand":[],"product_cat":[15],"product_tag":[276],"class_list":{"0":"post-17972","1":"product","2":"type-product","3":"status-publish","4":"has-post-thumbnail","6":"product_cat-corps","7":"product_tag-moment","8":"pa_effets-appaisant","9":"pa_effets-hydratation","10":"pa_galenique-gel","11":"pa_pour-femme","12":"pa_pour-homme","13":"pa_type-de-produits-hygiene","14":"pa_zone-cible-corps","15":"pa_zone-cible-visage","17":"first","18":"instock","19":"sale","20":"taxable","21":"shipping-taxable","22":"purchasable","23":"product-type-simple"},"composite_virtual":false,"composite_layout":"","composite_add_to_cart_form_location":"","composite_editable_in_cart":false,"composite_sold_individually_context":"","composite_shop_price_calc":"","composite_components":[],"composite_scenarios":[],"bundled_by":["18134","18561","19862","20679","22331","22503","22505","22748","22902"],"bundle_stock_status":"instock","bundle_stock_quantity":null,"bundle_virtual":false,"bundle_layout":"","bundle_add_to_cart_form_location":"","bundle_editable_in_cart":false,"bundle_sold_individually_context":"","bundle_item_grouping":"","bundle_min_size":"","bundle_max_size":"","bundle_price":[],"bundled_items":[],"bundle_sell_ids":[],"acf":[],"yoast_head":"<!-- This site is optimized with the Yoast SEO Premium plugin v20.10 (Yoast SEO v27.5) - https:\/\/yoast.com\/product\/yoast-seo-premium-wordpress\/ -->\n<title>gel lavant corps bio \u2022 ostrealia<\/title>\n<meta name=\"description\" content=\"D\u00e9couvrez le secret d&#039;une peau douce, fra\u00eeche avec notre gel lavant corps bio parfum\u00e9 aux agrumes. Convient \u00e0 tous les types de peaux.\" \/>\n<meta name=\"robots\" content=\"index, follow, max-snippet:-1, max-image-preview:large, max-video-preview:-1\" \/>\n<link rel=\"canonical\" href=\"https:\/\/www.ostrealia.fr\/en\/produit\/gel-douche-cosmos-ostrealia-380ml\/\" \/>\n<meta property=\"og:locale\" content=\"en_US\" \/>\n<meta property=\"og:type\" content=\"article\" \/>\n<meta property=\"og:title\" content=\"GEL LAVANT CORPS BIO\" \/>\n<meta property=\"og:description\" content=\"D\u00e9couvrez le secret d&#039;une peau douce, fra\u00eeche avec notre gel lavant corps bio parfum\u00e9 aux agrumes. Convient \u00e0 tous les types de peaux.\" \/>\n<meta property=\"og:url\" content=\"https:\/\/www.ostrealia.fr\/en\/produit\/gel-douche-cosmos-ostrealia-380ml\/\" \/>\n<meta property=\"og:site_name\" content=\"Ostrealia cosm\u00e9tiques marins \u00e0 base de nacre made in France et 100% naturels\" \/>\n<meta property=\"article:modified_time\" content=\"2024-10-24T06:25:08+00:00\" \/>\n<meta property=\"og:image\" content=\"https:\/\/www.ostrealia.fr\/wp-content\/uploads\/Gel-lavant-ostrealia-cosmetiques-marins.png\" \/>\n\t<meta property=\"og:image:width\" content=\"1080\" \/>\n\t<meta property=\"og:image:height\" content=\"1080\" \/>\n\t<meta property=\"og:image:type\" content=\"image\/png\" \/>\n<meta name=\"twitter:card\" content=\"summary_large_image\" \/>\n<meta name=\"twitter:label1\" content=\"Price\" \/>\n\t<meta name=\"twitter:data1\" content=\"5,00&euro;\" \/>\n\t<meta name=\"twitter:label2\" content=\"Availability\" \/>\n\t<meta name=\"twitter:data2\" content=\"In stock\" \/>\n<script type=\"application\/ld+json\" class=\"yoast-schema-graph\">{\"@context\":\"https:\\\/\\\/schema.org\",\"@graph\":[{\"@type\":\"WebPage\",\"@id\":\"https:\\\/\\\/www.ostrealia.fr\\\/en\\\/produit\\\/gel-douche-cosmos-ostrealia-380ml\\\/\",\"url\":\"https:\\\/\\\/www.ostrealia.fr\\\/en\\\/produit\\\/gel-douche-cosmos-ostrealia-380ml\\\/\",\"name\":\"gel lavant corps bio \u2022 ostrealia\",\"isPartOf\":{\"@id\":\"https:\\\/\\\/www.ostrealia.fr\\\/en\\\/#website\"},\"primaryImageOfPage\":{\"@id\":\"https:\\\/\\\/www.ostrealia.fr\\\/en\\\/produit\\\/gel-douche-cosmos-ostrealia-380ml\\\/#primaryimage\"},\"image\":{\"@id\":\"https:\\\/\\\/www.ostrealia.fr\\\/en\\\/produit\\\/gel-douche-cosmos-ostrealia-380ml\\\/#primaryimage\"},\"thumbnailUrl\":\"https:\\\/\\\/www.ostrealia.fr\\\/wp-content\\\/uploads\\\/Gel-lavant-ostrealia-cosmetiques-marins.png\",\"datePublished\":\"2021-05-14T08:55:27+00:00\",\"dateModified\":\"2024-10-24T06:25:08+00:00\",\"description\":\"D\u00e9couvrez le secret d'une peau douce, fra\u00eeche avec notre gel lavant corps bio parfum\u00e9 aux agrumes. Convient \u00e0 tous les types de peaux.\",\"breadcrumb\":{\"@id\":\"https:\\\/\\\/www.ostrealia.fr\\\/en\\\/produit\\\/gel-douche-cosmos-ostrealia-380ml\\\/#breadcrumb\"},\"inLanguage\":\"en-US\",\"potentialAction\":[{\"@type\":\"ReadAction\",\"target\":[\"https:\\\/\\\/www.ostrealia.fr\\\/en\\\/produit\\\/gel-douche-cosmos-ostrealia-380ml\\\/\"]}]},{\"@type\":\"ImageObject\",\"inLanguage\":\"en-US\",\"@id\":\"https:\\\/\\\/www.ostrealia.fr\\\/en\\\/produit\\\/gel-douche-cosmos-ostrealia-380ml\\\/#primaryimage\",\"url\":\"https:\\\/\\\/www.ostrealia.fr\\\/wp-content\\\/uploads\\\/Gel-lavant-ostrealia-cosmetiques-marins.png\",\"contentUrl\":\"https:\\\/\\\/www.ostrealia.fr\\\/wp-content\\\/uploads\\\/Gel-lavant-ostrealia-cosmetiques-marins.png\",\"width\":1080,\"height\":1080,\"caption\":\"gel lavant ostrealia parfum\u00e9 \u00e0 l'orange douce\"},{\"@type\":\"BreadcrumbList\",\"@id\":\"https:\\\/\\\/www.ostrealia.fr\\\/en\\\/produit\\\/gel-douche-cosmos-ostrealia-380ml\\\/#breadcrumb\",\"itemListElement\":[{\"@type\":\"ListItem\",\"position\":1,\"name\":\"Home\",\"item\":\"https:\\\/\\\/www.ostrealia.fr\\\/en\\\/home-ostrealia-marine-cosmetics\\\/\"},{\"@type\":\"ListItem\",\"position\":2,\"name\":\"Products\",\"item\":\"https:\\\/\\\/www.ostrealia.fr\\\/en\\\/boutique\\\/\"},{\"@type\":\"ListItem\",\"position\":3,\"name\":\"GEL LAVANT CORPS BIO\"}]},{\"@type\":\"WebSite\",\"@id\":\"https:\\\/\\\/www.ostrealia.fr\\\/en\\\/#website\",\"url\":\"https:\\\/\\\/www.ostrealia.fr\\\/en\\\/\",\"name\":\"Ostrealia cosm\u00e9tiques marins \u00e0 base de nacre made in France et 100% naturels\",\"description\":\"La vie vient de la mer\",\"potentialAction\":[{\"@type\":\"SearchAction\",\"target\":{\"@type\":\"EntryPoint\",\"urlTemplate\":\"https:\\\/\\\/www.ostrealia.fr\\\/en\\\/?s={search_term_string}\"},\"query-input\":{\"@type\":\"PropertyValueSpecification\",\"valueRequired\":true,\"valueName\":\"search_term_string\"}}],\"inLanguage\":\"en-US\"}]}<\/script>\n<meta property=\"product:price:amount\" content=\"5.00\" \/>\n<meta property=\"product:price:currency\" content=\"EUR\" \/>\n<meta property=\"og:availability\" content=\"instock\" \/>\n<meta property=\"product:availability\" content=\"instock\" \/>\n<meta property=\"product:retailer_item_id\" content=\"GELBIO\" \/>\n<meta property=\"product:condition\" content=\"new\" \/>\n<!-- \/ Yoast SEO Premium plugin. -->","yoast_head_json":{"title":"gel lavant corps bio \u2022 ostrealia","description":"D\u00e9couvrez le secret d'une peau douce, fra\u00eeche avec notre gel lavant corps bio parfum\u00e9 aux agrumes. Convient \u00e0 tous les types de peaux.","robots":{"index":"index","follow":"follow","max-snippet":"max-snippet:-1","max-image-preview":"max-image-preview:large","max-video-preview":"max-video-preview:-1"},"canonical":"https:\/\/www.ostrealia.fr\/en\/produit\/gel-douche-cosmos-ostrealia-380ml\/","og_locale":"en_US","og_type":"article","og_title":"GEL LAVANT CORPS BIO","og_description":"D\u00e9couvrez le secret d'une peau douce, fra\u00eeche avec notre gel lavant corps bio parfum\u00e9 aux agrumes. Convient \u00e0 tous les types de peaux.","og_url":"https:\/\/www.ostrealia.fr\/en\/produit\/gel-douche-cosmos-ostrealia-380ml\/","og_site_name":"Ostrealia cosm\u00e9tiques marins \u00e0 base de nacre made in France et 100% naturels","article_modified_time":"2024-10-24T06:25:08+00:00","og_image":[{"width":1080,"height":1080,"url":"https:\/\/www.ostrealia.fr\/wp-content\/uploads\/Gel-lavant-ostrealia-cosmetiques-marins.png","type":"image\/png"}],"twitter_card":"summary_large_image","twitter_misc":{"Price":"5,00&euro;","Availability":"In stock"},"schema":{"@context":"https:\/\/schema.org","@graph":[{"@type":"WebPage","@id":"https:\/\/www.ostrealia.fr\/en\/produit\/gel-douche-cosmos-ostrealia-380ml\/","url":"https:\/\/www.ostrealia.fr\/en\/produit\/gel-douche-cosmos-ostrealia-380ml\/","name":"gel lavant corps bio \u2022 ostrealia","isPartOf":{"@id":"https:\/\/www.ostrealia.fr\/en\/#website"},"primaryImageOfPage":{"@id":"https:\/\/www.ostrealia.fr\/en\/produit\/gel-douche-cosmos-ostrealia-380ml\/#primaryimage"},"image":{"@id":"https:\/\/www.ostrealia.fr\/en\/produit\/gel-douche-cosmos-ostrealia-380ml\/#primaryimage"},"thumbnailUrl":"https:\/\/www.ostrealia.fr\/wp-content\/uploads\/Gel-lavant-ostrealia-cosmetiques-marins.png","datePublished":"2021-05-14T08:55:27+00:00","dateModified":"2024-10-24T06:25:08+00:00","description":"D\u00e9couvrez le secret d'une peau douce, fra\u00eeche avec notre gel lavant corps bio parfum\u00e9 aux agrumes. Convient \u00e0 tous les types de peaux.","breadcrumb":{"@id":"https:\/\/www.ostrealia.fr\/en\/produit\/gel-douche-cosmos-ostrealia-380ml\/#breadcrumb"},"inLanguage":"en-US","potentialAction":[{"@type":"ReadAction","target":["https:\/\/www.ostrealia.fr\/en\/produit\/gel-douche-cosmos-ostrealia-380ml\/"]}]},{"@type":"ImageObject","inLanguage":"en-US","@id":"https:\/\/www.ostrealia.fr\/en\/produit\/gel-douche-cosmos-ostrealia-380ml\/#primaryimage","url":"https:\/\/www.ostrealia.fr\/wp-content\/uploads\/Gel-lavant-ostrealia-cosmetiques-marins.png","contentUrl":"https:\/\/www.ostrealia.fr\/wp-content\/uploads\/Gel-lavant-ostrealia-cosmetiques-marins.png","width":1080,"height":1080,"caption":"gel lavant ostrealia parfum\u00e9 \u00e0 l'orange douce"},{"@type":"BreadcrumbList","@id":"https:\/\/www.ostrealia.fr\/en\/produit\/gel-douche-cosmos-ostrealia-380ml\/#breadcrumb","itemListElement":[{"@type":"ListItem","position":1,"name":"Home","item":"https:\/\/www.ostrealia.fr\/en\/home-ostrealia-marine-cosmetics\/"},{"@type":"ListItem","position":2,"name":"Products","item":"https:\/\/www.ostrealia.fr\/en\/boutique\/"},{"@type":"ListItem","position":3,"name":"GEL LAVANT CORPS BIO"}]},{"@type":"WebSite","@id":"https:\/\/www.ostrealia.fr\/en\/#website","url":"https:\/\/www.ostrealia.fr\/en\/","name":"Ostrealia cosm\u00e9tiques marins \u00e0 base de nacre made in France et 100% naturels","description":"La vie vient de la mer","potentialAction":[{"@type":"SearchAction","target":{"@type":"EntryPoint","urlTemplate":"https:\/\/www.ostrealia.fr\/en\/?s={search_term_string}"},"query-input":{"@type":"PropertyValueSpecification","valueRequired":true,"valueName":"search_term_string"}}],"inLanguage":"en-US"}]},"product_price_amount":"5.00","product_price_currency":"EUR","og_availability":"instock","product_availability":"instock","product_retailer_item_id":"GELBIO","product_condition":"new"},"_links":{"self":[{"href":"https:\/\/www.ostrealia.fr\/en\/wp-json\/wp\/v2\/product\/17972","targetHints":{"allow":["GET"]}}],"collection":[{"href":"https:\/\/www.ostrealia.fr\/en\/wp-json\/wp\/v2\/product"}],"about":[{"href":"https:\/\/www.ostrealia.fr\/en\/wp-json\/wp\/v2\/types\/product"}],"replies":[{"embeddable":true,"href":"https:\/\/www.ostrealia.fr\/en\/wp-json\/wp\/v2\/comments?post=17972"}],"version-history":[{"count":0,"href":"https:\/\/www.ostrealia.fr\/en\/wp-json\/wp\/v2\/product\/17972\/revisions"}],"wp:featuredmedia":[{"embeddable":true,"href":"https:\/\/www.ostrealia.fr\/en\/wp-json\/wp\/v2\/media\/21673"}],"wp:attachment":[{"href":"https:\/\/www.ostrealia.fr\/en\/wp-json\/wp\/v2\/media?parent=17972"}],"wp:term":[{"taxonomy":"product_brand","embeddable":true,"href":"https:\/\/www.ostrealia.fr\/en\/wp-json\/wp\/v2\/product_brand?post=17972"},{"taxonomy":"product_cat","embeddable":true,"href":"https:\/\/www.ostrealia.fr\/en\/wp-json\/wp\/v2\/product_cat?post=17972"},{"taxonomy":"product_tag","embeddable":true,"href":"https:\/\/www.ostrealia.fr\/en\/wp-json\/wp\/v2\/product_tag?post=17972"}],"curies":[{"name":"wp","href":"https:\/\/api.w.org\/{rel}","templated":true}]}}