{"id":18561,"date":"2021-11-15T09:38:52","date_gmt":"2021-11-15T08:38:52","guid":{"rendered":"https:\/\/www.ostrealia.fr\/?post_type=product&#038;p=18561"},"modified":"2026-05-07T15:42:46","modified_gmt":"2026-05-07T13:42:46","slug":"coffret-le-marin","status":"publish","type":"product","link":"https:\/\/www.ostrealia.fr\/en\/produit\/coffret-le-marin\/","title":{"rendered":"Le Marin"},"content":{"rendered":"","protected":false},"excerpt":{"rendered":"<p><a href=\"https:\/\/www.ostrealia.fr\/boutique\/06coffret\/coffret-le-marin\/\">le Coffret Marin<\/a>: contient l&#8217;homme de la mer, la cr\u00e8me hydratation marine et le gel Lavant Bio Cosmos<\/p>\n<h5 class=\"has-ast-global-color-5-color has-text-color\">Ce coffret contient 3 soins Ostrealia :<\/h5>\n<p><!-- \/wp:heading --><\/p>\n<p><!-- wp:list {\"textColor\":\"ast-global-color-5\",\"fontSize\":\"normal\"} --><\/p>\n<ul class=\"has-ast-global-color-5-color has-text-color has-normal-font-size\">\n<li>L&#8217;homme de la mer, une cr\u00e8me sp\u00e9cifique 3 en 1, riche en actifs marins \u00e0 base de collag\u00e8ne marin et de criste marine.\u00a0 Aide \u00e0 conserver l&#8217;hydratation de la peau et \u00e0 limiter les marques du temps.<\/li>\n<\/ul>\n<p><!-- \/wp:list --><\/p>\n<p><!-- wp:list {\"textColor\":\"ast-global-color-5\"} --><\/p>\n<ul class=\"has-ast-global-color-5-color has-text-color\">\n<li>Hydratation marine, ce masque est une v\u00e9ritable parenth\u00e8se de fra\u00eecheur. Ce soin active le renouvellement cellulaire gr\u00e2ce \u00e0 sa composition en extrait de nacre, s\u00e9diments marins et son complexe peptidique.<\/li>\n<\/ul>\n<p><!-- \/wp:list --><\/p>\n<p><!-- wp:list {\"textColor\":\"ast-global-color-5\",\"fontSize\":\"normal\"} --><\/p>\n<ul class=\"has-ast-global-color-5-color has-text-color has-normal-font-size\">\n<li>Le gel lavant Bio Cosmos, laisse votre peau hydrat\u00e9e et fra\u00eeche. A base d&#8217;actifs naturel et certifi\u00e9 COSMOS 98,3%.<\/li>\n<\/ul>\n<p><!-- \/wp:list --><\/p>\n<p><!-- wp:paragraph {\"textColor\":\"ast-global-color-5\"} --><\/p>\n<p class=\"has-ast-global-color-5-color has-text-color\">Gr\u00e2ce \u00e0 ce trio dans votre routine beaut\u00e9, votre peau est hydrat\u00e9e et embellie, votre teint est lumineux.<\/p>\n","protected":false},"featured_media":21777,"comment_status":"closed","ping_status":"closed","template":"","meta":{"_acf_changed":false,"_monsterinsights_skip_tracking":false,"_monsterinsights_sitenote_active":false,"_monsterinsights_sitenote_note":"","_monsterinsights_sitenote_category":0},"product_brand":[],"product_cat":[87],"product_tag":[],"class_list":{"0":"post-18561","1":"product","2":"type-product","3":"status-publish","4":"has-post-thumbnail","6":"product_cat-coffret-cosmetique-bien-etre","8":"first","9":"instock","10":"sale","11":"virtual","12":"taxable","13":"purchasable","14":"product-type-bundle"},"composite_virtual":false,"composite_layout":"","composite_add_to_cart_form_location":"","composite_editable_in_cart":false,"composite_sold_individually_context":"","composite_shop_price_calc":"","composite_components":[],"composite_scenarios":[],"bundled_by":[],"bundle_stock_status":"instock","bundle_stock_quantity":99,"bundle_virtual":false,"bundle_layout":"tabular","bundle_add_to_cart_form_location":"default","bundle_editable_in_cart":false,"bundle_sold_individually_context":"product","bundle_item_grouping":"parent","bundle_min_size":"","bundle_max_size":"","bundle_price":{"price":{"min":{"incl_tax":"91","excl_tax":"75.833333"},"max":{"incl_tax":"91","excl_tax":"75.833333"}},"regular_price":{"min":{"incl_tax":"107.5","excl_tax":"89.583333"},"max":{"incl_tax":"107.5","excl_tax":"89.583333"}}},"bundled_items":[{"bundled_item_id":13,"product_id":8559,"menu_order":0,"quantity_min":1,"quantity_max":1,"quantity_default":1,"priced_individually":false,"shipped_individually":false,"override_title":false,"title":"","override_description":false,"description":"","optional":false,"hide_thumbnail":false,"discount":"","override_variations":false,"allowed_variations":[],"override_default_variation_attributes":false,"default_variation_attributes":[],"single_product_visibility":"visible","cart_visibility":"visible","order_visibility":"visible","single_product_price_visibility":"visible","cart_price_visibility":"visible","order_price_visibility":"visible","stock_status":"in_stock"},{"bundled_item_id":14,"product_id":8540,"menu_order":1,"quantity_min":1,"quantity_max":1,"quantity_default":1,"priced_individually":false,"shipped_individually":false,"override_title":false,"title":"","override_description":false,"description":"","optional":false,"hide_thumbnail":false,"discount":"","override_variations":false,"allowed_variations":[],"override_default_variation_attributes":false,"default_variation_attributes":[],"single_product_visibility":"visible","cart_visibility":"visible","order_visibility":"visible","single_product_price_visibility":"visible","cart_price_visibility":"visible","order_price_visibility":"visible","stock_status":"in_stock"},{"bundled_item_id":15,"product_id":17972,"menu_order":2,"quantity_min":1,"quantity_max":1,"quantity_default":1,"priced_individually":false,"shipped_individually":false,"override_title":false,"title":"","override_description":false,"description":"","optional":false,"hide_thumbnail":false,"discount":"","override_variations":false,"allowed_variations":[],"override_default_variation_attributes":false,"default_variation_attributes":[],"single_product_visibility":"visible","cart_visibility":"visible","order_visibility":"visible","single_product_price_visibility":"visible","cart_price_visibility":"visible","order_price_visibility":"visible","stock_status":"in_stock"}],"bundle_sell_ids":[],"acf":[],"yoast_head":"<!-- This site is optimized with the Yoast SEO Premium plugin v20.10 (Yoast SEO v27.5) - https:\/\/yoast.com\/product\/yoast-seo-premium-wordpress\/ -->\n<title>Le Marin - Ostrealia cosm\u00e9tiques marins \u00e0 base de nacre made in France et 100% naturels<\/title>\n<meta name=\"robots\" content=\"index, follow, max-snippet:-1, max-image-preview:large, max-video-preview:-1\" \/>\n<link rel=\"canonical\" href=\"https:\/\/www.ostrealia.fr\/en\/produit\/coffret-le-marin\/\" \/>\n<meta property=\"og:locale\" content=\"en_US\" \/>\n<meta property=\"og:type\" content=\"article\" \/>\n<meta property=\"og:title\" content=\"Le Marin\" \/>\n<meta property=\"og:description\" content=\"le Coffret Marin: contient l&#039;homme de la mer, la cr\u00e8me hydratation marine et le gel Lavant Bio Cosmos Ce coffret contient 3 soins Ostrealia :      L&#039;homme de la mer, une cr\u00e8me sp\u00e9cifique 3 en 1, riche en actifs marins \u00e0 base de collag\u00e8ne marin et de criste marine.\u00a0 Aide \u00e0 conserver l&#039;hydratation de la peau et \u00e0 limiter les marques du temps.       Hydratation marine, ce masque est une v\u00e9ritable parenth\u00e8se de fra\u00eecheur. Ce soin active le renouvellement cellulaire gr\u00e2ce \u00e0 sa composition en extrait de nacre, s\u00e9diments marins et son complexe peptidique.       Le gel lavant Bio Cosmos, laisse votre peau hydrat\u00e9e et fra\u00eeche. A base d&#039;actifs naturel et certifi\u00e9 COSMOS 98,3%.     Gr\u00e2ce \u00e0 ce trio dans votre routine beaut\u00e9, votre peau est hydrat\u00e9e et embellie, votre teint est lumineux.\" \/>\n<meta property=\"og:url\" content=\"https:\/\/www.ostrealia.fr\/en\/produit\/coffret-le-marin\/\" \/>\n<meta property=\"og:site_name\" content=\"Ostrealia cosm\u00e9tiques marins \u00e0 base de nacre made in France et 100% naturels\" \/>\n<meta property=\"article:modified_time\" content=\"2026-05-07T13:42:46+00:00\" \/>\n<meta property=\"og:image\" content=\"https:\/\/www.ostrealia.fr\/wp-content\/uploads\/coffret-homme-de-la-mer-ostrealia-cosmetiques-marins-skincare-1.png\" \/>\n\t<meta property=\"og:image:width\" content=\"1080\" \/>\n\t<meta property=\"og:image:height\" content=\"1080\" \/>\n\t<meta property=\"og:image:type\" content=\"image\/png\" \/>\n<meta name=\"twitter:card\" content=\"summary_large_image\" \/>\n<meta name=\"twitter:label1\" content=\"Price\" \/>\n\t<meta name=\"twitter:data1\" content=\"91,00&euro;\" \/>\n\t<meta name=\"twitter:label2\" content=\"Availability\" \/>\n\t<meta name=\"twitter:data2\" content=\"In stock\" \/>\n<script type=\"application\/ld+json\" class=\"yoast-schema-graph\">{\"@context\":\"https:\\\/\\\/schema.org\",\"@graph\":[{\"@type\":\"WebPage\",\"@id\":\"https:\\\/\\\/www.ostrealia.fr\\\/en\\\/produit\\\/coffret-le-marin\\\/\",\"url\":\"https:\\\/\\\/www.ostrealia.fr\\\/en\\\/produit\\\/coffret-le-marin\\\/\",\"name\":\"Le Marin - Ostrealia cosm\u00e9tiques marins \u00e0 base de nacre made in France et 100% naturels\",\"isPartOf\":{\"@id\":\"https:\\\/\\\/www.ostrealia.fr\\\/en\\\/#website\"},\"primaryImageOfPage\":{\"@id\":\"https:\\\/\\\/www.ostrealia.fr\\\/en\\\/produit\\\/coffret-le-marin\\\/#primaryimage\"},\"image\":{\"@id\":\"https:\\\/\\\/www.ostrealia.fr\\\/en\\\/produit\\\/coffret-le-marin\\\/#primaryimage\"},\"thumbnailUrl\":\"https:\\\/\\\/www.ostrealia.fr\\\/wp-content\\\/uploads\\\/coffret-homme-de-la-mer-ostrealia-cosmetiques-marins-skincare-1.png\",\"datePublished\":\"2021-11-15T08:38:52+00:00\",\"dateModified\":\"2026-05-07T13:42:46+00:00\",\"breadcrumb\":{\"@id\":\"https:\\\/\\\/www.ostrealia.fr\\\/en\\\/produit\\\/coffret-le-marin\\\/#breadcrumb\"},\"inLanguage\":\"en-US\",\"potentialAction\":[{\"@type\":\"ReadAction\",\"target\":[\"https:\\\/\\\/www.ostrealia.fr\\\/en\\\/produit\\\/coffret-le-marin\\\/\"]}]},{\"@type\":\"ImageObject\",\"inLanguage\":\"en-US\",\"@id\":\"https:\\\/\\\/www.ostrealia.fr\\\/en\\\/produit\\\/coffret-le-marin\\\/#primaryimage\",\"url\":\"https:\\\/\\\/www.ostrealia.fr\\\/wp-content\\\/uploads\\\/coffret-homme-de-la-mer-ostrealia-cosmetiques-marins-skincare-1.png\",\"contentUrl\":\"https:\\\/\\\/www.ostrealia.fr\\\/wp-content\\\/uploads\\\/coffret-homme-de-la-mer-ostrealia-cosmetiques-marins-skincare-1.png\",\"width\":1080,\"height\":1080},{\"@type\":\"BreadcrumbList\",\"@id\":\"https:\\\/\\\/www.ostrealia.fr\\\/en\\\/produit\\\/coffret-le-marin\\\/#breadcrumb\",\"itemListElement\":[{\"@type\":\"ListItem\",\"position\":1,\"name\":\"Home\",\"item\":\"https:\\\/\\\/www.ostrealia.fr\\\/en\\\/home-ostrealia-marine-cosmetics\\\/\"},{\"@type\":\"ListItem\",\"position\":2,\"name\":\"Products\",\"item\":\"https:\\\/\\\/www.ostrealia.fr\\\/en\\\/boutique\\\/\"},{\"@type\":\"ListItem\",\"position\":3,\"name\":\"Le Marin\"}]},{\"@type\":\"WebSite\",\"@id\":\"https:\\\/\\\/www.ostrealia.fr\\\/en\\\/#website\",\"url\":\"https:\\\/\\\/www.ostrealia.fr\\\/en\\\/\",\"name\":\"Ostrealia cosm\u00e9tiques marins \u00e0 base de nacre made in France et 100% naturels\",\"description\":\"La vie vient de la mer\",\"potentialAction\":[{\"@type\":\"SearchAction\",\"target\":{\"@type\":\"EntryPoint\",\"urlTemplate\":\"https:\\\/\\\/www.ostrealia.fr\\\/en\\\/?s={search_term_string}\"},\"query-input\":{\"@type\":\"PropertyValueSpecification\",\"valueRequired\":true,\"valueName\":\"search_term_string\"}}],\"inLanguage\":\"en-US\"}]}<\/script>\n<meta property=\"product:price:amount\" content=\"91.00\" \/>\n<meta property=\"product:price:currency\" content=\"EUR\" \/>\n<meta property=\"og:availability\" content=\"instock\" \/>\n<meta property=\"product:availability\" content=\"instock\" \/>\n<meta property=\"product:retailer_item_id\" content=\"LEMARIN21\" \/>\n<meta property=\"product:condition\" content=\"new\" \/>\n<!-- \/ Yoast SEO Premium plugin. -->","yoast_head_json":{"title":"Le Marin - Ostrealia cosm\u00e9tiques marins \u00e0 base de nacre made in France et 100% naturels","robots":{"index":"index","follow":"follow","max-snippet":"max-snippet:-1","max-image-preview":"max-image-preview:large","max-video-preview":"max-video-preview:-1"},"canonical":"https:\/\/www.ostrealia.fr\/en\/produit\/coffret-le-marin\/","og_locale":"en_US","og_type":"article","og_title":"Le Marin","og_description":"le Coffret Marin: contient l'homme de la mer, la cr\u00e8me hydratation marine et le gel Lavant Bio Cosmos Ce coffret contient 3 soins Ostrealia :      L'homme de la mer, une cr\u00e8me sp\u00e9cifique 3 en 1, riche en actifs marins \u00e0 base de collag\u00e8ne marin et de criste marine.\u00a0 Aide \u00e0 conserver l'hydratation de la peau et \u00e0 limiter les marques du temps.       Hydratation marine, ce masque est une v\u00e9ritable parenth\u00e8se de fra\u00eecheur. Ce soin active le renouvellement cellulaire gr\u00e2ce \u00e0 sa composition en extrait de nacre, s\u00e9diments marins et son complexe peptidique.       Le gel lavant Bio Cosmos, laisse votre peau hydrat\u00e9e et fra\u00eeche. A base d'actifs naturel et certifi\u00e9 COSMOS 98,3%.     Gr\u00e2ce \u00e0 ce trio dans votre routine beaut\u00e9, votre peau est hydrat\u00e9e et embellie, votre teint est lumineux.","og_url":"https:\/\/www.ostrealia.fr\/en\/produit\/coffret-le-marin\/","og_site_name":"Ostrealia cosm\u00e9tiques marins \u00e0 base de nacre made in France et 100% naturels","article_modified_time":"2026-05-07T13:42:46+00:00","og_image":[{"width":1080,"height":1080,"url":"https:\/\/www.ostrealia.fr\/wp-content\/uploads\/coffret-homme-de-la-mer-ostrealia-cosmetiques-marins-skincare-1.png","type":"image\/png"}],"twitter_card":"summary_large_image","twitter_misc":{"Price":"91,00&euro;","Availability":"In stock"},"schema":{"@context":"https:\/\/schema.org","@graph":[{"@type":"WebPage","@id":"https:\/\/www.ostrealia.fr\/en\/produit\/coffret-le-marin\/","url":"https:\/\/www.ostrealia.fr\/en\/produit\/coffret-le-marin\/","name":"Le Marin - Ostrealia cosm\u00e9tiques marins \u00e0 base de nacre made in France et 100% naturels","isPartOf":{"@id":"https:\/\/www.ostrealia.fr\/en\/#website"},"primaryImageOfPage":{"@id":"https:\/\/www.ostrealia.fr\/en\/produit\/coffret-le-marin\/#primaryimage"},"image":{"@id":"https:\/\/www.ostrealia.fr\/en\/produit\/coffret-le-marin\/#primaryimage"},"thumbnailUrl":"https:\/\/www.ostrealia.fr\/wp-content\/uploads\/coffret-homme-de-la-mer-ostrealia-cosmetiques-marins-skincare-1.png","datePublished":"2021-11-15T08:38:52+00:00","dateModified":"2026-05-07T13:42:46+00:00","breadcrumb":{"@id":"https:\/\/www.ostrealia.fr\/en\/produit\/coffret-le-marin\/#breadcrumb"},"inLanguage":"en-US","potentialAction":[{"@type":"ReadAction","target":["https:\/\/www.ostrealia.fr\/en\/produit\/coffret-le-marin\/"]}]},{"@type":"ImageObject","inLanguage":"en-US","@id":"https:\/\/www.ostrealia.fr\/en\/produit\/coffret-le-marin\/#primaryimage","url":"https:\/\/www.ostrealia.fr\/wp-content\/uploads\/coffret-homme-de-la-mer-ostrealia-cosmetiques-marins-skincare-1.png","contentUrl":"https:\/\/www.ostrealia.fr\/wp-content\/uploads\/coffret-homme-de-la-mer-ostrealia-cosmetiques-marins-skincare-1.png","width":1080,"height":1080},{"@type":"BreadcrumbList","@id":"https:\/\/www.ostrealia.fr\/en\/produit\/coffret-le-marin\/#breadcrumb","itemListElement":[{"@type":"ListItem","position":1,"name":"Home","item":"https:\/\/www.ostrealia.fr\/en\/home-ostrealia-marine-cosmetics\/"},{"@type":"ListItem","position":2,"name":"Products","item":"https:\/\/www.ostrealia.fr\/en\/boutique\/"},{"@type":"ListItem","position":3,"name":"Le Marin"}]},{"@type":"WebSite","@id":"https:\/\/www.ostrealia.fr\/en\/#website","url":"https:\/\/www.ostrealia.fr\/en\/","name":"Ostrealia cosm\u00e9tiques marins \u00e0 base de nacre made in France et 100% naturels","description":"La vie vient de la mer","potentialAction":[{"@type":"SearchAction","target":{"@type":"EntryPoint","urlTemplate":"https:\/\/www.ostrealia.fr\/en\/?s={search_term_string}"},"query-input":{"@type":"PropertyValueSpecification","valueRequired":true,"valueName":"search_term_string"}}],"inLanguage":"en-US"}]},"product_price_amount":"91.00","product_price_currency":"EUR","og_availability":"instock","product_availability":"instock","product_retailer_item_id":"LEMARIN21","product_condition":"new"},"_links":{"self":[{"href":"https:\/\/www.ostrealia.fr\/en\/wp-json\/wp\/v2\/product\/18561","targetHints":{"allow":["GET"]}}],"collection":[{"href":"https:\/\/www.ostrealia.fr\/en\/wp-json\/wp\/v2\/product"}],"about":[{"href":"https:\/\/www.ostrealia.fr\/en\/wp-json\/wp\/v2\/types\/product"}],"replies":[{"embeddable":true,"href":"https:\/\/www.ostrealia.fr\/en\/wp-json\/wp\/v2\/comments?post=18561"}],"version-history":[{"count":1,"href":"https:\/\/www.ostrealia.fr\/en\/wp-json\/wp\/v2\/product\/18561\/revisions"}],"predecessor-version":[{"id":23514,"href":"https:\/\/www.ostrealia.fr\/en\/wp-json\/wp\/v2\/product\/18561\/revisions\/23514"}],"wp:featuredmedia":[{"embeddable":true,"href":"https:\/\/www.ostrealia.fr\/en\/wp-json\/wp\/v2\/media\/21777"}],"wp:attachment":[{"href":"https:\/\/www.ostrealia.fr\/en\/wp-json\/wp\/v2\/media?parent=18561"}],"wp:term":[{"taxonomy":"product_brand","embeddable":true,"href":"https:\/\/www.ostrealia.fr\/en\/wp-json\/wp\/v2\/product_brand?post=18561"},{"taxonomy":"product_cat","embeddable":true,"href":"https:\/\/www.ostrealia.fr\/en\/wp-json\/wp\/v2\/product_cat?post=18561"},{"taxonomy":"product_tag","embeddable":true,"href":"https:\/\/www.ostrealia.fr\/en\/wp-json\/wp\/v2\/product_tag?post=18561"}],"curies":[{"name":"wp","href":"https:\/\/api.w.org\/{rel}","templated":true}]}}