{"id":18563,"date":"2021-11-15T09:51:19","date_gmt":"2021-11-15T08:51:19","guid":{"rendered":"https:\/\/www.ostrealia.fr\/?post_type=product&#038;p=18563"},"modified":"2022-12-13T08:14:31","modified_gmt":"2022-12-13T07:14:31","slug":"pochette-eco-responsable","status":"publish","type":"product","link":"https:\/\/www.ostrealia.fr\/en\/produit\/pochette-eco-responsable\/","title":{"rendered":"Pochette \u00e9co-responsable"},"content":{"rendered":"","protected":false},"excerpt":{"rendered":"<h5 class=\"has-ast-global-color-5-color has-text-color\">La pochette \u00e9co-responsable en toile de jute, parfaite pour ranger l&#8217;ensemble de vos produits de beaut\u00e9 !<\/h5>\n","protected":false},"featured_media":18565,"comment_status":"closed","ping_status":"closed","template":"","meta":{"_acf_changed":false,"_monsterinsights_skip_tracking":false,"_monsterinsights_sitenote_active":false,"_monsterinsights_sitenote_note":"","_monsterinsights_sitenote_category":0},"product_brand":[],"product_cat":[86],"product_tag":[],"class_list":{"0":"post-18563","1":"product","2":"type-product","3":"status-publish","4":"has-post-thumbnail","6":"product_cat-accessoires","8":"first","9":"instock","10":"taxable","11":"shipping-taxable","12":"purchasable","13":"product-type-simple"},"composite_virtual":false,"composite_layout":"","composite_add_to_cart_form_location":"","composite_editable_in_cart":false,"composite_sold_individually_context":"","composite_shop_price_calc":"","composite_components":[],"composite_scenarios":[],"bundled_by":["18566","18570","19823","19852","23414"],"bundle_stock_status":"instock","bundle_stock_quantity":null,"bundle_virtual":false,"bundle_layout":"","bundle_add_to_cart_form_location":"","bundle_editable_in_cart":false,"bundle_sold_individually_context":"","bundle_item_grouping":"","bundle_min_size":"","bundle_max_size":"","bundle_price":[],"bundled_items":[],"bundle_sell_ids":[],"acf":[],"yoast_head":"<!-- This site is optimized with the Yoast SEO Premium plugin v20.10 (Yoast SEO v27.5) - https:\/\/yoast.com\/product\/yoast-seo-premium-wordpress\/ -->\n<title>Pochette \u00e9co-responsable - Ostrealia cosm\u00e9tiques marins \u00e0 base de nacre made in France et 100% naturels<\/title>\n<meta name=\"robots\" content=\"index, follow, max-snippet:-1, max-image-preview:large, max-video-preview:-1\" \/>\n<link rel=\"canonical\" href=\"https:\/\/www.ostrealia.fr\/en\/produit\/pochette-eco-responsable\/\" \/>\n<meta property=\"og:locale\" content=\"en_US\" \/>\n<meta property=\"og:type\" content=\"article\" \/>\n<meta property=\"og:title\" content=\"Pochette \u00e9co-responsable\" \/>\n<meta property=\"og:description\" content=\"La pochette \u00e9co-responsable en toile de jute, parfaite pour ranger l&#039;ensemble de vos produits de beaut\u00e9 !\" \/>\n<meta property=\"og:url\" content=\"https:\/\/www.ostrealia.fr\/en\/produit\/pochette-eco-responsable\/\" \/>\n<meta property=\"og:site_name\" content=\"Ostrealia cosm\u00e9tiques marins \u00e0 base de nacre made in France et 100% naturels\" \/>\n<meta property=\"article:modified_time\" content=\"2022-12-13T07:14:31+00:00\" \/>\n<meta property=\"og:image\" content=\"https:\/\/www.ostrealia.fr\/wp-content\/uploads\/pochette-ostrealia-1.png\" \/>\n\t<meta property=\"og:image:width\" content=\"1248\" \/>\n\t<meta property=\"og:image:height\" content=\"1248\" \/>\n\t<meta property=\"og:image:type\" content=\"image\/png\" \/>\n<meta name=\"twitter:card\" content=\"summary_large_image\" \/>\n<meta name=\"twitter:label1\" content=\"Price\" \/>\n\t<meta name=\"twitter:data1\" content=\"11,00&euro;\" \/>\n\t<meta name=\"twitter:label2\" content=\"Availability\" \/>\n\t<meta name=\"twitter:data2\" content=\"In stock\" \/>\n<script type=\"application\/ld+json\" class=\"yoast-schema-graph\">{\"@context\":\"https:\\\/\\\/schema.org\",\"@graph\":[{\"@type\":\"WebPage\",\"@id\":\"https:\\\/\\\/www.ostrealia.fr\\\/en\\\/produit\\\/pochette-eco-responsable\\\/\",\"url\":\"https:\\\/\\\/www.ostrealia.fr\\\/en\\\/produit\\\/pochette-eco-responsable\\\/\",\"name\":\"Pochette \u00e9co-responsable - Ostrealia cosm\u00e9tiques marins \u00e0 base de nacre made in France et 100% naturels\",\"isPartOf\":{\"@id\":\"https:\\\/\\\/www.ostrealia.fr\\\/en\\\/#website\"},\"primaryImageOfPage\":{\"@id\":\"https:\\\/\\\/www.ostrealia.fr\\\/en\\\/produit\\\/pochette-eco-responsable\\\/#primaryimage\"},\"image\":{\"@id\":\"https:\\\/\\\/www.ostrealia.fr\\\/en\\\/produit\\\/pochette-eco-responsable\\\/#primaryimage\"},\"thumbnailUrl\":\"https:\\\/\\\/www.ostrealia.fr\\\/wp-content\\\/uploads\\\/pochette-ostrealia-1.png\",\"datePublished\":\"2021-11-15T08:51:19+00:00\",\"dateModified\":\"2022-12-13T07:14:31+00:00\",\"breadcrumb\":{\"@id\":\"https:\\\/\\\/www.ostrealia.fr\\\/en\\\/produit\\\/pochette-eco-responsable\\\/#breadcrumb\"},\"inLanguage\":\"en-US\",\"potentialAction\":[{\"@type\":\"ReadAction\",\"target\":[\"https:\\\/\\\/www.ostrealia.fr\\\/en\\\/produit\\\/pochette-eco-responsable\\\/\"]}]},{\"@type\":\"ImageObject\",\"inLanguage\":\"en-US\",\"@id\":\"https:\\\/\\\/www.ostrealia.fr\\\/en\\\/produit\\\/pochette-eco-responsable\\\/#primaryimage\",\"url\":\"https:\\\/\\\/www.ostrealia.fr\\\/wp-content\\\/uploads\\\/pochette-ostrealia-1.png\",\"contentUrl\":\"https:\\\/\\\/www.ostrealia.fr\\\/wp-content\\\/uploads\\\/pochette-ostrealia-1.png\",\"width\":1248,\"height\":1248},{\"@type\":\"BreadcrumbList\",\"@id\":\"https:\\\/\\\/www.ostrealia.fr\\\/en\\\/produit\\\/pochette-eco-responsable\\\/#breadcrumb\",\"itemListElement\":[{\"@type\":\"ListItem\",\"position\":1,\"name\":\"Home\",\"item\":\"https:\\\/\\\/www.ostrealia.fr\\\/en\\\/home-ostrealia-marine-cosmetics\\\/\"},{\"@type\":\"ListItem\",\"position\":2,\"name\":\"Products\",\"item\":\"https:\\\/\\\/www.ostrealia.fr\\\/en\\\/boutique\\\/\"},{\"@type\":\"ListItem\",\"position\":3,\"name\":\"Pochette \u00e9co-responsable\"}]},{\"@type\":\"WebSite\",\"@id\":\"https:\\\/\\\/www.ostrealia.fr\\\/en\\\/#website\",\"url\":\"https:\\\/\\\/www.ostrealia.fr\\\/en\\\/\",\"name\":\"Ostrealia cosm\u00e9tiques marins \u00e0 base de nacre made in France et 100% naturels\",\"description\":\"La vie vient de la mer\",\"potentialAction\":[{\"@type\":\"SearchAction\",\"target\":{\"@type\":\"EntryPoint\",\"urlTemplate\":\"https:\\\/\\\/www.ostrealia.fr\\\/en\\\/?s={search_term_string}\"},\"query-input\":{\"@type\":\"PropertyValueSpecification\",\"valueRequired\":true,\"valueName\":\"search_term_string\"}}],\"inLanguage\":\"en-US\"}]}<\/script>\n<meta property=\"product:price:amount\" content=\"11.00\" \/>\n<meta property=\"product:price:currency\" content=\"EUR\" \/>\n<meta property=\"og:availability\" content=\"instock\" \/>\n<meta property=\"product:availability\" content=\"instock\" \/>\n<meta property=\"product:retailer_item_id\" content=\"POCECO\" \/>\n<meta property=\"product:condition\" content=\"new\" \/>\n<!-- \/ Yoast SEO Premium plugin. -->","yoast_head_json":{"title":"Pochette \u00e9co-responsable - Ostrealia cosm\u00e9tiques marins \u00e0 base de nacre made in France et 100% naturels","robots":{"index":"index","follow":"follow","max-snippet":"max-snippet:-1","max-image-preview":"max-image-preview:large","max-video-preview":"max-video-preview:-1"},"canonical":"https:\/\/www.ostrealia.fr\/en\/produit\/pochette-eco-responsable\/","og_locale":"en_US","og_type":"article","og_title":"Pochette \u00e9co-responsable","og_description":"La pochette \u00e9co-responsable en toile de jute, parfaite pour ranger l'ensemble de vos produits de beaut\u00e9 !","og_url":"https:\/\/www.ostrealia.fr\/en\/produit\/pochette-eco-responsable\/","og_site_name":"Ostrealia cosm\u00e9tiques marins \u00e0 base de nacre made in France et 100% naturels","article_modified_time":"2022-12-13T07:14:31+00:00","og_image":[{"width":1248,"height":1248,"url":"https:\/\/www.ostrealia.fr\/wp-content\/uploads\/pochette-ostrealia-1.png","type":"image\/png"}],"twitter_card":"summary_large_image","twitter_misc":{"Price":"11,00&euro;","Availability":"In stock"},"schema":{"@context":"https:\/\/schema.org","@graph":[{"@type":"WebPage","@id":"https:\/\/www.ostrealia.fr\/en\/produit\/pochette-eco-responsable\/","url":"https:\/\/www.ostrealia.fr\/en\/produit\/pochette-eco-responsable\/","name":"Pochette \u00e9co-responsable - Ostrealia cosm\u00e9tiques marins \u00e0 base de nacre made in France et 100% naturels","isPartOf":{"@id":"https:\/\/www.ostrealia.fr\/en\/#website"},"primaryImageOfPage":{"@id":"https:\/\/www.ostrealia.fr\/en\/produit\/pochette-eco-responsable\/#primaryimage"},"image":{"@id":"https:\/\/www.ostrealia.fr\/en\/produit\/pochette-eco-responsable\/#primaryimage"},"thumbnailUrl":"https:\/\/www.ostrealia.fr\/wp-content\/uploads\/pochette-ostrealia-1.png","datePublished":"2021-11-15T08:51:19+00:00","dateModified":"2022-12-13T07:14:31+00:00","breadcrumb":{"@id":"https:\/\/www.ostrealia.fr\/en\/produit\/pochette-eco-responsable\/#breadcrumb"},"inLanguage":"en-US","potentialAction":[{"@type":"ReadAction","target":["https:\/\/www.ostrealia.fr\/en\/produit\/pochette-eco-responsable\/"]}]},{"@type":"ImageObject","inLanguage":"en-US","@id":"https:\/\/www.ostrealia.fr\/en\/produit\/pochette-eco-responsable\/#primaryimage","url":"https:\/\/www.ostrealia.fr\/wp-content\/uploads\/pochette-ostrealia-1.png","contentUrl":"https:\/\/www.ostrealia.fr\/wp-content\/uploads\/pochette-ostrealia-1.png","width":1248,"height":1248},{"@type":"BreadcrumbList","@id":"https:\/\/www.ostrealia.fr\/en\/produit\/pochette-eco-responsable\/#breadcrumb","itemListElement":[{"@type":"ListItem","position":1,"name":"Home","item":"https:\/\/www.ostrealia.fr\/en\/home-ostrealia-marine-cosmetics\/"},{"@type":"ListItem","position":2,"name":"Products","item":"https:\/\/www.ostrealia.fr\/en\/boutique\/"},{"@type":"ListItem","position":3,"name":"Pochette \u00e9co-responsable"}]},{"@type":"WebSite","@id":"https:\/\/www.ostrealia.fr\/en\/#website","url":"https:\/\/www.ostrealia.fr\/en\/","name":"Ostrealia cosm\u00e9tiques marins \u00e0 base de nacre made in France et 100% naturels","description":"La vie vient de la mer","potentialAction":[{"@type":"SearchAction","target":{"@type":"EntryPoint","urlTemplate":"https:\/\/www.ostrealia.fr\/en\/?s={search_term_string}"},"query-input":{"@type":"PropertyValueSpecification","valueRequired":true,"valueName":"search_term_string"}}],"inLanguage":"en-US"}]},"product_price_amount":"11.00","product_price_currency":"EUR","og_availability":"instock","product_availability":"instock","product_retailer_item_id":"POCECO","product_condition":"new"},"_links":{"self":[{"href":"https:\/\/www.ostrealia.fr\/en\/wp-json\/wp\/v2\/product\/18563","targetHints":{"allow":["GET"]}}],"collection":[{"href":"https:\/\/www.ostrealia.fr\/en\/wp-json\/wp\/v2\/product"}],"about":[{"href":"https:\/\/www.ostrealia.fr\/en\/wp-json\/wp\/v2\/types\/product"}],"replies":[{"embeddable":true,"href":"https:\/\/www.ostrealia.fr\/en\/wp-json\/wp\/v2\/comments?post=18563"}],"version-history":[{"count":0,"href":"https:\/\/www.ostrealia.fr\/en\/wp-json\/wp\/v2\/product\/18563\/revisions"}],"wp:featuredmedia":[{"embeddable":true,"href":"https:\/\/www.ostrealia.fr\/en\/wp-json\/wp\/v2\/media\/18565"}],"wp:attachment":[{"href":"https:\/\/www.ostrealia.fr\/en\/wp-json\/wp\/v2\/media?parent=18563"}],"wp:term":[{"taxonomy":"product_brand","embeddable":true,"href":"https:\/\/www.ostrealia.fr\/en\/wp-json\/wp\/v2\/product_brand?post=18563"},{"taxonomy":"product_cat","embeddable":true,"href":"https:\/\/www.ostrealia.fr\/en\/wp-json\/wp\/v2\/product_cat?post=18563"},{"taxonomy":"product_tag","embeddable":true,"href":"https:\/\/www.ostrealia.fr\/en\/wp-json\/wp\/v2\/product_tag?post=18563"}],"curies":[{"name":"wp","href":"https:\/\/api.w.org\/{rel}","templated":true}]}}