{"id":19551,"date":"2022-01-19T14:32:45","date_gmt":"2022-01-19T13:32:45","guid":{"rendered":"https:\/\/www.ostrealia.fr\/?post_type=product&#038;p=19551"},"modified":"2026-01-23T12:36:33","modified_gmt":"2026-01-23T11:36:33","slug":"tisane-bio-digestion-ab","status":"publish","type":"product","link":"https:\/\/www.ostrealia.fr\/en\/produit\/tisane-bio-digestion-ab\/","title":{"rendered":"TISANE BIO-DIGESTION-AB* par Terre d&#8217;Oc"},"content":{"rendered":"","protected":false},"excerpt":{"rendered":"<p><!-- wp:heading {\"level\":5,\"textColor\":\"ast-global-color-5\"} --><\/p>\n<h5 class=\"has-ast-global-color-5-color has-text-color\">Un duo aux d\u00e9licates feuilles de menthe douce et graines de coriandre qui contribue au confort digestif et facilite l\u2019\u00e9limination des toxines. La fra\u00eecheur vivifiante de la menthe est associ\u00e9e aux saveurs fruit\u00e9es d\u2019orange et d\u2019huile essentielle de citron. Une composition savoureuse \u00e0 consommer apr\u00e8s les repas. 90% d&#8217;ingr\u00e9dients origine France.<\/h5>\n<p><!-- \/wp:heading --><\/p>\n<p><!-- wp:paragraph {\"textColor\":\"ast-global-color-5\",\"fontSize\":\"small\"} --><\/p>\n<p class=\"has-ast-global-color-5-color has-text-color has-small-font-size\">POT en verre &#8211; 40 g<\/p>\n<p><!-- \/wp:paragraph --><\/p>\n","protected":false},"featured_media":21703,"comment_status":"closed","ping_status":"closed","template":"","meta":{"_acf_changed":false,"_monsterinsights_skip_tracking":false,"_monsterinsights_sitenote_active":false,"_monsterinsights_sitenote_note":"","_monsterinsights_sitenote_category":0},"product_brand":[],"product_cat":[267],"product_tag":[],"class_list":{"0":"post-19551","1":"product","2":"type-product","3":"status-publish","4":"has-post-thumbnail","6":"product_cat-the-infusion","8":"first","9":"outofstock","10":"taxable","11":"shipping-taxable","12":"purchasable","13":"product-type-simple"},"composite_virtual":false,"composite_layout":"","composite_add_to_cart_form_location":"","composite_editable_in_cart":false,"composite_sold_individually_context":"","composite_shop_price_calc":"","composite_components":[],"composite_scenarios":[],"bundled_by":[],"bundle_stock_status":"outofstock","bundle_stock_quantity":null,"bundle_virtual":false,"bundle_layout":"","bundle_add_to_cart_form_location":"","bundle_editable_in_cart":false,"bundle_sold_individually_context":"","bundle_item_grouping":"","bundle_min_size":"","bundle_max_size":"","bundle_price":[],"bundled_items":[],"bundle_sell_ids":[],"acf":[],"yoast_head":"<!-- This site is optimized with the Yoast SEO Premium plugin v20.10 (Yoast SEO v27.5) - https:\/\/yoast.com\/product\/yoast-seo-premium-wordpress\/ -->\n<title>TISANE BIO-DIGESTION-AB* par Terre d&#039;Oc - Ostrealia cosm\u00e9tiques marins \u00e0 base de nacre made in France et 100% naturels<\/title>\n<meta name=\"robots\" content=\"index, follow, max-snippet:-1, max-image-preview:large, max-video-preview:-1\" \/>\n<link rel=\"canonical\" href=\"https:\/\/www.ostrealia.fr\/en\/produit\/tisane-bio-digestion-ab\/\" \/>\n<meta property=\"og:locale\" content=\"en_US\" \/>\n<meta property=\"og:type\" content=\"article\" \/>\n<meta property=\"og:title\" content=\"TISANE BIO-DIGESTION-AB* par Terre d&#039;Oc\" \/>\n<meta property=\"og:description\" content=\"Un duo aux d\u00e9licates feuilles de menthe douce et graines de coriandre qui contribue au confort digestif et facilite l\u2019\u00e9limination des toxines. La fra\u00eecheur vivifiante de la menthe est associ\u00e9e aux saveurs fruit\u00e9es d\u2019orange et d\u2019huile essentielle de citron. Une composition savoureuse \u00e0 consommer apr\u00e8s les repas. 90% d&#039;ingr\u00e9dients origine France.    POT en verre - 40 g\" \/>\n<meta property=\"og:url\" content=\"https:\/\/www.ostrealia.fr\/en\/produit\/tisane-bio-digestion-ab\/\" \/>\n<meta property=\"og:site_name\" content=\"Ostrealia cosm\u00e9tiques marins \u00e0 base de nacre made in France et 100% naturels\" \/>\n<meta property=\"article:modified_time\" content=\"2026-01-23T11:36:33+00:00\" \/>\n<meta property=\"og:image\" content=\"https:\/\/www.ostrealia.fr\/wp-content\/uploads\/tisane-bio-1.webp\" \/>\n\t<meta property=\"og:image:width\" content=\"800\" \/>\n\t<meta property=\"og:image:height\" content=\"800\" \/>\n\t<meta property=\"og:image:type\" content=\"image\/webp\" \/>\n<meta name=\"twitter:card\" content=\"summary_large_image\" \/>\n<meta name=\"twitter:label1\" content=\"Price\" \/>\n\t<meta name=\"twitter:data1\" content=\"10,95&euro;\" \/>\n\t<meta name=\"twitter:label2\" content=\"Availability\" \/>\n\t<meta name=\"twitter:data2\" content=\"Out of stock\" \/>\n<script type=\"application\/ld+json\" class=\"yoast-schema-graph\">{\"@context\":\"https:\\\/\\\/schema.org\",\"@graph\":[{\"@type\":\"WebPage\",\"@id\":\"https:\\\/\\\/www.ostrealia.fr\\\/en\\\/produit\\\/tisane-bio-digestion-ab\\\/\",\"url\":\"https:\\\/\\\/www.ostrealia.fr\\\/en\\\/produit\\\/tisane-bio-digestion-ab\\\/\",\"name\":\"TISANE BIO-DIGESTION-AB* par Terre d'Oc - Ostrealia cosm\u00e9tiques marins \u00e0 base de nacre made in France et 100% naturels\",\"isPartOf\":{\"@id\":\"https:\\\/\\\/www.ostrealia.fr\\\/en\\\/#website\"},\"primaryImageOfPage\":{\"@id\":\"https:\\\/\\\/www.ostrealia.fr\\\/en\\\/produit\\\/tisane-bio-digestion-ab\\\/#primaryimage\"},\"image\":{\"@id\":\"https:\\\/\\\/www.ostrealia.fr\\\/en\\\/produit\\\/tisane-bio-digestion-ab\\\/#primaryimage\"},\"thumbnailUrl\":\"https:\\\/\\\/www.ostrealia.fr\\\/wp-content\\\/uploads\\\/tisane-bio-1.webp\",\"datePublished\":\"2022-01-19T13:32:45+00:00\",\"dateModified\":\"2026-01-23T11:36:33+00:00\",\"breadcrumb\":{\"@id\":\"https:\\\/\\\/www.ostrealia.fr\\\/en\\\/produit\\\/tisane-bio-digestion-ab\\\/#breadcrumb\"},\"inLanguage\":\"en-US\",\"potentialAction\":[{\"@type\":\"ReadAction\",\"target\":[\"https:\\\/\\\/www.ostrealia.fr\\\/en\\\/produit\\\/tisane-bio-digestion-ab\\\/\"]}]},{\"@type\":\"ImageObject\",\"inLanguage\":\"en-US\",\"@id\":\"https:\\\/\\\/www.ostrealia.fr\\\/en\\\/produit\\\/tisane-bio-digestion-ab\\\/#primaryimage\",\"url\":\"https:\\\/\\\/www.ostrealia.fr\\\/wp-content\\\/uploads\\\/tisane-bio-1.webp\",\"contentUrl\":\"https:\\\/\\\/www.ostrealia.fr\\\/wp-content\\\/uploads\\\/tisane-bio-1.webp\",\"width\":800,\"height\":800},{\"@type\":\"BreadcrumbList\",\"@id\":\"https:\\\/\\\/www.ostrealia.fr\\\/en\\\/produit\\\/tisane-bio-digestion-ab\\\/#breadcrumb\",\"itemListElement\":[{\"@type\":\"ListItem\",\"position\":1,\"name\":\"Home\",\"item\":\"https:\\\/\\\/www.ostrealia.fr\\\/en\\\/home-ostrealia-marine-cosmetics\\\/\"},{\"@type\":\"ListItem\",\"position\":2,\"name\":\"Products\",\"item\":\"https:\\\/\\\/www.ostrealia.fr\\\/en\\\/boutique\\\/\"},{\"@type\":\"ListItem\",\"position\":3,\"name\":\"TISANE BIO-DIGESTION-AB* par Terre d&#8217;Oc\"}]},{\"@type\":\"WebSite\",\"@id\":\"https:\\\/\\\/www.ostrealia.fr\\\/en\\\/#website\",\"url\":\"https:\\\/\\\/www.ostrealia.fr\\\/en\\\/\",\"name\":\"Ostrealia cosm\u00e9tiques marins \u00e0 base de nacre made in France et 100% naturels\",\"description\":\"La vie vient de la mer\",\"potentialAction\":[{\"@type\":\"SearchAction\",\"target\":{\"@type\":\"EntryPoint\",\"urlTemplate\":\"https:\\\/\\\/www.ostrealia.fr\\\/en\\\/?s={search_term_string}\"},\"query-input\":{\"@type\":\"PropertyValueSpecification\",\"valueRequired\":true,\"valueName\":\"search_term_string\"}}],\"inLanguage\":\"en-US\"}]}<\/script>\n<meta property=\"product:price:amount\" content=\"10.95\" \/>\n<meta property=\"product:price:currency\" content=\"EUR\" \/>\n<meta property=\"og:availability\" content=\"out of stock\" \/>\n<meta property=\"product:availability\" content=\"out of stock\" \/>\n<meta property=\"product:retailer_item_id\" content=\"TISDIGHE\" \/>\n<meta property=\"product:condition\" content=\"new\" \/>\n<!-- \/ Yoast SEO Premium plugin. -->","yoast_head_json":{"title":"TISANE BIO-DIGESTION-AB* par Terre d'Oc - Ostrealia cosm\u00e9tiques marins \u00e0 base de nacre made in France et 100% naturels","robots":{"index":"index","follow":"follow","max-snippet":"max-snippet:-1","max-image-preview":"max-image-preview:large","max-video-preview":"max-video-preview:-1"},"canonical":"https:\/\/www.ostrealia.fr\/en\/produit\/tisane-bio-digestion-ab\/","og_locale":"en_US","og_type":"article","og_title":"TISANE BIO-DIGESTION-AB* par Terre d'Oc","og_description":"Un duo aux d\u00e9licates feuilles de menthe douce et graines de coriandre qui contribue au confort digestif et facilite l\u2019\u00e9limination des toxines. La fra\u00eecheur vivifiante de la menthe est associ\u00e9e aux saveurs fruit\u00e9es d\u2019orange et d\u2019huile essentielle de citron. Une composition savoureuse \u00e0 consommer apr\u00e8s les repas. 90% d'ingr\u00e9dients origine France.    POT en verre - 40 g","og_url":"https:\/\/www.ostrealia.fr\/en\/produit\/tisane-bio-digestion-ab\/","og_site_name":"Ostrealia cosm\u00e9tiques marins \u00e0 base de nacre made in France et 100% naturels","article_modified_time":"2026-01-23T11:36:33+00:00","og_image":[{"width":800,"height":800,"url":"https:\/\/www.ostrealia.fr\/wp-content\/uploads\/tisane-bio-1.webp","type":"image\/webp"}],"twitter_card":"summary_large_image","twitter_misc":{"Price":"10,95&euro;","Availability":"Out of stock"},"schema":{"@context":"https:\/\/schema.org","@graph":[{"@type":"WebPage","@id":"https:\/\/www.ostrealia.fr\/en\/produit\/tisane-bio-digestion-ab\/","url":"https:\/\/www.ostrealia.fr\/en\/produit\/tisane-bio-digestion-ab\/","name":"TISANE BIO-DIGESTION-AB* par Terre d'Oc - Ostrealia cosm\u00e9tiques marins \u00e0 base de nacre made in France et 100% naturels","isPartOf":{"@id":"https:\/\/www.ostrealia.fr\/en\/#website"},"primaryImageOfPage":{"@id":"https:\/\/www.ostrealia.fr\/en\/produit\/tisane-bio-digestion-ab\/#primaryimage"},"image":{"@id":"https:\/\/www.ostrealia.fr\/en\/produit\/tisane-bio-digestion-ab\/#primaryimage"},"thumbnailUrl":"https:\/\/www.ostrealia.fr\/wp-content\/uploads\/tisane-bio-1.webp","datePublished":"2022-01-19T13:32:45+00:00","dateModified":"2026-01-23T11:36:33+00:00","breadcrumb":{"@id":"https:\/\/www.ostrealia.fr\/en\/produit\/tisane-bio-digestion-ab\/#breadcrumb"},"inLanguage":"en-US","potentialAction":[{"@type":"ReadAction","target":["https:\/\/www.ostrealia.fr\/en\/produit\/tisane-bio-digestion-ab\/"]}]},{"@type":"ImageObject","inLanguage":"en-US","@id":"https:\/\/www.ostrealia.fr\/en\/produit\/tisane-bio-digestion-ab\/#primaryimage","url":"https:\/\/www.ostrealia.fr\/wp-content\/uploads\/tisane-bio-1.webp","contentUrl":"https:\/\/www.ostrealia.fr\/wp-content\/uploads\/tisane-bio-1.webp","width":800,"height":800},{"@type":"BreadcrumbList","@id":"https:\/\/www.ostrealia.fr\/en\/produit\/tisane-bio-digestion-ab\/#breadcrumb","itemListElement":[{"@type":"ListItem","position":1,"name":"Home","item":"https:\/\/www.ostrealia.fr\/en\/home-ostrealia-marine-cosmetics\/"},{"@type":"ListItem","position":2,"name":"Products","item":"https:\/\/www.ostrealia.fr\/en\/boutique\/"},{"@type":"ListItem","position":3,"name":"TISANE BIO-DIGESTION-AB* par Terre d&#8217;Oc"}]},{"@type":"WebSite","@id":"https:\/\/www.ostrealia.fr\/en\/#website","url":"https:\/\/www.ostrealia.fr\/en\/","name":"Ostrealia cosm\u00e9tiques marins \u00e0 base de nacre made in France et 100% naturels","description":"La vie vient de la mer","potentialAction":[{"@type":"SearchAction","target":{"@type":"EntryPoint","urlTemplate":"https:\/\/www.ostrealia.fr\/en\/?s={search_term_string}"},"query-input":{"@type":"PropertyValueSpecification","valueRequired":true,"valueName":"search_term_string"}}],"inLanguage":"en-US"}]},"product_price_amount":"10.95","product_price_currency":"EUR","og_availability":"out of stock","product_availability":"out of stock","product_retailer_item_id":"TISDIGHE","product_condition":"new"},"_links":{"self":[{"href":"https:\/\/www.ostrealia.fr\/en\/wp-json\/wp\/v2\/product\/19551","targetHints":{"allow":["GET"]}}],"collection":[{"href":"https:\/\/www.ostrealia.fr\/en\/wp-json\/wp\/v2\/product"}],"about":[{"href":"https:\/\/www.ostrealia.fr\/en\/wp-json\/wp\/v2\/types\/product"}],"replies":[{"embeddable":true,"href":"https:\/\/www.ostrealia.fr\/en\/wp-json\/wp\/v2\/comments?post=19551"}],"version-history":[{"count":1,"href":"https:\/\/www.ostrealia.fr\/en\/wp-json\/wp\/v2\/product\/19551\/revisions"}],"predecessor-version":[{"id":23446,"href":"https:\/\/www.ostrealia.fr\/en\/wp-json\/wp\/v2\/product\/19551\/revisions\/23446"}],"wp:featuredmedia":[{"embeddable":true,"href":"https:\/\/www.ostrealia.fr\/en\/wp-json\/wp\/v2\/media\/21703"}],"wp:attachment":[{"href":"https:\/\/www.ostrealia.fr\/en\/wp-json\/wp\/v2\/media?parent=19551"}],"wp:term":[{"taxonomy":"product_brand","embeddable":true,"href":"https:\/\/www.ostrealia.fr\/en\/wp-json\/wp\/v2\/product_brand?post=19551"},{"taxonomy":"product_cat","embeddable":true,"href":"https:\/\/www.ostrealia.fr\/en\/wp-json\/wp\/v2\/product_cat?post=19551"},{"taxonomy":"product_tag","embeddable":true,"href":"https:\/\/www.ostrealia.fr\/en\/wp-json\/wp\/v2\/product_tag?post=19551"}],"curies":[{"name":"wp","href":"https:\/\/api.w.org\/{rel}","templated":true}]}}