{"id":8530,"date":"2018-10-10T10:13:41","date_gmt":"2018-10-10T08:13:41","guid":{"rendered":"https:\/\/www.boutique-ostrealia.fr\/\/?post_type=product&#038;p=8530"},"modified":"2025-10-17T14:57:25","modified_gmt":"2025-10-17T12:57:25","slug":"creme-collagene-visage-anti-age-collagene-acide-hyaluronique-secret-de-lagune","status":"publish","type":"product","link":"https:\/\/www.ostrealia.fr\/en\/produit\/creme-collagene-visage-anti-age-collagene-acide-hyaluronique-secret-de-lagune\/","title":{"rendered":"CREME AU COLLAGENE SECRET DE LAGUNE"},"content":{"rendered":"<p class=\"uagb-columns__overlay\">La creme collagene et anti-\u00e2ge secret de lagune contient de nombreuses propri\u00e9t\u00e9s !<br \/>\nTout d&#8217;abord, les extraits de nacre, en tant qu&#8217;antioxydant, anti-inflammatoire et remin\u00e9ralisante. Ils jouent un r\u00f4le essentiel dans la freination des principaux signes de vieillissement.<\/p>\n<p>En ce qui concerne le collag\u00e8ne marin et l&#8217;acide hyaluronique. Leur action est polyvalente, offrant des bienfaits tels que le re-densification, la tonification, le re-pulpement, l&#8217;apaisement et l&#8217;hydratation. Ce qui permet de combler efficacement les rides. De plus, la vitamine C pr\u00e9sente de multiples avantages, car elle illumine le teint et uniformise la peau. Elle pr\u00e9vient \u00e9galement l&#8217;hyperpigmentation et \u00e9claircit les taches brunes. Le silicium, en stimulant la production de collag\u00e8ne et en raffermissant les tissus, contribue \u00e9galement \u00e0 am\u00e9liorer la fermet\u00e9 de la peau.Enfin, le complexe anti-UVA\/UVB, avec un indice de protection UVA\/UVB moyen (15-25). Il offre une protection essentielle contre les effets nocifs du soleil.<\/p>\n<p>R\u00e9sultat : votre peau est non seulement prot\u00e9g\u00e9e, mais aussi \u00e9clatante, lumineuse et parfaitement uniformis\u00e9e.<\/p>\n<div class=\"uagb-columns__overlay\">\n<p><span style=\"font-weight: 400;\">CONSEILS D\u2019UTILISATION<br \/>\n<\/span><\/p>\n<ul>\n<li><span style=\"font-size: 16px; font-weight: 300;\">Appliquer le matin sur une peau propre<\/span><\/li>\n<li>Adapt\u00e9 \u00e0 tous les types de peau<\/li>\n<li>\u00c9vitez l&#8217;application sur les plaies ou les zones de peau endommag\u00e9e<\/li>\n<\/ul>\n<p>Flacon : 30 ml<\/p>\n<p><span style=\"font-size: 1rem;\">Optimisez votre rituel de soin du visage en ajoutant \u00e0 cette creme collagene, hydratante, le <\/span><a style=\"font-size: 1rem;\" href=\"https:\/\/www.ostrealia.fr\/produit\/eclat-de-lagune\/\">s\u00e9rum contour des yeux<\/a><span style=\"font-size: 1rem;\">, <\/span><span style=\"font-size: 1rem;\">le<\/span><a style=\"font-size: 1rem;\" href=\"https:\/\/www.ostrealia.fr\/produit\/masque-hydratant-hydratation-marine-soin-visage\/\"><span style=\"font-size: 1rem;\"> masque hydratant<\/span><\/a><span style=\"font-size: 1rem;\"> et le <\/span><a style=\"font-size: 1rem;\" href=\"https:\/\/www.ostrealia.fr\/produit\/gommage-corporel-francais-naturel-grain-de-nacre\/\"><span style=\"font-size: 1rem;\">gommage<\/span><\/a><span style=\"font-size: 1rem;\">.<\/span><\/p>\n<\/div>\n<p>&nbsp;<\/p>\n","protected":false},"excerpt":{"rendered":"<p>La cr\u00e8me collag\u00e8ne hydratante Secret de Lagune joue un r\u00f4le essentiel pour booster l&#8217;\u00e9clat de la peau et pr\u00e9venir les premiers signes de l&#8217;\u00e2ge. De plus, elle combine une hydratation SPF 30 avec une texture velout\u00e9e riche en actifs marins. En effet, elle est enrichie en extrait de nacre, collag\u00e8ne marin, acide hyaluronique et criste marine. B\u00e9n\u00e9ficiez d&#8217;un double effet unique ! D&#8217;une part, elle stimule la fermet\u00e9 de la peau. D&#8217;autre part, elle pr\u00e9vient les taches brunes.<\/p>\n","protected":false},"featured_media":21645,"comment_status":"closed","ping_status":"closed","template":"","meta":{"_acf_changed":false,"_monsterinsights_skip_tracking":false,"_monsterinsights_sitenote_active":false,"_monsterinsights_sitenote_note":"","_monsterinsights_sitenote_category":0},"product_brand":[],"product_cat":[83],"product_tag":[271],"class_list":{"0":"post-8530","1":"product","2":"type-product","3":"status-publish","4":"has-post-thumbnail","6":"product_cat-visage","7":"product_tag-iconiques","8":"pa_actifs-acide-hyaluronique","9":"pa_actifs-collagene-marin","10":"pa_galenique-creme","11":"pa_posologie-matin-et-soir","12":"pa_posologie-quotidien","13":"pa_pour-femme","14":"pa_pour-homme","15":"pa_type-de-peau-normale","16":"pa_type-de-peau-relachee","17":"pa_type-de-peau-seche","18":"pa_type-de-peau-taches-pigmentaires","19":"pa_type-de-peau-terne","20":"pa_type-de-produits-cosmetique","21":"pa_zone-cible-visage","23":"first","24":"instock","25":"taxable","26":"shipping-taxable","27":"purchasable","28":"product-type-simple"},"composite_virtual":false,"composite_layout":"","composite_add_to_cart_form_location":"","composite_editable_in_cart":false,"composite_sold_individually_context":"","composite_shop_price_calc":"","composite_components":[],"composite_scenarios":[],"bundled_by":["9529","9528","18570","22321","23414"],"bundle_stock_status":"instock","bundle_stock_quantity":null,"bundle_virtual":false,"bundle_layout":"","bundle_add_to_cart_form_location":"","bundle_editable_in_cart":false,"bundle_sold_individually_context":"","bundle_item_grouping":"","bundle_min_size":"","bundle_max_size":"","bundle_price":[],"bundled_items":[],"bundle_sell_ids":[],"acf":[],"yoast_head":"<!-- This site is optimized with the Yoast SEO Premium plugin v20.10 (Yoast SEO v27.5) - https:\/\/yoast.com\/product\/yoast-seo-premium-wordpress\/ -->\n<title>Creme collagene visage anti \u00e2ge \u2022 Ostrealia cosm\u00e9tique fran\u00e7ais<\/title>\n<meta name=\"description\" content=\"D\u00e9couvrez la creme collagene, un v\u00e9ritable anti-age secret de lagune qui offre une sensation tenseur. La peau est hydrat\u00e9e et comme r\u00e9g\u00e9n\u00e9r\u00e9e .\" \/>\n<meta name=\"robots\" content=\"index, follow, max-snippet:-1, max-image-preview:large, max-video-preview:-1\" \/>\n<link rel=\"canonical\" href=\"https:\/\/www.ostrealia.fr\/en\/produit\/creme-collagene-visage-anti-age-collagene-acide-hyaluronique-secret-de-lagune\/\" \/>\n<meta property=\"og:locale\" content=\"en_US\" \/>\n<meta property=\"og:type\" content=\"article\" \/>\n<meta property=\"og:title\" content=\"CREME AU COLLAGENE SECRET DE LAGUNE\" \/>\n<meta property=\"og:description\" content=\"D\u00e9couvrez la creme collagene, un v\u00e9ritable anti-age secret de lagune qui offre une sensation tenseur. La peau est hydrat\u00e9e et comme r\u00e9g\u00e9n\u00e9r\u00e9e .\" \/>\n<meta property=\"og:url\" content=\"https:\/\/www.ostrealia.fr\/en\/produit\/creme-collagene-visage-anti-age-collagene-acide-hyaluronique-secret-de-lagune\/\" \/>\n<meta property=\"og:site_name\" content=\"Ostrealia cosm\u00e9tiques marins \u00e0 base de nacre made in France et 100% naturels\" \/>\n<meta property=\"article:modified_time\" content=\"2025-10-17T12:57:25+00:00\" \/>\n<meta property=\"og:image\" content=\"https:\/\/www.ostrealia.fr\/wp-content\/uploads\/creme-secret-de-lagune-ostrealia-skin-cair-cosmetiques-marins.png\" \/>\n\t<meta property=\"og:image:width\" content=\"1080\" \/>\n\t<meta property=\"og:image:height\" content=\"1080\" \/>\n\t<meta property=\"og:image:type\" content=\"image\/png\" \/>\n<meta name=\"twitter:card\" content=\"summary_large_image\" \/>\n<meta name=\"twitter:label1\" content=\"Price\" \/>\n\t<meta name=\"twitter:data1\" content=\"69,00&euro;\" \/>\n\t<meta name=\"twitter:label2\" content=\"Availability\" \/>\n\t<meta name=\"twitter:data2\" content=\"In stock\" \/>\n<script type=\"application\/ld+json\" class=\"yoast-schema-graph\">{\"@context\":\"https:\\\/\\\/schema.org\",\"@graph\":[{\"@type\":\"WebPage\",\"@id\":\"https:\\\/\\\/www.ostrealia.fr\\\/en\\\/produit\\\/creme-collagene-visage-anti-age-collagene-acide-hyaluronique-secret-de-lagune\\\/\",\"url\":\"https:\\\/\\\/www.ostrealia.fr\\\/en\\\/produit\\\/creme-collagene-visage-anti-age-collagene-acide-hyaluronique-secret-de-lagune\\\/\",\"name\":\"Creme collagene visage anti \u00e2ge \u2022 Ostrealia cosm\u00e9tique fran\u00e7ais\",\"isPartOf\":{\"@id\":\"https:\\\/\\\/www.ostrealia.fr\\\/en\\\/#website\"},\"primaryImageOfPage\":{\"@id\":\"https:\\\/\\\/www.ostrealia.fr\\\/en\\\/produit\\\/creme-collagene-visage-anti-age-collagene-acide-hyaluronique-secret-de-lagune\\\/#primaryimage\"},\"image\":{\"@id\":\"https:\\\/\\\/www.ostrealia.fr\\\/en\\\/produit\\\/creme-collagene-visage-anti-age-collagene-acide-hyaluronique-secret-de-lagune\\\/#primaryimage\"},\"thumbnailUrl\":\"https:\\\/\\\/www.ostrealia.fr\\\/wp-content\\\/uploads\\\/creme-secret-de-lagune-ostrealia-skin-cair-cosmetiques-marins.png\",\"datePublished\":\"2018-10-10T08:13:41+00:00\",\"dateModified\":\"2025-10-17T12:57:25+00:00\",\"description\":\"D\u00e9couvrez la creme collagene, un v\u00e9ritable anti-age secret de lagune qui offre une sensation tenseur. La peau est hydrat\u00e9e et comme r\u00e9g\u00e9n\u00e9r\u00e9e .\",\"breadcrumb\":{\"@id\":\"https:\\\/\\\/www.ostrealia.fr\\\/en\\\/produit\\\/creme-collagene-visage-anti-age-collagene-acide-hyaluronique-secret-de-lagune\\\/#breadcrumb\"},\"inLanguage\":\"en-US\",\"potentialAction\":[{\"@type\":\"ReadAction\",\"target\":[\"https:\\\/\\\/www.ostrealia.fr\\\/en\\\/produit\\\/creme-collagene-visage-anti-age-collagene-acide-hyaluronique-secret-de-lagune\\\/\"]}]},{\"@type\":\"ImageObject\",\"inLanguage\":\"en-US\",\"@id\":\"https:\\\/\\\/www.ostrealia.fr\\\/en\\\/produit\\\/creme-collagene-visage-anti-age-collagene-acide-hyaluronique-secret-de-lagune\\\/#primaryimage\",\"url\":\"https:\\\/\\\/www.ostrealia.fr\\\/wp-content\\\/uploads\\\/creme-secret-de-lagune-ostrealia-skin-cair-cosmetiques-marins.png\",\"contentUrl\":\"https:\\\/\\\/www.ostrealia.fr\\\/wp-content\\\/uploads\\\/creme-secret-de-lagune-ostrealia-skin-cair-cosmetiques-marins.png\",\"width\":1080,\"height\":1080,\"caption\":\"pr\u00e9sentation de le cr\u00e8me hydratante \u00e0 l'extrait de nacre et acide hyaluronique Ostrealia Secret de lagune\"},{\"@type\":\"BreadcrumbList\",\"@id\":\"https:\\\/\\\/www.ostrealia.fr\\\/en\\\/produit\\\/creme-collagene-visage-anti-age-collagene-acide-hyaluronique-secret-de-lagune\\\/#breadcrumb\",\"itemListElement\":[{\"@type\":\"ListItem\",\"position\":1,\"name\":\"Home\",\"item\":\"https:\\\/\\\/www.ostrealia.fr\\\/en\\\/home-ostrealia-marine-cosmetics\\\/\"},{\"@type\":\"ListItem\",\"position\":2,\"name\":\"Products\",\"item\":\"https:\\\/\\\/www.ostrealia.fr\\\/en\\\/boutique\\\/\"},{\"@type\":\"ListItem\",\"position\":3,\"name\":\"CREME AU COLLAGENE SECRET DE LAGUNE\"}]},{\"@type\":\"WebSite\",\"@id\":\"https:\\\/\\\/www.ostrealia.fr\\\/en\\\/#website\",\"url\":\"https:\\\/\\\/www.ostrealia.fr\\\/en\\\/\",\"name\":\"Ostrealia cosm\u00e9tiques marins \u00e0 base de nacre made in France et 100% naturels\",\"description\":\"La vie vient de la mer\",\"potentialAction\":[{\"@type\":\"SearchAction\",\"target\":{\"@type\":\"EntryPoint\",\"urlTemplate\":\"https:\\\/\\\/www.ostrealia.fr\\\/en\\\/?s={search_term_string}\"},\"query-input\":{\"@type\":\"PropertyValueSpecification\",\"valueRequired\":true,\"valueName\":\"search_term_string\"}}],\"inLanguage\":\"en-US\"}]}<\/script>\n<meta property=\"product:price:amount\" content=\"69.00\" \/>\n<meta property=\"product:price:currency\" content=\"EUR\" \/>\n<meta property=\"og:availability\" content=\"instock\" \/>\n<meta property=\"product:availability\" content=\"instock\" \/>\n<meta property=\"product:retailer_item_id\" content=\"SECVEN\" \/>\n<meta property=\"product:condition\" content=\"new\" \/>\n<!-- \/ Yoast SEO Premium plugin. -->","yoast_head_json":{"title":"Creme collagene visage anti \u00e2ge \u2022 Ostrealia cosm\u00e9tique fran\u00e7ais","description":"D\u00e9couvrez la creme collagene, un v\u00e9ritable anti-age secret de lagune qui offre une sensation tenseur. La peau est hydrat\u00e9e et comme r\u00e9g\u00e9n\u00e9r\u00e9e .","robots":{"index":"index","follow":"follow","max-snippet":"max-snippet:-1","max-image-preview":"max-image-preview:large","max-video-preview":"max-video-preview:-1"},"canonical":"https:\/\/www.ostrealia.fr\/en\/produit\/creme-collagene-visage-anti-age-collagene-acide-hyaluronique-secret-de-lagune\/","og_locale":"en_US","og_type":"article","og_title":"CREME AU COLLAGENE SECRET DE LAGUNE","og_description":"D\u00e9couvrez la creme collagene, un v\u00e9ritable anti-age secret de lagune qui offre une sensation tenseur. La peau est hydrat\u00e9e et comme r\u00e9g\u00e9n\u00e9r\u00e9e .","og_url":"https:\/\/www.ostrealia.fr\/en\/produit\/creme-collagene-visage-anti-age-collagene-acide-hyaluronique-secret-de-lagune\/","og_site_name":"Ostrealia cosm\u00e9tiques marins \u00e0 base de nacre made in France et 100% naturels","article_modified_time":"2025-10-17T12:57:25+00:00","og_image":[{"width":1080,"height":1080,"url":"https:\/\/www.ostrealia.fr\/wp-content\/uploads\/creme-secret-de-lagune-ostrealia-skin-cair-cosmetiques-marins.png","type":"image\/png"}],"twitter_card":"summary_large_image","twitter_misc":{"Price":"69,00&euro;","Availability":"In stock"},"schema":{"@context":"https:\/\/schema.org","@graph":[{"@type":"WebPage","@id":"https:\/\/www.ostrealia.fr\/en\/produit\/creme-collagene-visage-anti-age-collagene-acide-hyaluronique-secret-de-lagune\/","url":"https:\/\/www.ostrealia.fr\/en\/produit\/creme-collagene-visage-anti-age-collagene-acide-hyaluronique-secret-de-lagune\/","name":"Creme collagene visage anti \u00e2ge \u2022 Ostrealia cosm\u00e9tique fran\u00e7ais","isPartOf":{"@id":"https:\/\/www.ostrealia.fr\/en\/#website"},"primaryImageOfPage":{"@id":"https:\/\/www.ostrealia.fr\/en\/produit\/creme-collagene-visage-anti-age-collagene-acide-hyaluronique-secret-de-lagune\/#primaryimage"},"image":{"@id":"https:\/\/www.ostrealia.fr\/en\/produit\/creme-collagene-visage-anti-age-collagene-acide-hyaluronique-secret-de-lagune\/#primaryimage"},"thumbnailUrl":"https:\/\/www.ostrealia.fr\/wp-content\/uploads\/creme-secret-de-lagune-ostrealia-skin-cair-cosmetiques-marins.png","datePublished":"2018-10-10T08:13:41+00:00","dateModified":"2025-10-17T12:57:25+00:00","description":"D\u00e9couvrez la creme collagene, un v\u00e9ritable anti-age secret de lagune qui offre une sensation tenseur. La peau est hydrat\u00e9e et comme r\u00e9g\u00e9n\u00e9r\u00e9e .","breadcrumb":{"@id":"https:\/\/www.ostrealia.fr\/en\/produit\/creme-collagene-visage-anti-age-collagene-acide-hyaluronique-secret-de-lagune\/#breadcrumb"},"inLanguage":"en-US","potentialAction":[{"@type":"ReadAction","target":["https:\/\/www.ostrealia.fr\/en\/produit\/creme-collagene-visage-anti-age-collagene-acide-hyaluronique-secret-de-lagune\/"]}]},{"@type":"ImageObject","inLanguage":"en-US","@id":"https:\/\/www.ostrealia.fr\/en\/produit\/creme-collagene-visage-anti-age-collagene-acide-hyaluronique-secret-de-lagune\/#primaryimage","url":"https:\/\/www.ostrealia.fr\/wp-content\/uploads\/creme-secret-de-lagune-ostrealia-skin-cair-cosmetiques-marins.png","contentUrl":"https:\/\/www.ostrealia.fr\/wp-content\/uploads\/creme-secret-de-lagune-ostrealia-skin-cair-cosmetiques-marins.png","width":1080,"height":1080,"caption":"pr\u00e9sentation de le cr\u00e8me hydratante \u00e0 l'extrait de nacre et acide hyaluronique Ostrealia Secret de lagune"},{"@type":"BreadcrumbList","@id":"https:\/\/www.ostrealia.fr\/en\/produit\/creme-collagene-visage-anti-age-collagene-acide-hyaluronique-secret-de-lagune\/#breadcrumb","itemListElement":[{"@type":"ListItem","position":1,"name":"Home","item":"https:\/\/www.ostrealia.fr\/en\/home-ostrealia-marine-cosmetics\/"},{"@type":"ListItem","position":2,"name":"Products","item":"https:\/\/www.ostrealia.fr\/en\/boutique\/"},{"@type":"ListItem","position":3,"name":"CREME AU COLLAGENE SECRET DE LAGUNE"}]},{"@type":"WebSite","@id":"https:\/\/www.ostrealia.fr\/en\/#website","url":"https:\/\/www.ostrealia.fr\/en\/","name":"Ostrealia cosm\u00e9tiques marins \u00e0 base de nacre made in France et 100% naturels","description":"La vie vient de la mer","potentialAction":[{"@type":"SearchAction","target":{"@type":"EntryPoint","urlTemplate":"https:\/\/www.ostrealia.fr\/en\/?s={search_term_string}"},"query-input":{"@type":"PropertyValueSpecification","valueRequired":true,"valueName":"search_term_string"}}],"inLanguage":"en-US"}]},"product_price_amount":"69.00","product_price_currency":"EUR","og_availability":"instock","product_availability":"instock","product_retailer_item_id":"SECVEN","product_condition":"new"},"_links":{"self":[{"href":"https:\/\/www.ostrealia.fr\/en\/wp-json\/wp\/v2\/product\/8530","targetHints":{"allow":["GET"]}}],"collection":[{"href":"https:\/\/www.ostrealia.fr\/en\/wp-json\/wp\/v2\/product"}],"about":[{"href":"https:\/\/www.ostrealia.fr\/en\/wp-json\/wp\/v2\/types\/product"}],"replies":[{"embeddable":true,"href":"https:\/\/www.ostrealia.fr\/en\/wp-json\/wp\/v2\/comments?post=8530"}],"version-history":[{"count":0,"href":"https:\/\/www.ostrealia.fr\/en\/wp-json\/wp\/v2\/product\/8530\/revisions"}],"wp:featuredmedia":[{"embeddable":true,"href":"https:\/\/www.ostrealia.fr\/en\/wp-json\/wp\/v2\/media\/21645"}],"wp:attachment":[{"href":"https:\/\/www.ostrealia.fr\/en\/wp-json\/wp\/v2\/media?parent=8530"}],"wp:term":[{"taxonomy":"product_brand","embeddable":true,"href":"https:\/\/www.ostrealia.fr\/en\/wp-json\/wp\/v2\/product_brand?post=8530"},{"taxonomy":"product_cat","embeddable":true,"href":"https:\/\/www.ostrealia.fr\/en\/wp-json\/wp\/v2\/product_cat?post=8530"},{"taxonomy":"product_tag","embeddable":true,"href":"https:\/\/www.ostrealia.fr\/en\/wp-json\/wp\/v2\/product_tag?post=8530"}],"curies":[{"name":"wp","href":"https:\/\/api.w.org\/{rel}","templated":true}]}}