{"id":8577,"date":"2018-10-10T10:49:10","date_gmt":"2018-10-10T08:49:10","guid":{"rendered":"https:\/\/www.boutique-ostrealia.fr\/\/?post_type=product&#038;p=8577"},"modified":"2022-01-21T16:20:00","modified_gmt":"2022-01-21T15:20:00","slug":"energie-mer","status":"publish","type":"product","link":"https:\/\/www.ostrealia.fr\/en\/produit\/energie-mer\/","title":{"rendered":"ENERGIE MER"},"content":{"rendered":"\n<section id=\"gm1874a64\" class=\"wp-block-gutentor-m4 section-gm1874a64 gutentor-module gutentor-advanced-columns has-image-bg has-custom-bg g-valign-c-mobile g-valign-c-tablet g-valign-c-desktop has-gutentor-block-shape-top has-gutentor-block-shape-bottom gutentor-equal-column-height\"><div class=\"gutentor-block-shape-top\"><span><svg xmlns=\"http:\/\/www.w3.org\/2000\/svg\" viewBox=\"0 0 1920 435\" preserveAspectRatio=\"none\"><path class=\"path1\" d=\"M1920,435.1H0V49c32.8,32,92.7,82.1,180,108.3C486.8,249.6,554.4-28.5,918,9.1C1152.9,33.4,1328.5,180,1602,176 c137.7-2,248.9-43,318-75C1920,229.7,1920,306.4,1920,435.1z\" style=\"fill-rule:evenodd;opacity:0.33; transform: rotate(180deg); transform-origin:50% 50%;\" ><\/path><path class=\"path2\" d=\"M1920,288.1c-228,42-357.8,100.5-489,54c-254.1-90-325.1-324.6-603-315C619.8,34.3,532.8,150,280.5,228.8    c-136.7,42.7-178-42.7-280.5-48.6v255h1920V288.1z\" style=\"fill-rule:evenodd;opacity:0.66; transform: rotate(180deg); transform-origin:50% 50%;\"><\/path><path class=\"path3\" d=\"M1920,435.1H0v-215c81,5,135,77,243,41c199.3-66.4,294.5-143.1,405-162c315-54,384.2,131.1,585,207 c165,62.4,385,129,687-120C1920,236.1,1920,385.1,1920,435.1z\" style=\"fill-rule:evenodd; transform: rotate(180deg); transform-origin:50% 50%;\"><\/path><\/svg><\/span><\/div><div class=\"grid-container\"><div class=\"grid-row\">\n<div id=\"col-gmae8a36\" class=\"wp-block-gutentor-m4-col col-gmae8a36 gutentor-single-column  grid-lg-6 grid-md-12 grid-12\"><div id=\"section-gmae8a36\" class=\"section-gmae8a36 gutentor-col-wrap has-color-bg has-custom-bg\">\n<div class=\"wp-block-uagb-advanced-heading uagb-block-77107af7\"><h2 class=\"uagb-heading-text\">BOOST \u00c9NERGIE<\/h2><div class=\"uagb-separator-wrap\"><div class=\"uagb-separator\"><\/div><\/div><p class=\"uagb-desc-text\"><\/p><\/div>\n\n\n\n<p class=\"has-ast-global-color-5-color has-text-color has-normal-font-size\">\u00c9nergie mer est fortement dos\u00e9 en phycocyanine, pigment bleu naturel extrait de l\u2019algue spiruline, aux propri\u00e9t\u00e9s&nbsp;vitalisantes&nbsp;et&nbsp;immuno-stimulantes. &nbsp; <\/p>\n\n\n\n<p class=\"has-ast-global-color-5-color has-text-color has-normal-font-size\">Consid\u00e9r\u00e9 comme un dopant naturel, il am\u00e9liore l\u2019exercice physique et la r\u00e9cup\u00e9ration apr\u00e8s effort.&nbsp; Super aliment parfaitement recommand\u00e9 aux v\u00e9g\u00e9tariens, an\u00e9mi\u00e9s et sportifs.<\/p>\n\n\n\n<p class=\"has-ast-global-color-5-color has-text-color has-normal-font-size\"> Il stimule le syst\u00e8me immunitaire, soutient le foie dans la d\u00e9toxication de produits chimiques et m\u00e9taux lourds.<\/p>\n<\/div><\/div>\n\n\n\n<div id=\"col-gm3fc47d\" class=\"wp-block-gutentor-m4-col col-gm3fc47d gutentor-single-column  grid-lg-6 grid-md-12 grid-12\"><div id=\"section-gm3fc47d\" class=\"section-gm3fc47d gutentor-col-wrap\"><\/div><\/div>\n<\/div><\/div><div class=\"gutentor-block-shape-bottom\"><span><svg xmlns=\"http:\/\/www.w3.org\/2000\/svg\" viewBox=\"0 0 1920 435\" preserveAspectRatio=\"none\"><path class=\"path1\" d=\"M1920,435.1H0V49c32.8,32,92.7,82.1,180,108.3C486.8,249.6,554.4-28.5,918,9.1C1152.9,33.4,1328.5,180,1602,176 c137.7-2,248.9-43,318-75C1920,229.7,1920,306.4,1920,435.1z\" style=\"fill-rule:evenodd;opacity:0.33; transform: rotate(180deg); transform-origin:50% 50%;\" ><\/path><path class=\"path2\" d=\"M1920,288.1c-228,42-357.8,100.5-489,54c-254.1-90-325.1-324.6-603-315C619.8,34.3,532.8,150,280.5,228.8    c-136.7,42.7-178-42.7-280.5-48.6v255h1920V288.1z\" style=\"fill-rule:evenodd;opacity:0.66; transform: rotate(180deg); transform-origin:50% 50%;\"><\/path><path class=\"path3\" d=\"M1920,435.1H0v-215c81,5,135,77,243,41c199.3-66.4,294.5-143.1,405-162c315-54,384.2,131.1,585,207 c165,62.4,385,129,687-120C1920,236.1,1920,385.1,1920,435.1z\" style=\"fill-rule:evenodd; transform: rotate(180deg); transform-origin:50% 50%;\"><\/path><\/svg><\/span><\/div><\/section>\n","protected":false},"excerpt":{"rendered":"<p><a href=\"https:\/\/www.ostrealia.fr\/produit\/energie-mer\/\">booster votre \u00e9nerigie avec ENERGIE MER<\/a> \u00e0 la phycocyanine, le pigment bleu naturel extrait de l\u2019algue spiruline &#8211; cure de 10 jours<\/p>\n","protected":false},"featured_media":17000,"comment_status":"open","ping_status":"closed","template":"","meta":{"_acf_changed":false,"_monsterinsights_skip_tracking":false,"_monsterinsights_sitenote_active":false,"_monsterinsights_sitenote_note":"","_monsterinsights_sitenote_category":0},"product_brand":[],"product_cat":[84],"product_tag":[],"class_list":{"0":"post-8577","1":"product","2":"type-product","3":"status-publish","4":"has-post-thumbnail","6":"product_cat-complements-alimentaire","8":"first","9":"outofstock","10":"taxable","11":"shipping-taxable","12":"purchasable","13":"product-type-simple"},"composite_virtual":false,"composite_layout":"","composite_add_to_cart_form_location":"","composite_editable_in_cart":false,"composite_sold_individually_context":"","composite_shop_price_calc":"","composite_components":[],"composite_scenarios":[],"bundled_by":[],"bundle_stock_status":"outofstock","bundle_stock_quantity":null,"bundle_virtual":false,"bundle_layout":"","bundle_add_to_cart_form_location":"","bundle_editable_in_cart":false,"bundle_sold_individually_context":"","bundle_item_grouping":"","bundle_min_size":"","bundle_max_size":"","bundle_price":[],"bundled_items":[],"bundle_sell_ids":[],"acf":[],"yoast_head":"<!-- This site is optimized with the Yoast SEO Premium plugin v20.10 (Yoast SEO v27.5) - https:\/\/yoast.com\/product\/yoast-seo-premium-wordpress\/ -->\n<title>ENERGIE MER - Ostrealia cosm\u00e9tiques marins \u00e0 base de nacre made in France et 100% naturels<\/title>\n<meta name=\"robots\" content=\"index, follow, max-snippet:-1, max-image-preview:large, max-video-preview:-1\" \/>\n<link rel=\"canonical\" href=\"https:\/\/www.ostrealia.fr\/en\/produit\/energie-mer\/\" \/>\n<meta property=\"og:locale\" content=\"en_US\" \/>\n<meta property=\"og:type\" content=\"article\" \/>\n<meta property=\"og:title\" content=\"ENERGIE MER\" \/>\n<meta property=\"og:description\" content=\"booster votre \u00e9nerigie avec ENERGIE MER \u00e0 la phycocyanine, le pigment bleu naturel extrait de l\u2019algue spiruline - cure de 10 jours\" \/>\n<meta property=\"og:url\" content=\"https:\/\/www.ostrealia.fr\/en\/produit\/energie-mer\/\" \/>\n<meta property=\"og:site_name\" content=\"Ostrealia cosm\u00e9tiques marins \u00e0 base de nacre made in France et 100% naturels\" \/>\n<meta property=\"article:modified_time\" content=\"2022-01-21T15:20:00+00:00\" \/>\n<meta property=\"og:image\" content=\"https:\/\/www.ostrealia.fr\/wp-content\/uploads\/energie-mer-homme-eau-ostrealia.webp\" \/>\n\t<meta property=\"og:image:width\" content=\"1290\" \/>\n\t<meta property=\"og:image:height\" content=\"1289\" \/>\n\t<meta property=\"og:image:type\" content=\"image\/jpeg\" \/>\n<meta name=\"twitter:card\" content=\"summary_large_image\" \/>\n<meta name=\"twitter:label1\" content=\"Price\" \/>\n\t<meta name=\"twitter:data1\" content=\"29,00&euro;\" \/>\n\t<meta name=\"twitter:label2\" content=\"Availability\" \/>\n\t<meta name=\"twitter:data2\" content=\"Out of stock\" \/>\n<script type=\"application\/ld+json\" class=\"yoast-schema-graph\">{\"@context\":\"https:\\\/\\\/schema.org\",\"@graph\":[{\"@type\":\"WebPage\",\"@id\":\"https:\\\/\\\/www.ostrealia.fr\\\/en\\\/produit\\\/energie-mer\\\/\",\"url\":\"https:\\\/\\\/www.ostrealia.fr\\\/en\\\/produit\\\/energie-mer\\\/\",\"name\":\"ENERGIE MER - Ostrealia cosm\u00e9tiques marins \u00e0 base de nacre made in France et 100% naturels\",\"isPartOf\":{\"@id\":\"https:\\\/\\\/www.ostrealia.fr\\\/en\\\/#website\"},\"primaryImageOfPage\":{\"@id\":\"https:\\\/\\\/www.ostrealia.fr\\\/en\\\/produit\\\/energie-mer\\\/#primaryimage\"},\"image\":{\"@id\":\"https:\\\/\\\/www.ostrealia.fr\\\/en\\\/produit\\\/energie-mer\\\/#primaryimage\"},\"thumbnailUrl\":\"https:\\\/\\\/www.ostrealia.fr\\\/wp-content\\\/uploads\\\/energie-mer-homme-eau-ostrealia.webp\",\"datePublished\":\"2018-10-10T08:49:10+00:00\",\"dateModified\":\"2022-01-21T15:20:00+00:00\",\"breadcrumb\":{\"@id\":\"https:\\\/\\\/www.ostrealia.fr\\\/en\\\/produit\\\/energie-mer\\\/#breadcrumb\"},\"inLanguage\":\"en-US\",\"potentialAction\":[{\"@type\":\"ReadAction\",\"target\":[\"https:\\\/\\\/www.ostrealia.fr\\\/en\\\/produit\\\/energie-mer\\\/\"]}]},{\"@type\":\"ImageObject\",\"inLanguage\":\"en-US\",\"@id\":\"https:\\\/\\\/www.ostrealia.fr\\\/en\\\/produit\\\/energie-mer\\\/#primaryimage\",\"url\":\"https:\\\/\\\/www.ostrealia.fr\\\/wp-content\\\/uploads\\\/energie-mer-homme-eau-ostrealia.webp\",\"contentUrl\":\"https:\\\/\\\/www.ostrealia.fr\\\/wp-content\\\/uploads\\\/energie-mer-homme-eau-ostrealia.webp\",\"width\":1290,\"height\":1289},{\"@type\":\"BreadcrumbList\",\"@id\":\"https:\\\/\\\/www.ostrealia.fr\\\/en\\\/produit\\\/energie-mer\\\/#breadcrumb\",\"itemListElement\":[{\"@type\":\"ListItem\",\"position\":1,\"name\":\"Home\",\"item\":\"https:\\\/\\\/www.ostrealia.fr\\\/en\\\/home-ostrealia-marine-cosmetics\\\/\"},{\"@type\":\"ListItem\",\"position\":2,\"name\":\"Products\",\"item\":\"https:\\\/\\\/www.ostrealia.fr\\\/en\\\/boutique\\\/\"},{\"@type\":\"ListItem\",\"position\":3,\"name\":\"ENERGIE MER\"}]},{\"@type\":\"WebSite\",\"@id\":\"https:\\\/\\\/www.ostrealia.fr\\\/en\\\/#website\",\"url\":\"https:\\\/\\\/www.ostrealia.fr\\\/en\\\/\",\"name\":\"Ostrealia cosm\u00e9tiques marins \u00e0 base de nacre made in France et 100% naturels\",\"description\":\"La vie vient de la mer\",\"potentialAction\":[{\"@type\":\"SearchAction\",\"target\":{\"@type\":\"EntryPoint\",\"urlTemplate\":\"https:\\\/\\\/www.ostrealia.fr\\\/en\\\/?s={search_term_string}\"},\"query-input\":{\"@type\":\"PropertyValueSpecification\",\"valueRequired\":true,\"valueName\":\"search_term_string\"}}],\"inLanguage\":\"en-US\"}]}<\/script>\n<meta property=\"product:price:amount\" content=\"29.00\" \/>\n<meta property=\"product:price:currency\" content=\"EUR\" \/>\n<meta property=\"og:availability\" content=\"out of stock\" \/>\n<meta property=\"product:availability\" content=\"out of stock\" \/>\n<meta property=\"product:retailer_item_id\" content=\"ENERGIE MER\" \/>\n<meta property=\"product:condition\" content=\"new\" \/>\n<!-- \/ Yoast SEO Premium plugin. -->","yoast_head_json":{"title":"ENERGIE MER - Ostrealia cosm\u00e9tiques marins \u00e0 base de nacre made in France et 100% naturels","robots":{"index":"index","follow":"follow","max-snippet":"max-snippet:-1","max-image-preview":"max-image-preview:large","max-video-preview":"max-video-preview:-1"},"canonical":"https:\/\/www.ostrealia.fr\/en\/produit\/energie-mer\/","og_locale":"en_US","og_type":"article","og_title":"ENERGIE MER","og_description":"booster votre \u00e9nerigie avec ENERGIE MER \u00e0 la phycocyanine, le pigment bleu naturel extrait de l\u2019algue spiruline - cure de 10 jours","og_url":"https:\/\/www.ostrealia.fr\/en\/produit\/energie-mer\/","og_site_name":"Ostrealia cosm\u00e9tiques marins \u00e0 base de nacre made in France et 100% naturels","article_modified_time":"2022-01-21T15:20:00+00:00","og_image":[{"width":1290,"height":1289,"url":"https:\/\/www.ostrealia.fr\/wp-content\/uploads\/energie-mer-homme-eau-ostrealia.webp","type":"image\/jpeg"}],"twitter_card":"summary_large_image","twitter_misc":{"Price":"29,00&euro;","Availability":"Out of stock"},"schema":{"@context":"https:\/\/schema.org","@graph":[{"@type":"WebPage","@id":"https:\/\/www.ostrealia.fr\/en\/produit\/energie-mer\/","url":"https:\/\/www.ostrealia.fr\/en\/produit\/energie-mer\/","name":"ENERGIE MER - Ostrealia cosm\u00e9tiques marins \u00e0 base de nacre made in France et 100% naturels","isPartOf":{"@id":"https:\/\/www.ostrealia.fr\/en\/#website"},"primaryImageOfPage":{"@id":"https:\/\/www.ostrealia.fr\/en\/produit\/energie-mer\/#primaryimage"},"image":{"@id":"https:\/\/www.ostrealia.fr\/en\/produit\/energie-mer\/#primaryimage"},"thumbnailUrl":"https:\/\/www.ostrealia.fr\/wp-content\/uploads\/energie-mer-homme-eau-ostrealia.webp","datePublished":"2018-10-10T08:49:10+00:00","dateModified":"2022-01-21T15:20:00+00:00","breadcrumb":{"@id":"https:\/\/www.ostrealia.fr\/en\/produit\/energie-mer\/#breadcrumb"},"inLanguage":"en-US","potentialAction":[{"@type":"ReadAction","target":["https:\/\/www.ostrealia.fr\/en\/produit\/energie-mer\/"]}]},{"@type":"ImageObject","inLanguage":"en-US","@id":"https:\/\/www.ostrealia.fr\/en\/produit\/energie-mer\/#primaryimage","url":"https:\/\/www.ostrealia.fr\/wp-content\/uploads\/energie-mer-homme-eau-ostrealia.webp","contentUrl":"https:\/\/www.ostrealia.fr\/wp-content\/uploads\/energie-mer-homme-eau-ostrealia.webp","width":1290,"height":1289},{"@type":"BreadcrumbList","@id":"https:\/\/www.ostrealia.fr\/en\/produit\/energie-mer\/#breadcrumb","itemListElement":[{"@type":"ListItem","position":1,"name":"Home","item":"https:\/\/www.ostrealia.fr\/en\/home-ostrealia-marine-cosmetics\/"},{"@type":"ListItem","position":2,"name":"Products","item":"https:\/\/www.ostrealia.fr\/en\/boutique\/"},{"@type":"ListItem","position":3,"name":"ENERGIE MER"}]},{"@type":"WebSite","@id":"https:\/\/www.ostrealia.fr\/en\/#website","url":"https:\/\/www.ostrealia.fr\/en\/","name":"Ostrealia cosm\u00e9tiques marins \u00e0 base de nacre made in France et 100% naturels","description":"La vie vient de la mer","potentialAction":[{"@type":"SearchAction","target":{"@type":"EntryPoint","urlTemplate":"https:\/\/www.ostrealia.fr\/en\/?s={search_term_string}"},"query-input":{"@type":"PropertyValueSpecification","valueRequired":true,"valueName":"search_term_string"}}],"inLanguage":"en-US"}]},"product_price_amount":"29.00","product_price_currency":"EUR","og_availability":"out of stock","product_availability":"out of stock","product_retailer_item_id":"ENERGIE MER","product_condition":"new"},"_links":{"self":[{"href":"https:\/\/www.ostrealia.fr\/en\/wp-json\/wp\/v2\/product\/8577","targetHints":{"allow":["GET"]}}],"collection":[{"href":"https:\/\/www.ostrealia.fr\/en\/wp-json\/wp\/v2\/product"}],"about":[{"href":"https:\/\/www.ostrealia.fr\/en\/wp-json\/wp\/v2\/types\/product"}],"replies":[{"embeddable":true,"href":"https:\/\/www.ostrealia.fr\/en\/wp-json\/wp\/v2\/comments?post=8577"}],"version-history":[{"count":0,"href":"https:\/\/www.ostrealia.fr\/en\/wp-json\/wp\/v2\/product\/8577\/revisions"}],"wp:featuredmedia":[{"embeddable":true,"href":"https:\/\/www.ostrealia.fr\/en\/wp-json\/wp\/v2\/media\/17000"}],"wp:attachment":[{"href":"https:\/\/www.ostrealia.fr\/en\/wp-json\/wp\/v2\/media?parent=8577"}],"wp:term":[{"taxonomy":"product_brand","embeddable":true,"href":"https:\/\/www.ostrealia.fr\/en\/wp-json\/wp\/v2\/product_brand?post=8577"},{"taxonomy":"product_cat","embeddable":true,"href":"https:\/\/www.ostrealia.fr\/en\/wp-json\/wp\/v2\/product_cat?post=8577"},{"taxonomy":"product_tag","embeddable":true,"href":"https:\/\/www.ostrealia.fr\/en\/wp-json\/wp\/v2\/product_tag?post=8577"}],"curies":[{"name":"wp","href":"https:\/\/api.w.org\/{rel}","templated":true}]}}